{"id":987,"date":"2018-04-06T15:49:01","date_gmt":"2018-04-06T12:49:01","guid":{"rendered":"http:\/\/www.lotky.fi\/kauppa\/?post_type=product&#038;p=987"},"modified":"2025-03-24T10:55:07","modified_gmt":"2025-03-24T08:55:07","slug":"castrol-edge-supercar-10w-60-208-l","status":"publish","type":"product","link":"https:\/\/www.lotky.fi\/kauppa\/tuote\/castrol-edge-supercar-10w-60-208-l\/","title":{"rendered":"Castrol Edge Supercar 10W-60, 208 L"},"content":{"rendered":"<p>Castrol Edge Supercar 10W-60 soveltuu autojen bensiini- ja dieselmoottoreihin, joihin valmistaja suosittelee ACEA A3\/B3, A3\/B4, API SN\/CF tai aikaisempien luokituksien 10W-60 viskositeetin voiteluainetta. Castrol Edge Supercar 10W-60 muodostaa eritt\u00e4in lujan voiteluainekalvon, joka sallii kuljettajan vaatia \u00e4\u00e4rimm\u00e4ist\u00e4 suorituskyky\u00e4 urheilu- ja kilpa-autoilta sek\u00e4 uusimman teknologian tehokkailta moottoreilta, jotka ty\u00f6skentelev\u00e4t suurien paineiden alaisina ja edellytt\u00e4v\u00e4t \u00f6ljylt\u00e4 eritt\u00e4in hyv\u00e4\u00e4 vahvuutta ja suorituskyky\u00e4. <strong>Entinen nimi Edge Titanium FST 10w-60.<\/strong> <strong>Tehdastilaustuote, toimitusaika n. 2 viikkoa. Tehdastilaustuotteilla ei palautusoikeutta.<br \/>\n<\/strong><\/p>\n<p>Luokitukset:<\/p>\n<p>SAE 10W-60<br \/>\nACEA A3\/B3, A3\/B4<br \/>\nAPI SN\/CF<br \/>\nBMW Approved for BMW M-Models<br \/>\nVW 501 01 \/ 505 00<br \/>\nKoenigsegg Approved<br \/>\nAston Martin V8 Vantage S<br \/>\nAudi R8 V10 GT<br \/>\nBigatti Chiron<br \/>\nBugatti Veyron<br \/>\nFerrari F12 Berlinetta<br \/>\nFerrari FF<\/p>\n<p>&nbsp;<\/p>\n<p>&nbsp;<\/p>\n","protected":false},"excerpt":{"rendered":"<p>Castrol Edge Supercar 10W-60 soveltuu autojen bensiini- ja dieselmoottoreihin, joihin valmistaja suosittelee ACEA A3\/B3, A3\/B4, API SN\/CF tai aikaisempien luokituksien 10W-60 viskositeetin voiteluainetta. Castrol Edge Supercar 10W-60 muodostaa eritt\u00e4in lujan voiteluainekalvon, joka sallii kuljettajan vaatia \u00e4\u00e4rimm\u00e4ist\u00e4 suorituskyky\u00e4 urheilu- ja kilpa-autoilta sek\u00e4 uusimman teknologian tehokkailta moottoreilta, jotka ty\u00f6skentelev\u00e4t suurien paineiden alaisina ja edellytt\u00e4v\u00e4t \u00f6ljylt\u00e4 eritt\u00e4in hyv\u00e4\u00e4 [&hellip;]<\/p>\n","protected":false},"featured_media":699,"template":"","meta":[],"product_brand":[],"product_cat":[17],"product_tag":[66,68,67],"class_list":{"0":"post-987","1":"product","2":"type-product","3":"status-publish","4":"has-post-thumbnail","6":"product_cat-moottorioljyt-kevyt-kalusto","7":"product_tag-aston-martin","8":"product_tag-bugatti","9":"product_tag-ferrari","11":"first","12":"instock","13":"taxable","14":"shipping-taxable","15":"purchasable","16":"product-type-simple"},"_links":{"self":[{"href":"https:\/\/www.lotky.fi\/kauppa\/wp-json\/wp\/v2\/product\/987","targetHints":{"allow":["GET"]}}],"collection":[{"href":"https:\/\/www.lotky.fi\/kauppa\/wp-json\/wp\/v2\/product"}],"about":[{"href":"https:\/\/www.lotky.fi\/kauppa\/wp-json\/wp\/v2\/types\/product"}],"wp:featuredmedia":[{"embeddable":true,"href":"https:\/\/www.lotky.fi\/kauppa\/wp-json\/wp\/v2\/media\/699"}],"wp:attachment":[{"href":"https:\/\/www.lotky.fi\/kauppa\/wp-json\/wp\/v2\/media?parent=987"}],"wp:term":[{"taxonomy":"product_brand","embeddable":true,"href":"https:\/\/www.lotky.fi\/kauppa\/wp-json\/wp\/v2\/product_brand?post=987"},{"taxonomy":"product_cat","embeddable":true,"href":"https:\/\/www.lotky.fi\/kauppa\/wp-json\/wp\/v2\/product_cat?post=987"},{"taxonomy":"product_tag","embeddable":true,"href":"https:\/\/www.lotky.fi\/kauppa\/wp-json\/wp\/v2\/product_tag?post=987"}],"curies":[{"name":"wp","href":"https:\/\/api.w.org\/{rel}","templated":true}]}}