{"id":984,"date":"2018-04-06T15:27:31","date_gmt":"2018-04-06T12:27:31","guid":{"rendered":"http:\/\/www.lotky.fi\/kauppa\/?post_type=product&#038;p=984"},"modified":"2025-03-24T10:56:41","modified_gmt":"2025-03-24T08:56:41","slug":"castrol-edge-professional-c1-5w-30-208-l","status":"publish","type":"product","link":"https:\/\/www.lotky.fi\/kauppa\/tuote\/castrol-edge-professional-c1-5w-30-208-l\/","title":{"rendered":"Castrol Edge 0W-20 LL IV, 208 L"},"content":{"rendered":"<p>Castrol EDGE 0W-20 LL IV soveltuu k\u00e4ytett\u00e4v\u00e4ksi bensiini- ja dieselmoottoreissa, joissa valmistaja suosittelee ACEA C5 0W20 \u00f6ljy\u00e4. Se on hyv\u00e4ksytty k\u00e4ytett\u00e4v\u00e4ksi VAG-autoissa (Audi, Seat, Skoda, Volkswagen), joissa vaaditaan VW 508 00\/509 00 tai Porsche C20 \u00f6ljy\u00e4.<\/p>\n<p>Luokitukset:<\/p>\n<div class=\"article-texts\">\n<div>SAE 0W-20<\/div>\n<div>Porsche C20<\/div>\n<div>VW 508 00 \/ 509 00<br \/>\nACEA Light Duty C5<\/div>\n<\/div>\n","protected":false},"excerpt":{"rendered":"<p>Castrol EDGE 0W-20 LL IV soveltuu k\u00e4ytett\u00e4v\u00e4ksi bensiini- ja dieselmoottoreissa, joissa valmistaja suosittelee ACEA C5 0W20 \u00f6ljy\u00e4. Se on hyv\u00e4ksytty k\u00e4ytett\u00e4v\u00e4ksi VAG-autoissa (Audi, Seat, Skoda, Volkswagen), joissa vaaditaan VW 508 00\/509 00 tai Porsche C20 \u00f6ljy\u00e4.<\/p>\n","protected":false},"featured_media":699,"template":"","meta":[],"product_brand":[],"product_cat":[17],"product_tag":[],"class_list":{"0":"post-984","1":"product","2":"type-product","3":"status-publish","4":"has-post-thumbnail","6":"product_cat-moottorioljyt-kevyt-kalusto","8":"first","9":"instock","10":"taxable","11":"shipping-taxable","12":"purchasable","13":"product-type-simple"},"_links":{"self":[{"href":"https:\/\/www.lotky.fi\/kauppa\/wp-json\/wp\/v2\/product\/984","targetHints":{"allow":["GET"]}}],"collection":[{"href":"https:\/\/www.lotky.fi\/kauppa\/wp-json\/wp\/v2\/product"}],"about":[{"href":"https:\/\/www.lotky.fi\/kauppa\/wp-json\/wp\/v2\/types\/product"}],"wp:featuredmedia":[{"embeddable":true,"href":"https:\/\/www.lotky.fi\/kauppa\/wp-json\/wp\/v2\/media\/699"}],"wp:attachment":[{"href":"https:\/\/www.lotky.fi\/kauppa\/wp-json\/wp\/v2\/media?parent=984"}],"wp:term":[{"taxonomy":"product_brand","embeddable":true,"href":"https:\/\/www.lotky.fi\/kauppa\/wp-json\/wp\/v2\/product_brand?post=984"},{"taxonomy":"product_cat","embeddable":true,"href":"https:\/\/www.lotky.fi\/kauppa\/wp-json\/wp\/v2\/product_cat?post=984"},{"taxonomy":"product_tag","embeddable":true,"href":"https:\/\/www.lotky.fi\/kauppa\/wp-json\/wp\/v2\/product_tag?post=984"}],"curies":[{"name":"wp","href":"https:\/\/api.w.org\/{rel}","templated":true}]}}