{"id":978,"date":"2018-04-06T12:26:11","date_gmt":"2018-04-06T09:26:11","guid":{"rendered":"http:\/\/www.lotky.fi\/kauppa\/?post_type=product&#038;p=978"},"modified":"2024-09-02T15:15:49","modified_gmt":"2024-09-02T12:15:49","slug":"gulf-max-20w-50-200-l-kampanjahinta-voimassa-27-4-asti","status":"publish","type":"product","link":"https:\/\/www.lotky.fi\/kauppa\/tuote\/gulf-max-20w-50-200-l-kampanjahinta-voimassa-27-4-asti\/","title":{"rendered":"Gulf Max 20W-50, 200 L"},"content":{"rendered":"<p>Gulf Max 20w-50 on korkealuokkainen mineraali\u00f6ljy joka sopii ahdettuihin ja ahtamattomiin bensiini-, ja Dieselk\u00e4ytt\u00f6isiin henkil\u00f6autoihin sek\u00e4 my\u00f6s kevyelle kuljetuskalustolle.<\/p>\n<p>T\u00e4ytt\u00e4\u00e4 vaatimukset<br \/>\nAPI: SL, CF<\/p>\n","protected":false},"excerpt":{"rendered":"<p>Gulf Max 20w-50 on korkealuokkainen mineraali\u00f6ljy joka sopii ahdettuihin ja ahtamattomiin bensiini-, ja Dieselk\u00e4ytt\u00f6isiin henkil\u00f6autoihin sek\u00e4 my\u00f6s kevyelle kuljetuskalustolle.<\/p>\n","protected":false},"featured_media":708,"template":"","meta":[],"product_brand":[],"product_cat":[17],"product_tag":[],"class_list":{"0":"post-978","1":"product","2":"type-product","3":"status-publish","4":"has-post-thumbnail","6":"product_cat-moottorioljyt-kevyt-kalusto","8":"first","9":"instock","10":"taxable","11":"shipping-taxable","12":"purchasable","13":"product-type-simple"},"_links":{"self":[{"href":"https:\/\/www.lotky.fi\/kauppa\/wp-json\/wp\/v2\/product\/978","targetHints":{"allow":["GET"]}}],"collection":[{"href":"https:\/\/www.lotky.fi\/kauppa\/wp-json\/wp\/v2\/product"}],"about":[{"href":"https:\/\/www.lotky.fi\/kauppa\/wp-json\/wp\/v2\/types\/product"}],"wp:featuredmedia":[{"embeddable":true,"href":"https:\/\/www.lotky.fi\/kauppa\/wp-json\/wp\/v2\/media\/708"}],"wp:attachment":[{"href":"https:\/\/www.lotky.fi\/kauppa\/wp-json\/wp\/v2\/media?parent=978"}],"wp:term":[{"taxonomy":"product_brand","embeddable":true,"href":"https:\/\/www.lotky.fi\/kauppa\/wp-json\/wp\/v2\/product_brand?post=978"},{"taxonomy":"product_cat","embeddable":true,"href":"https:\/\/www.lotky.fi\/kauppa\/wp-json\/wp\/v2\/product_cat?post=978"},{"taxonomy":"product_tag","embeddable":true,"href":"https:\/\/www.lotky.fi\/kauppa\/wp-json\/wp\/v2\/product_tag?post=978"}],"curies":[{"name":"wp","href":"https:\/\/api.w.org\/{rel}","templated":true}]}}