{"id":925,"date":"2018-02-23T11:07:50","date_gmt":"2018-02-23T09:07:50","guid":{"rendered":"http:\/\/www.lotky.fi\/kauppa\/tuote\/gulf-formula-pcx-5w-30-200-l\/"},"modified":"2024-09-02T15:15:49","modified_gmt":"2024-09-02T12:15:49","slug":"gulf-formula-pcx-5w-30-200-l","status":"publish","type":"product","link":"https:\/\/www.lotky.fi\/kauppa\/tuote\/gulf-formula-pcx-5w-30-200-l\/","title":{"rendered":"Gulf Formula PCX  Plus 5W-30, 208 L"},"content":{"rendered":"<p>Gulf Formula PCX Plus 5W-30 \u00f6ljy on synteettinen polttoainetta s\u00e4\u00e4st\u00e4v\u00e4 Mid-SAPS moottori\u00f6ljy korkeatehoisiiin ja v\u00e4h\u00e4p\u00e4\u00e4st\u00f6isiin ajoneuvoihin. Soveltuu erityisesti PSA konsernin ajoneuvoihin sek\u00e4 muihin joissa vaaditaan ACEA C2 laatuvatimuksen mukaista \u00f6ljy\u00e4. Soveltuu k\u00e4ytett\u00e4v\u00e4ksi kolmitie katalysaattorin ja\/tai dieselhiukkassuodattimen kanssa. DPF, TWC, Mid-SAPS<\/p>\n<p>T\u00e4ytt\u00e4\u00e4 vaatimukset:<br \/>\nACEA C2<br \/>\nPSA Peugeot Citro\u00ebn B71 2290<\/p>\n","protected":false},"excerpt":{"rendered":"<p>Gulf Formula PCX Plus 5W-30 \u00f6ljy on synteettinen polttoainetta s\u00e4\u00e4st\u00e4v\u00e4 Mid-SAPS moottori\u00f6ljy korkeatehoisiiin ja v\u00e4h\u00e4p\u00e4\u00e4st\u00f6isiin ajoneuvoihin. Soveltuu erityisesti PSA konsernin ajoneuvoihin sek\u00e4 muihin joissa vaaditaan ACEA C2 laatuvatimuksen mukaista \u00f6ljy\u00e4. Soveltuu k\u00e4ytett\u00e4v\u00e4ksi kolmitie katalysaattorin ja\/tai dieselhiukkassuodattimen kanssa. DPF, TWC, Mid-SAPS<\/p>\n","protected":false},"featured_media":708,"template":"","meta":[],"product_brand":[],"product_cat":[17],"product_tag":[121,80,56,55],"class_list":{"0":"post-925","1":"product","2":"type-product","3":"status-publish","4":"has-post-thumbnail","6":"product_cat-moottorioljyt-kevyt-kalusto","7":"product_tag-acea-c2","8":"product_tag-citroen","9":"product_tag-peugeot","10":"product_tag-renault","12":"first","13":"instock","14":"taxable","15":"shipping-taxable","16":"purchasable","17":"product-type-simple"},"_links":{"self":[{"href":"https:\/\/www.lotky.fi\/kauppa\/wp-json\/wp\/v2\/product\/925","targetHints":{"allow":["GET"]}}],"collection":[{"href":"https:\/\/www.lotky.fi\/kauppa\/wp-json\/wp\/v2\/product"}],"about":[{"href":"https:\/\/www.lotky.fi\/kauppa\/wp-json\/wp\/v2\/types\/product"}],"wp:featuredmedia":[{"embeddable":true,"href":"https:\/\/www.lotky.fi\/kauppa\/wp-json\/wp\/v2\/media\/708"}],"wp:attachment":[{"href":"https:\/\/www.lotky.fi\/kauppa\/wp-json\/wp\/v2\/media?parent=925"}],"wp:term":[{"taxonomy":"product_brand","embeddable":true,"href":"https:\/\/www.lotky.fi\/kauppa\/wp-json\/wp\/v2\/product_brand?post=925"},{"taxonomy":"product_cat","embeddable":true,"href":"https:\/\/www.lotky.fi\/kauppa\/wp-json\/wp\/v2\/product_cat?post=925"},{"taxonomy":"product_tag","embeddable":true,"href":"https:\/\/www.lotky.fi\/kauppa\/wp-json\/wp\/v2\/product_tag?post=925"}],"curies":[{"name":"wp","href":"https:\/\/api.w.org\/{rel}","templated":true}]}}