{"id":915,"date":"2018-01-15T13:37:02","date_gmt":"2018-01-15T11:37:02","guid":{"rendered":"http:\/\/www.lotky.fi\/kauppa\/tuote\/castrol-vecton-fuel-saver-5w-30-e6-e9-208-l\/"},"modified":"2026-01-16T12:44:00","modified_gmt":"2026-01-16T10:44:00","slug":"castrol-vecton-fuel-saver-5w-30-e6-e9-208-l","status":"publish","type":"product","link":"https:\/\/www.lotky.fi\/kauppa\/tuote\/castrol-vecton-fuel-saver-5w-30-e6-e9-208-l\/","title":{"rendered":"Castrol Vecton Fuel Saver 5W-30 E6\/E9, 208 L"},"content":{"rendered":"<p>Uusi Castrol Vecton Fuel Saver 5W-30 E6\/E9 on korkealaatuinen t\u00e4yssynteettinen Low SAPS -moottori\u00f6ljy, joka on kehitetty erityisesti polttoainetalouden parantamiseksi uusimmissa Euro VI -dieselmoottoreissa. Castrol Vecton Fuel Saver 5W-30 E6\/E9 sopii my\u00f6s laajennettuihin huoltov\u00e4leihin monien eurooppalaisten moottorivalmistajien, kuten Mercedes-Benzin ja Volvon, suositusten mukaisesti. Hyv\u00e4ksytty k\u00e4ytett\u00e4v\u00e4ksi MAN Euro VI -moottoreissa. System 5 Technology\u2122 -tekniikka mukautuu muuttuviin olosuhteisiin moottorissa ja auttaa maksimoimaan suorituskyvyn 5 t\u00e4rke\u00e4ll\u00e4 alueella: polttoaineenkulutus, \u00f6ljynkulutus, \u00f6ljynvaihtov\u00e4li, osien elinik\u00e4 ja teho. <strong><br \/>\n<\/strong><\/p>\n<p>Luokitukset:<\/p>\n<p>SAE 5W-30 (t\u00e4yssynteettinen)<br \/>\nACEA E6\/E7\/E9<br \/>\nAPI CJ-4<br \/>\nJASO DH-2<br \/>\nMB-hyv\u00e4ksynn\u00e4t 228.51\/228.31<br \/>\nMAN M 3677, M 3477, M 3271-1<br \/>\nVolvo VDS-4\/CNG<br \/>\nRenault RLD-3<br \/>\nScania Low Ash<br \/>\nMTU-\u00f6ljykategoria 3.1<br \/>\nCat ECF-3<br \/>\nDeutz DQC IV-10 LA<br \/>\nMack EO-N Premium Plus, EO-M Plus, EO-O Premium Plus<br \/>\nsopii Ivecon kuorma-autoille, jotka vaativat luokitusta ACEA E6\/E7\/E9<br \/>\nt\u00e4ytt\u00e4\u00e4 DAF PX Euro VI -vaatimukset<\/p>\n","protected":false},"excerpt":{"rendered":"<p>Uusi Castrol Vecton Fuel Saver 5W-30 E6\/E9 on korkealaatuinen t\u00e4yssynteettinen Low SAPS -moottori\u00f6ljy, joka on kehitetty erityisesti polttoainetalouden parantamiseksi uusimmissa Euro VI -dieselmoottoreissa. Castrol Vecton Fuel Saver 5W-30 E6\/E9 sopii my\u00f6s laajennettuihin huoltov\u00e4leihin monien eurooppalaisten moottorivalmistajien, kuten Mercedes-Benzin ja Volvon, suositusten mukaisesti. Hyv\u00e4ksytty k\u00e4ytett\u00e4v\u00e4ksi MAN Euro VI -moottoreissa. System 5 Technology\u2122 -tekniikka mukautuu muuttuviin olosuhteisiin [&hellip;]<\/p>\n","protected":false},"featured_media":699,"template":"","meta":[],"product_brand":[],"product_cat":[18],"product_tag":[],"class_list":{"0":"post-915","1":"product","2":"type-product","3":"status-publish","4":"has-post-thumbnail","6":"product_cat-moottorioljyt-raskas-kalusto","8":"first","9":"instock","10":"taxable","11":"shipping-taxable","12":"purchasable","13":"product-type-simple"},"_links":{"self":[{"href":"https:\/\/www.lotky.fi\/kauppa\/wp-json\/wp\/v2\/product\/915","targetHints":{"allow":["GET"]}}],"collection":[{"href":"https:\/\/www.lotky.fi\/kauppa\/wp-json\/wp\/v2\/product"}],"about":[{"href":"https:\/\/www.lotky.fi\/kauppa\/wp-json\/wp\/v2\/types\/product"}],"wp:featuredmedia":[{"embeddable":true,"href":"https:\/\/www.lotky.fi\/kauppa\/wp-json\/wp\/v2\/media\/699"}],"wp:attachment":[{"href":"https:\/\/www.lotky.fi\/kauppa\/wp-json\/wp\/v2\/media?parent=915"}],"wp:term":[{"taxonomy":"product_brand","embeddable":true,"href":"https:\/\/www.lotky.fi\/kauppa\/wp-json\/wp\/v2\/product_brand?post=915"},{"taxonomy":"product_cat","embeddable":true,"href":"https:\/\/www.lotky.fi\/kauppa\/wp-json\/wp\/v2\/product_cat?post=915"},{"taxonomy":"product_tag","embeddable":true,"href":"https:\/\/www.lotky.fi\/kauppa\/wp-json\/wp\/v2\/product_tag?post=915"}],"curies":[{"name":"wp","href":"https:\/\/api.w.org\/{rel}","templated":true}]}}