{"id":911,"date":"2018-01-15T12:04:41","date_gmt":"2018-01-15T10:04:41","guid":{"rendered":"http:\/\/www.lotky.fi\/kauppa\/tuote\/castrol-tection-monograde-10w-208-l\/"},"modified":"2025-03-24T11:01:41","modified_gmt":"2025-03-24T09:01:41","slug":"castrol-tection-monograde-10w-208-l","status":"publish","type":"product","link":"https:\/\/www.lotky.fi\/kauppa\/tuote\/castrol-tection-monograde-10w-208-l\/","title":{"rendered":"Castrol CRB Monograde 10W CF, 208 L"},"content":{"rendered":"<p>Castrol CRB Monograde 10W CF on yksiaste dieselmoottori\u00f6ljy. Sen k\u00e4ytt\u00f6kohteita ovat dieselmoottorit, hydrauliikkaj\u00e4rjestelm\u00e4t ja vaihteistot, joihin suositellaan yksiastemoottori\u00f6ljyn k\u00e4ytt\u00f6\u00e4. Varmistaa erinomaisen kulumissuojan kaikille k\u00e4ytt\u00f6kohteille. Voidaan k\u00e4ytt\u00e4\u00e4 Caterpillar voimansiirrossa, johon vaatimus on T0-2 tuote.<\/p>\n<p>Luokitukset:<\/p>\n<p>SAE 10W<br \/>\nAPI CF<br \/>\nMB 228.00<br \/>\nCAT TO-2<\/p>\n","protected":false},"excerpt":{"rendered":"<p>Castrol CRB Monograde 10W CF on yksiaste dieselmoottori\u00f6ljy. Sen k\u00e4ytt\u00f6kohteita ovat dieselmoottorit, hydrauliikkaj\u00e4rjestelm\u00e4t ja vaihteistot, joihin suositellaan yksiastemoottori\u00f6ljyn k\u00e4ytt\u00f6\u00e4. Varmistaa erinomaisen kulumissuojan kaikille k\u00e4ytt\u00f6kohteille. Voidaan k\u00e4ytt\u00e4\u00e4 Caterpillar voimansiirrossa, johon vaatimus on T0-2 tuote.<\/p>\n","protected":false},"featured_media":699,"template":"","meta":[],"product_brand":[],"product_cat":[18],"product_tag":[],"class_list":{"0":"post-911","1":"product","2":"type-product","3":"status-publish","4":"has-post-thumbnail","6":"product_cat-moottorioljyt-raskas-kalusto","8":"first","9":"instock","10":"taxable","11":"shipping-taxable","12":"purchasable","13":"product-type-simple"},"_links":{"self":[{"href":"https:\/\/www.lotky.fi\/kauppa\/wp-json\/wp\/v2\/product\/911","targetHints":{"allow":["GET"]}}],"collection":[{"href":"https:\/\/www.lotky.fi\/kauppa\/wp-json\/wp\/v2\/product"}],"about":[{"href":"https:\/\/www.lotky.fi\/kauppa\/wp-json\/wp\/v2\/types\/product"}],"wp:featuredmedia":[{"embeddable":true,"href":"https:\/\/www.lotky.fi\/kauppa\/wp-json\/wp\/v2\/media\/699"}],"wp:attachment":[{"href":"https:\/\/www.lotky.fi\/kauppa\/wp-json\/wp\/v2\/media?parent=911"}],"wp:term":[{"taxonomy":"product_brand","embeddable":true,"href":"https:\/\/www.lotky.fi\/kauppa\/wp-json\/wp\/v2\/product_brand?post=911"},{"taxonomy":"product_cat","embeddable":true,"href":"https:\/\/www.lotky.fi\/kauppa\/wp-json\/wp\/v2\/product_cat?post=911"},{"taxonomy":"product_tag","embeddable":true,"href":"https:\/\/www.lotky.fi\/kauppa\/wp-json\/wp\/v2\/product_tag?post=911"}],"curies":[{"name":"wp","href":"https:\/\/api.w.org\/{rel}","templated":true}]}}