{"id":902,"date":"2017-12-20T09:57:22","date_gmt":"2017-12-20T07:57:22","guid":{"rendered":"http:\/\/www.lotky.fi\/kauppa\/tuote\/castrol-magnatec-stop-start-5w-30-a5-208-l\/"},"modified":"2025-07-24T10:04:49","modified_gmt":"2025-07-24T07:04:49","slug":"castrol-magnatec-stop-start-5w-30-a5-208-l","status":"publish","type":"product","link":"https:\/\/www.lotky.fi\/kauppa\/tuote\/castrol-magnatec-stop-start-5w-30-a5-208-l\/","title":{"rendered":"Castrol Magnatec 5W-30 A5, 208 L"},"content":{"rendered":"<p>Castrol Magnatec\u00a0 5w-30 A5 on t\u00e4yssynteettinen moottori\u00f6ljy erityisesti kaupunki- ja ruuhkaisessa liikenteess\u00e4 ajavien k\u00e4ytt\u00f6\u00f6n. Kaikki Castrol Magnatec\u00a0 -valikoiman tuotteet suojaavat auton moottoria erityisesti ruuhkaisissa liikenneolosuhteissaja tarjoavat tutkitusti paremman suojan pys\u00e4hdysten ja liikkeellel\u00e4ht\u00f6jen aiheuttamaa kulumista vastaan. Muodostaa itse\u00e4\u00e4n korjaavan suojakerroksen, joka kiinnittyy metallipintoihin ja suojaa moottoriasi ruuhkaisessa liikenteess\u00e4. K\u00e4ytt\u00e4\u00e4 t\u00e4ysin synteettist\u00e4 teknologiaa. Antaa jatkuvan suojan kaikissa ajo-olosuhteissa ja l\u00e4mp\u00f6tiloissa sek\u00e4 kaikilla ajotyyleill\u00e4. Mahdollistaa erinomaisen suorituskyvyn eritt\u00e4in kylmiss\u00e4 k\u00e4ynnistysolosuhteissa<\/p>\n<p>Luokitukset:<br \/>\nSAE 5w-30 (t\u00e4yssynteettinen)<br \/>\nAPI SN<br \/>\nACEA A1\/B1, A5\/B5<br \/>\nILSAC GF-4<br \/>\nFORD WSS-M2C913-C \/ WSS-M2C913-D<\/p>\n","protected":false},"excerpt":{"rendered":"<p>Castrol Magnatec 5w-30 A5 on t\u00e4yssynteettinen moottori\u00f6ljy erityisesti kaupunki- ja ruuhkaisessa liikenteess\u00e4 ajavien k\u00e4ytt\u00f6\u00f6n. Kaikki Castrol Magnatec -valikoiman tuotteet suojaavat auton moottoria erityisesti ruuhkaisissa liikenneolosuhteissaja tarjoavat tutkitusti paremman suojan pys\u00e4hdysten ja liikkeellel\u00e4ht\u00f6jen aiheuttamaa kulumista vastaan.<\/p>\n","protected":false},"featured_media":699,"template":"","meta":[],"product_brand":[],"product_cat":[17],"product_tag":[],"class_list":{"0":"post-902","1":"product","2":"type-product","3":"status-publish","4":"has-post-thumbnail","6":"product_cat-moottorioljyt-kevyt-kalusto","8":"first","9":"instock","10":"taxable","11":"shipping-taxable","12":"purchasable","13":"product-type-simple"},"_links":{"self":[{"href":"https:\/\/www.lotky.fi\/kauppa\/wp-json\/wp\/v2\/product\/902","targetHints":{"allow":["GET"]}}],"collection":[{"href":"https:\/\/www.lotky.fi\/kauppa\/wp-json\/wp\/v2\/product"}],"about":[{"href":"https:\/\/www.lotky.fi\/kauppa\/wp-json\/wp\/v2\/types\/product"}],"wp:featuredmedia":[{"embeddable":true,"href":"https:\/\/www.lotky.fi\/kauppa\/wp-json\/wp\/v2\/media\/699"}],"wp:attachment":[{"href":"https:\/\/www.lotky.fi\/kauppa\/wp-json\/wp\/v2\/media?parent=902"}],"wp:term":[{"taxonomy":"product_brand","embeddable":true,"href":"https:\/\/www.lotky.fi\/kauppa\/wp-json\/wp\/v2\/product_brand?post=902"},{"taxonomy":"product_cat","embeddable":true,"href":"https:\/\/www.lotky.fi\/kauppa\/wp-json\/wp\/v2\/product_cat?post=902"},{"taxonomy":"product_tag","embeddable":true,"href":"https:\/\/www.lotky.fi\/kauppa\/wp-json\/wp\/v2\/product_tag?post=902"}],"curies":[{"name":"wp","href":"https:\/\/api.w.org\/{rel}","templated":true}]}}