{"id":854,"date":"2017-10-10T12:48:54","date_gmt":"2017-10-10T09:48:54","guid":{"rendered":"http:\/\/www.lotky.fi\/kauppa\/tuote\/valvoline-pro-fleet-ls-x-10w-40-uhpd-208l\/"},"modified":"2026-04-02T14:29:18","modified_gmt":"2026-04-02T11:29:18","slug":"valvoline-pro-fleet-ls-x-10w-40-uhpd-208l","status":"publish","type":"product","link":"https:\/\/www.lotky.fi\/kauppa\/tuote\/valvoline-pro-fleet-ls-x-10w-40-uhpd-208l\/","title":{"rendered":"Valvoline Profleet 5W-20, 208L"},"content":{"rendered":"<p>Valvoline Profleet 5W-20 soveltuu uusimpiin v\u00e4h\u00e4p\u00e4\u00e4st\u00f6isiin raskaan kaluston dieselmoottoreihin suunniteltu polttoainetta s\u00e4\u00e4st\u00e4v\u00e4 alhaisen viskositeetin erikoismoottori\u00f6ljy. ProFleet 5W-20 on suunniteltu t\u00e4ytt\u00e4m\u00e4\u00e4n erityisesti uusimpien Scania- ja MAN-moottorien vaatimukset. \u00d6ljy antaa moottorille tehokkaan suojan kulumista ja korroosiota vastaan sek\u00e4 maksimoi pakokaasun j\u00e4lkik\u00e4sittelyj\u00e4rjestelmien (SCR, EGR, DPF) kestoi\u00e4n. Sopii k\u00e4ytett\u00e4v\u00e4ksi autovalmistajan m\u00e4\u00e4ritt\u00e4mill\u00e4 erityispitkill\u00e4 vaihtov\u00e4leill\u00e4. Matalaviskositeettinen SAE 5W-20 -\u00f6ljy soveltyy ainoastaan niihin moottoreihin, jotka on suunniteltu k\u00e4ytt\u00e4m\u00e4\u00e4n t\u00e4m\u00e4ntyyppist\u00e4 \u00f6ljy\u00e4.<\/p>\n<p>Luokitukset:<br \/>\nSAE 5W-20, t\u00e4yssynteettinen<br \/>\nScania LDF-5<br \/>\nMAN M3977<\/p>\n","protected":false},"excerpt":{"rendered":"<p>Valvoline ProFleet 5W-20 soveltuu uusimpiin v\u00e4h\u00e4p\u00e4\u00e4st\u00f6isiin raskaan kaluston dieselmoottoreihin suunniteltu polttoainetta s\u00e4\u00e4st\u00e4v\u00e4 alhaisen viskositeetin erikoismoottori\u00f6ljy. ProFleet 5W-20 on suunniteltu t\u00e4ytt\u00e4m\u00e4\u00e4n erityisesti uusimpien Scania- ja MAN-moottorien vaatimukset. \u00d6ljy antaa moottorille tehokkaan suojan kulumista ja korroosiota vastaan sek\u00e4 maksimoi pakokaasun j\u00e4lkik\u00e4sittelyj\u00e4rjestelmien (SCR, EGR, DPF) kestoi\u00e4n. Sopii k\u00e4ytett\u00e4v\u00e4ksi autovalmistajan m\u00e4\u00e4ritt\u00e4mill\u00e4 erityispitkill\u00e4 vaihtov\u00e4leill\u00e4. Matalaviskositeettinen SAE 5W-20 -\u00f6ljy soveltyy ainoastaan [&hellip;]<\/p>\n","protected":false},"featured_media":472,"template":"","meta":[],"product_brand":[],"product_cat":[18],"product_tag":[181],"class_list":{"0":"post-854","1":"product","2":"type-product","3":"status-publish","4":"has-post-thumbnail","6":"product_cat-moottorioljyt-raskas-kalusto","7":"product_tag-scania-ldf-5","9":"first","10":"instock","11":"taxable","12":"shipping-taxable","13":"purchasable","14":"product-type-simple"},"_links":{"self":[{"href":"https:\/\/www.lotky.fi\/kauppa\/wp-json\/wp\/v2\/product\/854","targetHints":{"allow":["GET"]}}],"collection":[{"href":"https:\/\/www.lotky.fi\/kauppa\/wp-json\/wp\/v2\/product"}],"about":[{"href":"https:\/\/www.lotky.fi\/kauppa\/wp-json\/wp\/v2\/types\/product"}],"wp:featuredmedia":[{"embeddable":true,"href":"https:\/\/www.lotky.fi\/kauppa\/wp-json\/wp\/v2\/media\/472"}],"wp:attachment":[{"href":"https:\/\/www.lotky.fi\/kauppa\/wp-json\/wp\/v2\/media?parent=854"}],"wp:term":[{"taxonomy":"product_brand","embeddable":true,"href":"https:\/\/www.lotky.fi\/kauppa\/wp-json\/wp\/v2\/product_brand?post=854"},{"taxonomy":"product_cat","embeddable":true,"href":"https:\/\/www.lotky.fi\/kauppa\/wp-json\/wp\/v2\/product_cat?post=854"},{"taxonomy":"product_tag","embeddable":true,"href":"https:\/\/www.lotky.fi\/kauppa\/wp-json\/wp\/v2\/product_tag?post=854"}],"curies":[{"name":"wp","href":"https:\/\/api.w.org\/{rel}","templated":true}]}}