{"id":853,"date":"2017-10-10T12:04:53","date_gmt":"2017-10-10T09:04:53","guid":{"rendered":"http:\/\/www.lotky.fi\/kauppa\/tuote\/valvoline-all-fleet-extreme-le-10w-40-208l\/"},"modified":"2026-04-02T14:28:45","modified_gmt":"2026-04-02T11:28:45","slug":"valvoline-all-fleet-extreme-le-10w-40-208l","status":"publish","type":"product","link":"https:\/\/www.lotky.fi\/kauppa\/tuote\/valvoline-all-fleet-extreme-le-10w-40-208l\/","title":{"rendered":"Valvoline All Fleet Superior LE-X 10W-40, 208L"},"content":{"rendered":"<p>Valvoline All Fleet Superior LE-X 10W-40 on OEM- hyv\u00e4ksytty osasynteettinen moottori\u00f6ljy. Se soveltuu k\u00e4ytett\u00e4v\u00e4ksi moottoreissa, kun suosituksena on ACEA E9 tai API CJ-4\/SN SAE 10W-40. Valvoline All Fleet Superior LE-X 10W-40 on raskaan kaluston keskipitk\u00e4n \u00f6ljynvaihtov\u00e4lin moottori\u00f6ljy Euro- dieselmoottoreihin, jotka toimivat dieselhiukkassuodattimella (DPF) tai ilman. Soveltuu lis\u00e4ksi useimpiin EGR- ja SCR- pakokaasujen j\u00e4lkik\u00e4sittelyj\u00e4rjestelmill\u00e4 varustettuihin, kuorma-autoihin ja teollisuusmoottoreihin. T\u00e4ytt\u00e4\u00e4 OEM- valmistajien Super High Performance Diesel (SHPD) suositukset.<\/p>\n<p>Luokitukset:<\/p>\n<p>SAE 10W-40, osasynteettinen<br \/>\nAPI CK-4, CI-4, CI-4+, CH-4, CJ-4\/ SN<br \/>\nACEA E7, E9<br \/>\nCAT ECF-2, ECF-3,<br \/>\nCummins CES 20081, 20086<br \/>\nDetroit diesel DFS 93K222<br \/>\nJASO DH-1, DH-2<br \/>\nMan M3775, M3575<br \/>\nVolvo VDS-3, VDS-4, VDS 4.5<br \/>\nDeutz DQCII-18LA<br \/>\nMB 228.31<br \/>\nMACK EOS-4.5<br \/>\nMTU type 2.1<br \/>\nRenault RLD-3<\/p>\n","protected":false},"excerpt":{"rendered":"<p>Valvoline All Fleet Superior LE-X 10W-40 on OEM- hyv\u00e4ksytty osasynteettinen moottori\u00f6ljy. Se soveltuu k\u00e4ytett\u00e4v\u00e4ksi moottoreissa, kun suosituksena on ACEA E9 tai API CJ-4\/SN SAE 10W-40. Valvoline All Fleet Superior LE-X 10W-40 on raskaan kaluston keskipitk\u00e4n \u00f6ljynvaihtov\u00e4lin moottori\u00f6ljy Euro- dieselmoottoreihin, jotka toimivat dieselhiukkassuodattimella (DPF) tai ilman. Soveltuu lis\u00e4ksi useimpiin EGR- ja SCR- pakokaasujen j\u00e4lkik\u00e4sittelyj\u00e4rjestelmill\u00e4 varustettuihin, kuorma-autoihin [&hellip;]<\/p>\n","protected":false},"featured_media":472,"template":"","meta":[],"product_brand":[],"product_cat":[18],"product_tag":[74,73,158],"class_list":{"0":"post-853","1":"product","2":"type-product","3":"status-publish","4":"has-post-thumbnail","6":"product_cat-moottorioljyt-raskas-kalusto","7":"product_tag-dpf","8":"product_tag-egr","9":"product_tag-scr","11":"first","12":"instock","13":"taxable","14":"shipping-taxable","15":"purchasable","16":"product-type-simple"},"_links":{"self":[{"href":"https:\/\/www.lotky.fi\/kauppa\/wp-json\/wp\/v2\/product\/853","targetHints":{"allow":["GET"]}}],"collection":[{"href":"https:\/\/www.lotky.fi\/kauppa\/wp-json\/wp\/v2\/product"}],"about":[{"href":"https:\/\/www.lotky.fi\/kauppa\/wp-json\/wp\/v2\/types\/product"}],"wp:featuredmedia":[{"embeddable":true,"href":"https:\/\/www.lotky.fi\/kauppa\/wp-json\/wp\/v2\/media\/472"}],"wp:attachment":[{"href":"https:\/\/www.lotky.fi\/kauppa\/wp-json\/wp\/v2\/media?parent=853"}],"wp:term":[{"taxonomy":"product_brand","embeddable":true,"href":"https:\/\/www.lotky.fi\/kauppa\/wp-json\/wp\/v2\/product_brand?post=853"},{"taxonomy":"product_cat","embeddable":true,"href":"https:\/\/www.lotky.fi\/kauppa\/wp-json\/wp\/v2\/product_cat?post=853"},{"taxonomy":"product_tag","embeddable":true,"href":"https:\/\/www.lotky.fi\/kauppa\/wp-json\/wp\/v2\/product_tag?post=853"}],"curies":[{"name":"wp","href":"https:\/\/api.w.org\/{rel}","templated":true}]}}