{"id":82,"date":"2016-05-10T15:39:19","date_gmt":"2016-05-10T12:39:19","guid":{"rendered":"http:\/\/www.lotky.fi\/kauppa\/?post_type=product&#038;p=82"},"modified":"2026-04-17T08:59:19","modified_gmt":"2026-04-17T05:59:19","slug":"neste-gear-mj-200l","status":"publish","type":"product","link":"https:\/\/www.lotky.fi\/kauppa\/tuote\/neste-gear-mj-200l\/","title":{"rendered":"Neste Gear UTTO, 200L"},"content":{"rendered":"<p>Neste Gear UTTO on yhdistetty traktoreiden vaihteisto- ja hydrauli\u00f6ljy, jolla on my\u00f6s \u00f6ljykylpyjarruihin vaaditut kitkaominaisuudet. Sen kulumisenestoominaisuudet ylitt\u00e4v\u00e4t tavallisten vaihteisto-hydrauli\u00f6ljyjen tason. Lis\u00e4ksi sill\u00e4 on hyv\u00e4t hapettumisenkesto- ja korroosionesto-ominaisuudet. Neste Gear UTTO \u00f6ljyj\u00e4 k\u00e4ytet\u00e4\u00e4n traktoreiden vaihteistoissa, taka-akseleissa, hydrauliikassa ja \u00f6ljykylpyjarruissa. Se on j\u00e4ykkyydelt\u00e4\u00e4n yleisimmin k\u00e4ytetty\u00e4 tyyppi\u00e4 ja soveltuu ymp\u00e4ri vuoden kovia pakkasaikoja lukuunottamatta. <strong>(Entinen nimi Neste Gear MJ)<\/strong><\/p>\n<p>Luokitukset: SAE 15W-30<\/p>\n<p>API GL-4<br \/>\nAllison C3, C4<br \/>\nCase MAT 3505<br \/>\nFord M2C 86 A\/B\/C\/D, M2C-86B\/C<br \/>\nFord\/New Holland FNHA-2-C-200.00 (hydraulic oil 134)<br \/>\nFord\/New Holland FNHA-2-C-201.00 (M2C-134D)<br \/>\nJohn Deere J20 A\/B\/C, J14B\/C, J21A<br \/>\nKomatsu<br \/>\nKubota UDT<br \/>\nMassey Ferguson M1135, M1141, M1143, M1145<br \/>\nSteiger SEMS 17001<br \/>\nVersatile 23M, 24M<br \/>\nVolvo 97303 (VCE WB 101)<br \/>\nWhite Farm (AGCO) Q-186<br \/>\nZF TE-ML 03E, 05F, 06D, 06K, 06N, 06R, 17E, 21F<\/p>\n","protected":false},"excerpt":{"rendered":"<p>Neste Gear UTTO on yhdistetty traktoreiden vaihteisto- ja hydrauli\u00f6ljy, jolla on my\u00f6s \u00f6ljykylpyjarruihin vaaditut kitkaominaisuudet. Sen kulumisenestoominaisuudet ylitt\u00e4v\u00e4t tavallisten vaihteisto-hydrauli\u00f6ljyjen tason. Lis\u00e4ksi sill\u00e4 on hyv\u00e4t hapettumisenkesto- ja korroosionesto-ominaisuudet. Neste Gear UTTO \u00f6ljyj\u00e4 k\u00e4ytet\u00e4\u00e4n traktoreiden vaihteistoissa, taka-akseleissa, hydrauliikassa ja \u00f6ljykylpyjarruissa. Se on j\u00e4ykkyydelt\u00e4\u00e4n yleisimmin k\u00e4ytetty\u00e4 tyyppi\u00e4 ja soveltuu ymp\u00e4ri vuoden kovia pakkasaikoja lukuunottamatta. (Entinen nimi Neste [&hellip;]<\/p>\n","protected":false},"featured_media":1598,"template":"","meta":[],"product_brand":[],"product_cat":[23],"product_tag":[],"class_list":{"0":"post-82","1":"product","2":"type-product","3":"status-publish","4":"has-post-thumbnail","6":"product_cat-maatalousoljyt","8":"first","9":"instock","10":"taxable","11":"shipping-taxable","12":"purchasable","13":"product-type-simple"},"_links":{"self":[{"href":"https:\/\/www.lotky.fi\/kauppa\/wp-json\/wp\/v2\/product\/82","targetHints":{"allow":["GET"]}}],"collection":[{"href":"https:\/\/www.lotky.fi\/kauppa\/wp-json\/wp\/v2\/product"}],"about":[{"href":"https:\/\/www.lotky.fi\/kauppa\/wp-json\/wp\/v2\/types\/product"}],"wp:featuredmedia":[{"embeddable":true,"href":"https:\/\/www.lotky.fi\/kauppa\/wp-json\/wp\/v2\/media\/1598"}],"wp:attachment":[{"href":"https:\/\/www.lotky.fi\/kauppa\/wp-json\/wp\/v2\/media?parent=82"}],"wp:term":[{"taxonomy":"product_brand","embeddable":true,"href":"https:\/\/www.lotky.fi\/kauppa\/wp-json\/wp\/v2\/product_brand?post=82"},{"taxonomy":"product_cat","embeddable":true,"href":"https:\/\/www.lotky.fi\/kauppa\/wp-json\/wp\/v2\/product_cat?post=82"},{"taxonomy":"product_tag","embeddable":true,"href":"https:\/\/www.lotky.fi\/kauppa\/wp-json\/wp\/v2\/product_tag?post=82"}],"curies":[{"name":"wp","href":"https:\/\/api.w.org\/{rel}","templated":true}]}}