{"id":808,"date":"2017-09-01T14:55:57","date_gmt":"2017-09-01T11:55:57","guid":{"rendered":"http:\/\/www.lotky.fi\/kauppa\/tuote\/valvoline-heavy-duty-tdl-pro-75w-90-208-l-30-9-asti\/"},"modified":"2026-04-02T14:28:23","modified_gmt":"2026-04-02T11:28:23","slug":"valvoline-heavy-duty-tdl-pro-75w-90-208-l-30-9-asti","status":"publish","type":"product","link":"https:\/\/www.lotky.fi\/kauppa\/tuote\/valvoline-heavy-duty-tdl-pro-75w-90-208-l-30-9-asti\/","title":{"rendered":"Valvoline Heavy Duty TDL Pro 75W-90, 208 L"},"content":{"rendered":"<p>Valvoline Heavy Duty TDL Pro 75W-90 on t\u00e4yssynteettinen vaihteisto- ja vetopy\u00f6r\u00e4st\u00f6-\u00f6ljy henkil\u00f6 paketti- ja kuorma-autoihin. Se vaimentaa vaihteistomelua ja omaa erinomaiset kulumisenesto-, ruosteenesto- ja kylm\u00e4k\u00e4ynnistysominaisuudet. Tasapainoitettu lis\u00e4aineistus, yhteensopiva kupari- ja pronssiosien kanssa. Laaja k\u00e4ytt\u00f6l\u00e4mp\u00f6tila-alue helpottaa vaihteiden vaihtamista matalissa l\u00e4mp\u00f6tiloissa.<\/p>\n<p>Luokitukset:<br \/>\nSAE 75W-90 (t\u00e4yssynteettinen)<br \/>\nAPI GL-4, GL-5, MT-1<br \/>\nArvin Meritor Axles 0-76-N<br \/>\nMack GO-J<br \/>\nZF TE-ML 07A, 12L, 17B, 21B<br \/>\nMAN 341 tyyppi E3 (Eaton), MAN 341 tyyppi Z2 (ZF, MAN 342 tyyppi M3 (Meritor)<br \/>\nMB-hyv\u00e4ksytty 235.8<br \/>\nSAE J2360<br \/>\nScania STO 1:0<br \/>\nVolvo 97312<br \/>\nZF TE-ML 02B, 05B, 12B, 12N, 16F, 19C<\/p>\n","protected":false},"excerpt":{"rendered":"<p>Valvoline Heavy Duty TDL Pro 75W-90 on t\u00e4yssynteettinen vaihteisto- ja vetopy\u00f6r\u00e4st\u00f6-\u00f6ljy henkil\u00f6 paketti- ja kuorma-autoihin. Se vaimentaa vaihteistomelua ja omaa erinomaiset kulumisenesto-, ruosteenesto- ja kylm\u00e4k\u00e4ynnistysominaisuudet. Tasapainoitettu lis\u00e4aineistus, yhteensopiva kupari- ja pronssiosien kanssa. Laaja k\u00e4ytt\u00f6l\u00e4mp\u00f6tila-alue helpottaa vaihteiden vaihtamista matalissa l\u00e4mp\u00f6tiloissa.<\/p>\n","protected":false},"featured_media":654,"template":"","meta":[],"product_brand":[],"product_cat":[24],"product_tag":[],"class_list":{"0":"post-808","1":"product","2":"type-product","3":"status-publish","4":"has-post-thumbnail","6":"product_cat-vaihteistooljyt","8":"first","9":"instock","10":"taxable","11":"shipping-taxable","12":"purchasable","13":"product-type-simple"},"_links":{"self":[{"href":"https:\/\/www.lotky.fi\/kauppa\/wp-json\/wp\/v2\/product\/808","targetHints":{"allow":["GET"]}}],"collection":[{"href":"https:\/\/www.lotky.fi\/kauppa\/wp-json\/wp\/v2\/product"}],"about":[{"href":"https:\/\/www.lotky.fi\/kauppa\/wp-json\/wp\/v2\/types\/product"}],"wp:featuredmedia":[{"embeddable":true,"href":"https:\/\/www.lotky.fi\/kauppa\/wp-json\/wp\/v2\/media\/654"}],"wp:attachment":[{"href":"https:\/\/www.lotky.fi\/kauppa\/wp-json\/wp\/v2\/media?parent=808"}],"wp:term":[{"taxonomy":"product_brand","embeddable":true,"href":"https:\/\/www.lotky.fi\/kauppa\/wp-json\/wp\/v2\/product_brand?post=808"},{"taxonomy":"product_cat","embeddable":true,"href":"https:\/\/www.lotky.fi\/kauppa\/wp-json\/wp\/v2\/product_cat?post=808"},{"taxonomy":"product_tag","embeddable":true,"href":"https:\/\/www.lotky.fi\/kauppa\/wp-json\/wp\/v2\/product_tag?post=808"}],"curies":[{"name":"wp","href":"https:\/\/api.w.org\/{rel}","templated":true}]}}