{"id":805,"date":"2017-08-25T15:23:54","date_gmt":"2017-08-25T12:23:54","guid":{"rendered":"http:\/\/www.lotky.fi\/kauppa\/tuote\/valvoline-stou-10w-40-208-l\/"},"modified":"2026-04-02T14:27:57","modified_gmt":"2026-04-02T11:27:57","slug":"valvoline-stou-10w-40-208-l","status":"publish","type":"product","link":"https:\/\/www.lotky.fi\/kauppa\/tuote\/valvoline-stou-10w-40-208-l\/","title":{"rendered":"Valvoline S.T.O.U 10W-40, 208 L"},"content":{"rendered":"<div class=\"clearfix\">\n<p>Valvoline STOU 10W-40 on korkealaatuinen maa- ja mets\u00e4talouskoneiden monik\u00e4ytt\u00f6-\u00f6ljy, joka voitelee ja suojaa vaihtelevissa olosuhteissa. Soveltuu traktorin moottoriin, vaihteistoon, m\u00e4rk\u00e4jarruihin, hydrauliikkaj\u00e4rjestelmiin. V\u00e4hent\u00e4\u00e4 eri \u00f6ljylaatujen varastointitarvetta, voidaan k\u00e4ytt\u00e4\u00e4 monien kohteiden voiteluun.<\/p>\n<p>Luokitukset:<br \/>\nSAE 10W-40<br \/>\nAPI GL-4, CF-4\/SF<br \/>\nAllison C4<br \/>\nFNH 82009203<br \/>\nMassey Ferguson M1144, MF1145<br \/>\nFord M2C-134A, 159B, 159C<br \/>\nJohn Deere J27<br \/>\nZF TE-ML 05K, 06B, C, 07B, 07D<\/p>\n<\/div>\n","protected":false},"excerpt":{"rendered":"<p>Valvoline STOU 10W-40 on korkealaatuinen maa- ja mets\u00e4talouskoneiden monik\u00e4ytt\u00f6-\u00f6ljy, joka voitelee ja suojaa vaihtelevissa olosuhteissa. Soveltuu traktorin moottoriin, vaihteistoon, m\u00e4rk\u00e4jarruihin, hydrauliikkaj\u00e4rjestelmiin. V\u00e4hent\u00e4\u00e4 eri \u00f6ljylaatujen varastointitarvetta, voidaan k\u00e4ytt\u00e4\u00e4 monien kohteiden voiteluun.<\/p>\n","protected":false},"featured_media":654,"template":"","meta":[],"product_brand":[],"product_cat":[23],"product_tag":[],"class_list":{"0":"post-805","1":"product","2":"type-product","3":"status-publish","4":"has-post-thumbnail","6":"product_cat-maatalousoljyt","8":"first","9":"instock","10":"taxable","11":"shipping-taxable","12":"purchasable","13":"product-type-simple"},"_links":{"self":[{"href":"https:\/\/www.lotky.fi\/kauppa\/wp-json\/wp\/v2\/product\/805","targetHints":{"allow":["GET"]}}],"collection":[{"href":"https:\/\/www.lotky.fi\/kauppa\/wp-json\/wp\/v2\/product"}],"about":[{"href":"https:\/\/www.lotky.fi\/kauppa\/wp-json\/wp\/v2\/types\/product"}],"wp:featuredmedia":[{"embeddable":true,"href":"https:\/\/www.lotky.fi\/kauppa\/wp-json\/wp\/v2\/media\/654"}],"wp:attachment":[{"href":"https:\/\/www.lotky.fi\/kauppa\/wp-json\/wp\/v2\/media?parent=805"}],"wp:term":[{"taxonomy":"product_brand","embeddable":true,"href":"https:\/\/www.lotky.fi\/kauppa\/wp-json\/wp\/v2\/product_brand?post=805"},{"taxonomy":"product_cat","embeddable":true,"href":"https:\/\/www.lotky.fi\/kauppa\/wp-json\/wp\/v2\/product_cat?post=805"},{"taxonomy":"product_tag","embeddable":true,"href":"https:\/\/www.lotky.fi\/kauppa\/wp-json\/wp\/v2\/product_tag?post=805"}],"curies":[{"name":"wp","href":"https:\/\/api.w.org\/{rel}","templated":true}]}}