{"id":803,"date":"2017-08-25T11:07:36","date_gmt":"2017-08-25T08:07:36","guid":{"rendered":"http:\/\/www.lotky.fi\/kauppa\/tuote\/valvoline-stou-15w-40-208-l\/"},"modified":"2026-04-02T14:27:39","modified_gmt":"2026-04-02T11:27:39","slug":"valvoline-stou-15w-40-208-l","status":"publish","type":"product","link":"https:\/\/www.lotky.fi\/kauppa\/tuote\/valvoline-stou-15w-40-208-l\/","title":{"rendered":"Valvoline S.T.O.U 15W-40, 208 L"},"content":{"rendered":"<div class=\"clearfix\">\n<p>Valvoline STOU 15W-40 on korkealaatuinen maa- ja mets\u00e4talouskoneiden monik\u00e4ytt\u00f6-\u00f6ljy, joka voitelee ja suojaa vaihtelevissa olosuhteissa. Soveltuu traktorin moottoriin, vaihteistoon, m\u00e4rk\u00e4jarruihin, hydrauliikkaj\u00e4rjestelmiin. V\u00e4hent\u00e4\u00e4 eri \u00f6ljylaatujen varastointitarvetta, voidaan k\u00e4ytt\u00e4\u00e4 monien kohteiden voiteluun.<\/p>\n<p>Luokitukset:<br \/>\nSAE 15W-40 (mineraali)<br \/>\nAPI GL-4, CF-4\/CE\/SF<br \/>\nAllison C3, C4<br \/>\nMassey Ferguson M1139, M1144, MF1145<br \/>\nFord M2C-159B, 30, 40 Series<br \/>\nJohn Deere JDM J27<br \/>\nCaterpillar TO-2<br \/>\nZF TE-ML-06A, B, C, D, 07B<\/p>\n<\/div>\n","protected":false},"excerpt":{"rendered":"<p>Valvoline STOU 15W-40 on korkealaatuinen maa- ja mets\u00e4talouskoneiden monik\u00e4ytt\u00f6-\u00f6ljy, joka voitelee ja suojaa vaihtelevissa olosuhteissa. Soveltuu traktorin moottoriin, vaihteistoon, m\u00e4rk\u00e4jarruihin, hydrauliikkaj\u00e4rjestelmiin. V\u00e4hent\u00e4\u00e4 eri \u00f6ljylaatujen varastointitarvetta, voidaan k\u00e4ytt\u00e4\u00e4 monien kohteiden voiteluun.<\/p>\n","protected":false},"featured_media":654,"template":"","meta":[],"product_brand":[],"product_cat":[23],"product_tag":[],"class_list":{"0":"post-803","1":"product","2":"type-product","3":"status-publish","4":"has-post-thumbnail","6":"product_cat-maatalousoljyt","8":"first","9":"instock","10":"taxable","11":"shipping-taxable","12":"purchasable","13":"product-type-simple"},"_links":{"self":[{"href":"https:\/\/www.lotky.fi\/kauppa\/wp-json\/wp\/v2\/product\/803","targetHints":{"allow":["GET"]}}],"collection":[{"href":"https:\/\/www.lotky.fi\/kauppa\/wp-json\/wp\/v2\/product"}],"about":[{"href":"https:\/\/www.lotky.fi\/kauppa\/wp-json\/wp\/v2\/types\/product"}],"wp:featuredmedia":[{"embeddable":true,"href":"https:\/\/www.lotky.fi\/kauppa\/wp-json\/wp\/v2\/media\/654"}],"wp:attachment":[{"href":"https:\/\/www.lotky.fi\/kauppa\/wp-json\/wp\/v2\/media?parent=803"}],"wp:term":[{"taxonomy":"product_brand","embeddable":true,"href":"https:\/\/www.lotky.fi\/kauppa\/wp-json\/wp\/v2\/product_brand?post=803"},{"taxonomy":"product_cat","embeddable":true,"href":"https:\/\/www.lotky.fi\/kauppa\/wp-json\/wp\/v2\/product_cat?post=803"},{"taxonomy":"product_tag","embeddable":true,"href":"https:\/\/www.lotky.fi\/kauppa\/wp-json\/wp\/v2\/product_tag?post=803"}],"curies":[{"name":"wp","href":"https:\/\/api.w.org\/{rel}","templated":true}]}}