{"id":773,"date":"2017-06-13T10:40:04","date_gmt":"2017-06-13T07:40:04","guid":{"rendered":"http:\/\/www.lotky.fi\/kauppa\/tuote\/shell-spirax-s6-atf-a295-209l\/"},"modified":"2026-03-21T19:54:46","modified_gmt":"2026-03-21T17:54:46","slug":"shell-spirax-s6-atf-a295-209l","status":"publish","type":"product","link":"https:\/\/www.lotky.fi\/kauppa\/tuote\/shell-spirax-s6-atf-a295-209l\/","title":{"rendered":"Shell Spirax S6 ATF A668, 209L"},"content":{"rendered":"<p>Shell Spirax S6 ATF A668 on t\u00e4yssynteettinen raskaan kaluston automaattivaihteisto\u00f6ljy, joka on erityisesti suunniteltu ja hyv\u00e4ksytty k\u00e4ytett\u00e4v\u00e4ksi vaihteistoissa, joissa vaatimuksena on Allison TES-668<\/p>\n<p><strong>Korvaa tuotteen Shell Spirax S6 ATF A295<\/strong><\/p>\n<p>Suorituskyky:<br \/>\nAllison TES-668<br \/>\nDTFR 13C190<br \/>\nDana-OHTM-ATF-X: 22A-0004<br \/>\nVolvo 97340\/97341<br \/>\nFord Mercon<br \/>\nGM DEX II\/IIIG\/IIIH<br \/>\nVoith H55.6335.xx<br \/>\nJASO 1-A<br \/>\nMAN 339 Type V1<br \/>\nCaterpillar AT-1<\/p>\n","protected":false},"excerpt":{"rendered":"<p>Shell Spirax S6 ATF A668 on t\u00e4yssynteettinen raskaan kaluston automaattivaihteisto\u00f6ljy, joka on erityisesti suunniteltu ja hyv\u00e4ksytty k\u00e4ytett\u00e4v\u00e4ksi vaihteistoissa, joissa vaatimuksena on Allison TES-668 Korvaa tuotteen Shell Spirax S6 ATF A295<\/p>\n","protected":false},"featured_media":347,"template":"","meta":[],"product_brand":[],"product_cat":[25],"product_tag":[],"class_list":{"0":"post-773","1":"product","2":"type-product","3":"status-publish","4":"has-post-thumbnail","6":"product_cat-automaattivaihteistooljyt","8":"first","9":"instock","10":"taxable","11":"shipping-taxable","12":"purchasable","13":"product-type-simple"},"_links":{"self":[{"href":"https:\/\/www.lotky.fi\/kauppa\/wp-json\/wp\/v2\/product\/773","targetHints":{"allow":["GET"]}}],"collection":[{"href":"https:\/\/www.lotky.fi\/kauppa\/wp-json\/wp\/v2\/product"}],"about":[{"href":"https:\/\/www.lotky.fi\/kauppa\/wp-json\/wp\/v2\/types\/product"}],"wp:featuredmedia":[{"embeddable":true,"href":"https:\/\/www.lotky.fi\/kauppa\/wp-json\/wp\/v2\/media\/347"}],"wp:attachment":[{"href":"https:\/\/www.lotky.fi\/kauppa\/wp-json\/wp\/v2\/media?parent=773"}],"wp:term":[{"taxonomy":"product_brand","embeddable":true,"href":"https:\/\/www.lotky.fi\/kauppa\/wp-json\/wp\/v2\/product_brand?post=773"},{"taxonomy":"product_cat","embeddable":true,"href":"https:\/\/www.lotky.fi\/kauppa\/wp-json\/wp\/v2\/product_cat?post=773"},{"taxonomy":"product_tag","embeddable":true,"href":"https:\/\/www.lotky.fi\/kauppa\/wp-json\/wp\/v2\/product_tag?post=773"}],"curies":[{"name":"wp","href":"https:\/\/api.w.org\/{rel}","templated":true}]}}