{"id":766,"date":"2017-06-05T15:34:00","date_gmt":"2017-06-05T12:34:00","guid":{"rendered":"http:\/\/www.lotky.fi\/kauppa\/tuote\/gm-longlife-coolant-205-l\/"},"modified":"2026-03-22T19:33:58","modified_gmt":"2026-03-22T17:33:58","slug":"gm-longlife-coolant-205-l","status":"publish","type":"product","link":"https:\/\/www.lotky.fi\/kauppa\/tuote\/gm-longlife-coolant-205-l\/","title":{"rendered":"Carcoolant 774C OEM, 210 L"},"content":{"rendered":"<div class=\"row\">\n<div class=\"col-xs-12\">\n<p>AdProline\u00ae j\u00e4\u00e4hdytinneste 774C sinivihre\u00e4 on korkealaatuinen longlife-glykoli, joka on kehitetty t\u00e4ytt\u00e4m\u00e4\u00e4n johtavien auto- ja moottorivalmistajien korkeat vaatimukset. J\u00e4\u00e4hdytinneste soveltuu k\u00e4ytett\u00e4v\u00e4ksi henkilautoissa, raskaissa ajoneuvoissa, kiinteiss\u00e4 moottoreissa ja veneiss\u00e4. Suojaa j\u00e4\u00e4tymiselt\u00e4 ja kiehumiselta ja est\u00e4\u00e4 kavitaatiota. AdProLine\u00ae j\u00e4\u00e4hdytinneste 774C on sekoitettavissa useimpien muiden markkinoilla olevien j\u00e4\u00e4hdytinnesteiden kanssa.<\/p>\n<p>AdProLine\u00ae j\u00e4\u00e4hdytinneste 774C sinivihre\u00e4 koostuu monoetyleeniglykolista ja silikaattia sis\u00e4lt\u00e4v\u00e4st\u00e4 inhibiittoripaketista, joka antaa erinomaisen korroosiosuojauksen useimmille metalleille, my\u00f6s alumiinille. Ei sis\u00e4ll\u00e4 nitriittej\u00e4, amiineja tai fosfaatteja.<\/p>\n<\/div>\n<p>Suositellaan mm. seuraaviin ajoneuvoihin:<br \/>\nAlfa Romeo 9,55523<br \/>\nBMW LC-18, BMW LC-87, BMW LC-97<br \/>\nJI Case JIC-501<br \/>\nChrysler MS-7170<br \/>\nCummins 85T8-2<br \/>\nDeutz DQC CA-14<br \/>\nFiat 9,55523<br \/>\nFord ESD-M97B49-A<br \/>\nIveco Standard 18-1830<br \/>\nLancia 9,55523<br \/>\nMAN 324 NF<br \/>\nMB 325.0<br \/>\nMTU 5048<br \/>\nOpel GME L1301<br \/>\nTesla<br \/>\nVauxhall GME L-1301<br \/>\nVW TL-774 C, VW G12 EVO (TL-774 L)<br \/>\nVolvo Cars<\/p>\n<\/div>\n","protected":false},"excerpt":{"rendered":"<p>AdProline\u00ae j\u00e4\u00e4hdytinneste 774C sinivihre\u00e4 on korkealaatuinen longlife-glykoli, joka on kehitetty t\u00e4ytt\u00e4m\u00e4\u00e4n johtavien auto- ja moottorivalmistajien korkeat vaatimukset. J\u00e4\u00e4hdytinneste soveltuu k\u00e4ytett\u00e4v\u00e4ksi henkilautoissa, raskaissa ajoneuvoissa, kiinteiss\u00e4 moottoreissa ja veneiss\u00e4. Suojaa j\u00e4\u00e4tymiselt\u00e4 ja kiehumiselta ja est\u00e4\u00e4 kavitaatiota. AdProLine\u00ae j\u00e4\u00e4hdytinneste 774C on sekoitettavissa useimpien muiden markkinoilla olevien j\u00e4\u00e4hdytinnesteiden kanssa. AdProLine\u00ae j\u00e4\u00e4hdytinneste 774C sinivihre\u00e4 koostuu monoetyleeniglykolista ja silikaattia sis\u00e4lt\u00e4v\u00e4st\u00e4 inhibiittoripaketista, [&hellip;]<\/p>\n","protected":false},"featured_media":3534,"template":"","meta":[],"product_brand":[],"product_cat":[34],"product_tag":[],"class_list":{"0":"post-766","1":"product","2":"type-product","3":"status-publish","4":"has-post-thumbnail","6":"product_cat-nesteet-ja-kemikaalit","8":"first","9":"instock","10":"taxable","11":"shipping-taxable","12":"purchasable","13":"product-type-simple"},"_links":{"self":[{"href":"https:\/\/www.lotky.fi\/kauppa\/wp-json\/wp\/v2\/product\/766","targetHints":{"allow":["GET"]}}],"collection":[{"href":"https:\/\/www.lotky.fi\/kauppa\/wp-json\/wp\/v2\/product"}],"about":[{"href":"https:\/\/www.lotky.fi\/kauppa\/wp-json\/wp\/v2\/types\/product"}],"wp:featuredmedia":[{"embeddable":true,"href":"https:\/\/www.lotky.fi\/kauppa\/wp-json\/wp\/v2\/media\/3534"}],"wp:attachment":[{"href":"https:\/\/www.lotky.fi\/kauppa\/wp-json\/wp\/v2\/media?parent=766"}],"wp:term":[{"taxonomy":"product_brand","embeddable":true,"href":"https:\/\/www.lotky.fi\/kauppa\/wp-json\/wp\/v2\/product_brand?post=766"},{"taxonomy":"product_cat","embeddable":true,"href":"https:\/\/www.lotky.fi\/kauppa\/wp-json\/wp\/v2\/product_cat?post=766"},{"taxonomy":"product_tag","embeddable":true,"href":"https:\/\/www.lotky.fi\/kauppa\/wp-json\/wp\/v2\/product_tag?post=766"}],"curies":[{"name":"wp","href":"https:\/\/api.w.org\/{rel}","templated":true}]}}