{"id":759,"date":"2017-06-05T10:33:25","date_gmt":"2017-06-05T07:33:25","guid":{"rendered":"http:\/\/www.lotky.fi\/kauppa\/tuote\/castrol-edge-titanium-fst-5w-30-ll-208-l\/"},"modified":"2025-07-23T09:45:39","modified_gmt":"2025-07-23T06:45:39","slug":"castrol-edge-titanium-fst-5w-30-ll-208-l","status":"publish","type":"product","link":"https:\/\/www.lotky.fi\/kauppa\/tuote\/castrol-edge-titanium-fst-5w-30-ll-208-l\/","title":{"rendered":"Castrol Edge LL 5W-30, 208 L"},"content":{"rendered":"<p>Castrol Edge LL 5W-30 se auttaa saamaan kaiken tehon irti moderneista ja teknisesti kehittyneist\u00e4 moottoreista, jotka toimivat pienill\u00e4 toleransseilla ja edellytt\u00e4v\u00e4t tehokkaampaa suojaa sek\u00e4 alhaisen viskositeetin \u00f6ljyj\u00e4. Edge LL kaksinkertaistaa \u00f6ljykalvon vahvuuden est\u00e4en n\u00e4in kalvon hajoamisen ja v\u00e4hent\u00e4en kitkaa.<\/p>\n<p>Castrol Edge LL 5W-30 auttaa moottoriasi toimimaan parhaalla mahdollisella tavalla ja maksimoi moottorin suorituskyvyn lyhyell\u00e4 ja pitk\u00e4ll\u00e4 aikav\u00e4lill\u00e4 Riippumattomissa testeiss\u00e4 todistettu parantavan moottorin tehokkuutta. Erinomainen moottorin suoja kaikissa ajo-olosuhteissa ja l\u00e4mp\u00f6tiloissa.<br \/>\n<strong>Entinen nimi: Castrol Edge Titanium FST 5w-30<\/strong><\/p>\n<p>Luokitukset:<\/p>\n<p>ACEA C3<br \/>\nMB-Approval 229.31\/ 229.51<br \/>\nPorsche C30<br \/>\nVW 504 00\/ 507.00<\/p>\n<p>&nbsp;<\/p>\n","protected":false},"excerpt":{"rendered":"<p>Castrol Edge LL 5W-30 se auttaa saamaan kaiken tehon irti moderneista ja teknisesti kehittyneist\u00e4 moottoreista, jotka toimivat pienill\u00e4 toleransseilla ja edellytt\u00e4v\u00e4t tehokkaampaa suojaa sek\u00e4 alhaisen viskositeetin \u00f6ljyj\u00e4. Edge LL kaksinkertaistaa \u00f6ljykalvon vahvuuden est\u00e4en n\u00e4in kalvon hajoamisen ja v\u00e4hent\u00e4en kitkaa. Castrol Edge LL FST 5W-30 auttaa moottoriasi toimimaan parhaalla mahdollisella tavalla ja maksimoi moottorin suorituskyvyn lyhyell\u00e4 [&hellip;]<\/p>\n","protected":false},"featured_media":699,"template":"","meta":[],"product_brand":[],"product_cat":[17],"product_tag":[],"class_list":{"0":"post-759","1":"product","2":"type-product","3":"status-publish","4":"has-post-thumbnail","6":"product_cat-moottorioljyt-kevyt-kalusto","8":"first","9":"instock","10":"taxable","11":"shipping-taxable","12":"purchasable","13":"product-type-simple"},"_links":{"self":[{"href":"https:\/\/www.lotky.fi\/kauppa\/wp-json\/wp\/v2\/product\/759","targetHints":{"allow":["GET"]}}],"collection":[{"href":"https:\/\/www.lotky.fi\/kauppa\/wp-json\/wp\/v2\/product"}],"about":[{"href":"https:\/\/www.lotky.fi\/kauppa\/wp-json\/wp\/v2\/types\/product"}],"wp:featuredmedia":[{"embeddable":true,"href":"https:\/\/www.lotky.fi\/kauppa\/wp-json\/wp\/v2\/media\/699"}],"wp:attachment":[{"href":"https:\/\/www.lotky.fi\/kauppa\/wp-json\/wp\/v2\/media?parent=759"}],"wp:term":[{"taxonomy":"product_brand","embeddable":true,"href":"https:\/\/www.lotky.fi\/kauppa\/wp-json\/wp\/v2\/product_brand?post=759"},{"taxonomy":"product_cat","embeddable":true,"href":"https:\/\/www.lotky.fi\/kauppa\/wp-json\/wp\/v2\/product_cat?post=759"},{"taxonomy":"product_tag","embeddable":true,"href":"https:\/\/www.lotky.fi\/kauppa\/wp-json\/wp\/v2\/product_tag?post=759"}],"curies":[{"name":"wp","href":"https:\/\/api.w.org\/{rel}","templated":true}]}}