{"id":757,"date":"2017-06-05T10:12:33","date_gmt":"2017-06-05T07:12:33","guid":{"rendered":"http:\/\/www.lotky.fi\/kauppa\/tuote\/mobil-1-fs-0w-40-208l\/"},"modified":"2026-04-01T11:45:12","modified_gmt":"2026-04-01T08:45:12","slug":"mobil-1-fs-0w-40-208l","status":"publish","type":"product","link":"https:\/\/www.lotky.fi\/kauppa\/tuote\/mobil-1-fs-0w-40-208l\/","title":{"rendered":"Mobil 1 FS 0W-40, 208L"},"content":{"rendered":"<p>Mobil 1 FS 0W-40 t\u00e4yssynteettist\u00e4 \u00f6ljy\u00e4 suositellaan k\u00e4yt\u00e4nn\u00f6ss\u00e4 kaikkiin nykyaikaisiin moottoreihin, joissa se auttaa tarjoamaan moottorille ylitt\u00e4m\u00e4tt\u00f6m\u00e4n suorituskyvyn kaikissa k\u00e4ytt\u00f6olosuhteissa normaaleista jopa eritt\u00e4in vaativiin olosuhteisiin. Sopii useimpiin moottoreihin, mukaan lukien turboahdetut moottorit, suoraruiskutusmoottorit, dieselmoottorit (ilman dieselhiukkassuodatinta) ja hybridimoottorit. Soveltuu my\u00f6s suuritehoisiin moottoreihin, sek\u00e4 l\u00e4hes kaikkiin k\u00e4ytt\u00f6olosuhteisiin ja normaaleista \u00e4\u00e4rimm\u00e4isiin ajo-olosuhteisiin.<\/p>\n<p>Luokitukset ja hyv\u00e4ksynn\u00e4t:<\/p>\n<p>SAE 0W-40 t\u00e4yssynteettinen<br \/>\nAPI SN, <span id=\"full_0_content_0_RenderWidgets_ctl01_lblHtmlSource2\">SM, SL, SJ<\/span><br \/>\nACEA A3\/B3, A3\/B4<br \/>\nMB-Approval 229.3, 229.5<br \/>\nVW 502 00\/505 00<br \/>\nPORSCHE A40<\/p>\n<p>ExxonMobilin mukaan Mobil 1 FS 0W-40 on seuraavaa laatutasoa:<br \/>\n<span id=\"full_0_content_0_RenderWidgets_ctl01_lblHtmlSource2\">API CF<br \/>\nVW 503 01<br \/>\n<\/span><\/p>\n","protected":false},"excerpt":{"rendered":"<p>Mobil 1 FS 0W-40 t\u00e4yssynteettist\u00e4 \u00f6ljy\u00e4 suositellaan k\u00e4yt\u00e4nn\u00f6ss\u00e4 kaikkiin nykyaikaisiin moottoreihin, joissa se auttaa tarjoamaan moottorille ylitt\u00e4m\u00e4tt\u00f6m\u00e4n suorituskyvyn kaikissa k\u00e4ytt\u00f6olosuhteissa normaaleista jopa eritt\u00e4in vaativiin olosuhteisiin. Sopii useimpiin moottoreihin, mukaan lukien turboahdetut moottorit, suoraruiskutusmoottorit, dieselmoottorit (ilman dieselhiukkassuodatinta) ja hybridimoottorit. Soveltuu my\u00f6s suuritehoisiin moottoreihin, sek\u00e4 l\u00e4hes kaikkiin k\u00e4ytt\u00f6olosuhteisiin ja normaaleista \u00e4\u00e4rimm\u00e4isiin ajo-olosuhteisiin.<\/p>\n","protected":false},"featured_media":233,"template":"","meta":[],"product_brand":[],"product_cat":[17],"product_tag":[],"class_list":{"0":"post-757","1":"product","2":"type-product","3":"status-publish","4":"has-post-thumbnail","6":"product_cat-moottorioljyt-kevyt-kalusto","8":"first","9":"instock","10":"taxable","11":"shipping-taxable","12":"purchasable","13":"product-type-simple"},"_links":{"self":[{"href":"https:\/\/www.lotky.fi\/kauppa\/wp-json\/wp\/v2\/product\/757","targetHints":{"allow":["GET"]}}],"collection":[{"href":"https:\/\/www.lotky.fi\/kauppa\/wp-json\/wp\/v2\/product"}],"about":[{"href":"https:\/\/www.lotky.fi\/kauppa\/wp-json\/wp\/v2\/types\/product"}],"wp:featuredmedia":[{"embeddable":true,"href":"https:\/\/www.lotky.fi\/kauppa\/wp-json\/wp\/v2\/media\/233"}],"wp:attachment":[{"href":"https:\/\/www.lotky.fi\/kauppa\/wp-json\/wp\/v2\/media?parent=757"}],"wp:term":[{"taxonomy":"product_brand","embeddable":true,"href":"https:\/\/www.lotky.fi\/kauppa\/wp-json\/wp\/v2\/product_brand?post=757"},{"taxonomy":"product_cat","embeddable":true,"href":"https:\/\/www.lotky.fi\/kauppa\/wp-json\/wp\/v2\/product_cat?post=757"},{"taxonomy":"product_tag","embeddable":true,"href":"https:\/\/www.lotky.fi\/kauppa\/wp-json\/wp\/v2\/product_tag?post=757"}],"curies":[{"name":"wp","href":"https:\/\/api.w.org\/{rel}","templated":true}]}}