{"id":756,"date":"2017-06-01T11:01:51","date_gmt":"2017-06-01T08:01:51","guid":{"rendered":"http:\/\/www.lotky.fi\/kauppa\/tuote\/valvoline-all-climate-5w-30-c3-208l\/"},"modified":"2024-09-12T12:41:10","modified_gmt":"2024-09-12T09:41:10","slug":"valvoline-all-climate-5w-30-c3-208l","status":"publish","type":"product","link":"https:\/\/www.lotky.fi\/kauppa\/tuote\/valvoline-all-climate-5w-30-c3-208l\/","title":{"rendered":"Synpower MST FE C6 0W-20, 208L"},"content":{"rendered":"<p>SynPower MST FE C6 0W-20 on muotoiltu t\u00e4ytt\u00e4m\u00e4\u00e4n Fordin WSS-M2C952-A1- voiteluainevaatimus. MST FE C6 on suunniteltu yll\u00e4pit\u00e4m\u00e4\u00e4n polttoainetehokkuutta kevyiss\u00e4 hy\u00f6tyajoneuvoissa, joissa on kehittyneet j\u00e4lkik\u00e4sittelyj\u00e4rjestelm\u00e4t, kuten DPF, GPF ja SCR, joissa suositellaan 0W-20-\u00f6ljy\u00e4. Soveltuu my\u00f6s muihin ajoneuvoihin, joissa voidaan k\u00e4ytt\u00e4\u00e4 0W-20 ACEA C6- tai C5- moottori\u00f6ljy\u00e4. Tarkista aina omistajan k\u00e4sikirjasta, mit\u00e4 \u00f6ljy\u00e4 on k\u00e4ytett\u00e4v\u00e4.<\/p>\n<p>Luokitukset:<\/p>\n<p>SAE 0W-20 t\u00e4yssynteettinen<br \/>\nACEA C6, C5<br \/>\nAPI SP, SN PLUS<br \/>\nDexos D (DD25BADB103)<br \/>\nFord WSS-M2C952-A1<br \/>\nSTJLR 03.5006<br \/>\nMB 229.71<br \/>\nOPEL OV 040 1547-A20<br \/>\nILSAC GF-6A<br \/>\nFIAT 9.55535-DM1<\/p>\n","protected":false},"excerpt":{"rendered":"<p>SynPower MST FE C6 0W-20 on muotoiltu t\u00e4ytt\u00e4m\u00e4\u00e4n Fordin WSS-M2C952-A1- voiteluainevaatimus. MST FE C6 on suunniteltu yll\u00e4pit\u00e4m\u00e4\u00e4n polttoainetehokkuutta kevyiss\u00e4 hy\u00f6tyajoneuvoissa, joissa on kehittyneet j\u00e4lkik\u00e4sittelyj\u00e4rjestelm\u00e4t, kuten DPF, GPF ja SCR, joissa suositellaan 0W-20-\u00f6ljy\u00e4. Soveltuu my\u00f6s muihin ajoneuvoihin, joissa voidaan k\u00e4ytt\u00e4\u00e4 0W-20 ACEA C6- tai C5- moottori\u00f6ljy\u00e4. Tarkista aina omistajan k\u00e4sikirjasta, mit\u00e4 \u00f6ljy\u00e4 on k\u00e4ytett\u00e4v\u00e4.<\/p>\n","protected":false},"featured_media":472,"template":"","meta":[],"product_brand":[],"product_cat":[17],"product_tag":[],"class_list":{"0":"post-756","1":"product","2":"type-product","3":"status-publish","4":"has-post-thumbnail","6":"product_cat-moottorioljyt-kevyt-kalusto","8":"first","9":"instock","10":"taxable","11":"shipping-taxable","12":"purchasable","13":"product-type-simple"},"_links":{"self":[{"href":"https:\/\/www.lotky.fi\/kauppa\/wp-json\/wp\/v2\/product\/756","targetHints":{"allow":["GET"]}}],"collection":[{"href":"https:\/\/www.lotky.fi\/kauppa\/wp-json\/wp\/v2\/product"}],"about":[{"href":"https:\/\/www.lotky.fi\/kauppa\/wp-json\/wp\/v2\/types\/product"}],"wp:featuredmedia":[{"embeddable":true,"href":"https:\/\/www.lotky.fi\/kauppa\/wp-json\/wp\/v2\/media\/472"}],"wp:attachment":[{"href":"https:\/\/www.lotky.fi\/kauppa\/wp-json\/wp\/v2\/media?parent=756"}],"wp:term":[{"taxonomy":"product_brand","embeddable":true,"href":"https:\/\/www.lotky.fi\/kauppa\/wp-json\/wp\/v2\/product_brand?post=756"},{"taxonomy":"product_cat","embeddable":true,"href":"https:\/\/www.lotky.fi\/kauppa\/wp-json\/wp\/v2\/product_cat?post=756"},{"taxonomy":"product_tag","embeddable":true,"href":"https:\/\/www.lotky.fi\/kauppa\/wp-json\/wp\/v2\/product_tag?post=756"}],"curies":[{"name":"wp","href":"https:\/\/api.w.org\/{rel}","templated":true}]}}