{"id":745,"date":"2017-05-16T09:15:24","date_gmt":"2017-05-16T06:15:24","guid":{"rendered":"http:\/\/www.lotky.fi\/kauppa\/tuote\/gulfmar-supreme-15w-40-200-l\/"},"modified":"2026-04-20T11:40:21","modified_gmt":"2026-04-20T08:40:21","slug":"gulfmar-supreme-15w-40-200-l","status":"publish","type":"product","link":"https:\/\/www.lotky.fi\/kauppa\/tuote\/gulfmar-supreme-15w-40-200-l\/","title":{"rendered":"Gulfmar Supreme 15W-40, 208L"},"content":{"rendered":"<p>GULFMAR SUPREME 15w40 on uusimpiin vene- ja laiva dieselmoottoreihin kehitetty moottori\u00f6ljy, joissa on pakokaasun kierr\u00e4tysj\u00e4rjestelm\u00e4.<\/p>\n<p>T\u00e4ytt\u00e4\u00e4 vaatimukset:<br \/>\nAPI CI-4\/CF\/SL<br \/>\nACEA E7, A3\/B4<br \/>\nGlobal DHD-1<br \/>\nMB 228.3\/229.1<br \/>\nMack EO-M Plus<br \/>\nRenault Trucks RLD-2<br \/>\nMAN M 3275<br \/>\nMTU Type 2<br \/>\nVolvo VDS-3<br \/>\nCummins CES 20076\/20077\/20078<br \/>\nCaterpillar ECF-1a<br \/>\nDeutz DQC III<br \/>\nAllison C4 Level<\/p>\n","protected":false},"excerpt":{"rendered":"<p>GULFMAR SUPREME 15w40 on uusimpiin vene- ja laiva dieselmoottoreihin kehitetty moottori\u00f6ljy, joissa on pakokaasun kierr\u00e4tysj\u00e4rjestelm\u00e4.<\/p>\n","protected":false},"featured_media":708,"template":"","meta":[],"product_brand":[],"product_cat":[29],"product_tag":[],"class_list":{"0":"post-745","1":"product","2":"type-product","3":"status-publish","4":"has-post-thumbnail","6":"product_cat-laivaoljyt","8":"first","9":"instock","10":"taxable","11":"shipping-taxable","12":"purchasable","13":"product-type-simple"},"_links":{"self":[{"href":"https:\/\/www.lotky.fi\/kauppa\/wp-json\/wp\/v2\/product\/745","targetHints":{"allow":["GET"]}}],"collection":[{"href":"https:\/\/www.lotky.fi\/kauppa\/wp-json\/wp\/v2\/product"}],"about":[{"href":"https:\/\/www.lotky.fi\/kauppa\/wp-json\/wp\/v2\/types\/product"}],"wp:featuredmedia":[{"embeddable":true,"href":"https:\/\/www.lotky.fi\/kauppa\/wp-json\/wp\/v2\/media\/708"}],"wp:attachment":[{"href":"https:\/\/www.lotky.fi\/kauppa\/wp-json\/wp\/v2\/media?parent=745"}],"wp:term":[{"taxonomy":"product_brand","embeddable":true,"href":"https:\/\/www.lotky.fi\/kauppa\/wp-json\/wp\/v2\/product_brand?post=745"},{"taxonomy":"product_cat","embeddable":true,"href":"https:\/\/www.lotky.fi\/kauppa\/wp-json\/wp\/v2\/product_cat?post=745"},{"taxonomy":"product_tag","embeddable":true,"href":"https:\/\/www.lotky.fi\/kauppa\/wp-json\/wp\/v2\/product_tag?post=745"}],"curies":[{"name":"wp","href":"https:\/\/api.w.org\/{rel}","templated":true}]}}