{"id":743,"date":"2017-05-12T13:45:17","date_gmt":"2017-05-12T10:45:17","guid":{"rendered":"http:\/\/www.lotky.fi\/kauppa\/tuote\/gulf-multi-vehicle-atf-200-l\/"},"modified":"2024-09-02T15:11:38","modified_gmt":"2024-09-02T12:11:38","slug":"gulf-multi-vehicle-atf-200-l","status":"publish","type":"product","link":"https:\/\/www.lotky.fi\/kauppa\/tuote\/gulf-multi-vehicle-atf-200-l\/","title":{"rendered":"Gulf Multi Vehicle ATF, 208 L"},"content":{"rendered":"<p>GULF MULTI VECHICLE ATF on synteettinen automaattivaihteisto\u00f6ljy varustettuna edistyksellisell\u00e4 lis\u00e4aineteknologialla joka mahdollistaa sen eritt\u00e4in laajaa k\u00e4ytt\u00f6\u00e4. Huomio: Ei pid\u00e4 k\u00e4ytt\u00e4\u00e4 variaattori (CVT) ja tuplakytkin (DTC), Daimler MB 7 speed (NAG 2), ZF 6 speed vaihteistoissa, eik\u00e4 kohteissa jossa vaaditaan Ford F\/G luokituksen automaattivaihteisto\u00f6ljy\u00e4.<\/p>\n<p>T\u00e4ytt\u00e4\u00e4 tai ylitt\u00e4\u00e4 seuraavat laatuvaatimukset:<br \/>\nAisin Warner JWS 3309<br \/>\nAllison C-4<br \/>\nAudi G 052 025-A2, Audi G-052-162-A1<br \/>\nBMW (AE) LT 71141, ZF 5 Speed, 7045E (3 Series), ETL-8072B (BMW 5 Series), LA2634<br \/>\nChrysler ATF +3, ATF +4<br \/>\nDaimler MB 236.1, MB 236.2, MB 236.5, MB 236.6, MB 236.7, MB 236.9, MB 236.10, MB 236.11<br \/>\nFord FNR5, MERCON\u00ae, MERCON\u00ae V<br \/>\nGeneral Motors DEXRON\u00ae, DEXRON\u00ae-II\/ IID, DEXRON\u00ae-III G\/H<br \/>\nHonda ATF-Z1<br \/>\nHyundai SP-II\/ SP-III JATCO JATCO 3100 PL085 (Idemitsu K17 &#8211; Jaguar X Type 2001-2005)<br \/>\nJASO 1-A<br \/>\nKIA SP-II\/ SP-III<br \/>\nMAN 339 V1, 339 V2, 339 Z1, 339 Z2<br \/>\nMazda ATF-M III, ATF-MV<br \/>\nMitsubishi Diamond SP-II\/ III, Diaqueen ATF J2<br \/>\nNissan Matic-D, J, K, S, N402<br \/>\nSubaru ATF-HP<br \/>\nToyota T-III, T-IV Voith 55.6335.XX (G607), 55.6336.XX (G1363)<br \/>\nVolkswagen VW G 052 025-A2, VW G-052-162-A1, TL52162<br \/>\nVolvo 97340 , 97341<br \/>\nZF TE-ML 02F, 03D\/ 4D, 05L, 09, 11B, 14A, 14B, 16L, 17C<\/p>\n","protected":false},"excerpt":{"rendered":"<p>GULF MULTI VECHICLE ATF on synteettinen automaattivaihteisto\u00f6ljy varustettuna edistyksellisell\u00e4 lis\u00e4aineteknologialla joka mahdollistaa sen eritt\u00e4in laajaa k\u00e4ytt\u00f6\u00e4. Huomio: Ei pid\u00e4 k\u00e4ytt\u00e4\u00e4 variaattori (CVT) ja tuplakytkin (DTC), Daimler MB 7 speed (NAG 2), ZF 6 speed vaihteistoissa, eik\u00e4 kohteissa jossa vaaditaan Ford F\/G luokituksen automaattivaihteisto\u00f6ljy\u00e4.<\/p>\n","protected":false},"featured_media":708,"template":"","meta":[],"product_brand":[],"product_cat":[25],"product_tag":[133,135,134],"class_list":{"0":"post-743","1":"product","2":"type-product","3":"status-publish","4":"has-post-thumbnail","6":"product_cat-automaattivaihteistooljyt","7":"product_tag-atf","8":"product_tag-multi","9":"product_tag-multivehicle","11":"first","12":"instock","13":"taxable","14":"shipping-taxable","15":"purchasable","16":"product-type-simple"},"_links":{"self":[{"href":"https:\/\/www.lotky.fi\/kauppa\/wp-json\/wp\/v2\/product\/743","targetHints":{"allow":["GET"]}}],"collection":[{"href":"https:\/\/www.lotky.fi\/kauppa\/wp-json\/wp\/v2\/product"}],"about":[{"href":"https:\/\/www.lotky.fi\/kauppa\/wp-json\/wp\/v2\/types\/product"}],"wp:featuredmedia":[{"embeddable":true,"href":"https:\/\/www.lotky.fi\/kauppa\/wp-json\/wp\/v2\/media\/708"}],"wp:attachment":[{"href":"https:\/\/www.lotky.fi\/kauppa\/wp-json\/wp\/v2\/media?parent=743"}],"wp:term":[{"taxonomy":"product_brand","embeddable":true,"href":"https:\/\/www.lotky.fi\/kauppa\/wp-json\/wp\/v2\/product_brand?post=743"},{"taxonomy":"product_cat","embeddable":true,"href":"https:\/\/www.lotky.fi\/kauppa\/wp-json\/wp\/v2\/product_cat?post=743"},{"taxonomy":"product_tag","embeddable":true,"href":"https:\/\/www.lotky.fi\/kauppa\/wp-json\/wp\/v2\/product_tag?post=743"}],"curies":[{"name":"wp","href":"https:\/\/api.w.org\/{rel}","templated":true}]}}