{"id":740,"date":"2017-05-10T15:56:51","date_gmt":"2017-05-10T12:56:51","guid":{"rendered":"http:\/\/www.lotky.fi\/kauppa\/tuote\/gulf-super-tractor-oil-universal-15w-40-200-l\/"},"modified":"2026-04-20T11:40:45","modified_gmt":"2026-04-20T08:40:45","slug":"gulf-super-tractor-oil-universal-15w-40-200-l","status":"publish","type":"product","link":"https:\/\/www.lotky.fi\/kauppa\/tuote\/gulf-super-tractor-oil-universal-15w-40-200-l\/","title":{"rendered":"Gulf Super Tractor Oil Universal 15W-40, 208 L"},"content":{"rendered":"<p>GULF SUPER TRACTOR OIL UNIVERSAL 15W40 on yleis\u00f6ljy ( STOU ) traktoreihin ja maatalouden koneisiin. K\u00e4ytt\u00f6kohteina moottorit, vaihteistot, hydraulij\u00e4rjestelm\u00e4t \u00f6ljykylpyjarrulliset taka-akselit ym.<\/p>\n<p>T\u00e4ytt\u00e4\u00e4 vaatimukset:<br \/>\nAPI CF-4\/CE\/CF\/SF, API GL-4<br \/>\nMassey Ferguson 1144\/1145<br \/>\nJohn Deere J27C<br \/>\nAllison C-4<br \/>\nZF TE ML 06B\/07B<\/p>\n<p>&nbsp;<\/p>\n","protected":false},"excerpt":{"rendered":"<p>GULF SUPER TRACTOR OIL UNIVERSAL 15W40 on yleis\u00f6ljy ( STOU ) traktoreihin ja maatalouden koneisiin. K\u00e4ytt\u00f6kohteina moottorit, vaihteistot, hydraulij\u00e4rjestelm\u00e4t \u00f6ljykylpyjarrulliset taka-akselit ym.<\/p>\n","protected":false},"featured_media":708,"template":"","meta":[],"product_brand":[],"product_cat":[23],"product_tag":[84,85],"class_list":{"0":"post-740","1":"product","2":"type-product","3":"status-publish","4":"has-post-thumbnail","6":"product_cat-maatalousoljyt","7":"product_tag-stou","8":"product_tag-traktorin-yleisoljy","10":"first","11":"instock","12":"taxable","13":"shipping-taxable","14":"purchasable","15":"product-type-simple"},"_links":{"self":[{"href":"https:\/\/www.lotky.fi\/kauppa\/wp-json\/wp\/v2\/product\/740","targetHints":{"allow":["GET"]}}],"collection":[{"href":"https:\/\/www.lotky.fi\/kauppa\/wp-json\/wp\/v2\/product"}],"about":[{"href":"https:\/\/www.lotky.fi\/kauppa\/wp-json\/wp\/v2\/types\/product"}],"wp:featuredmedia":[{"embeddable":true,"href":"https:\/\/www.lotky.fi\/kauppa\/wp-json\/wp\/v2\/media\/708"}],"wp:attachment":[{"href":"https:\/\/www.lotky.fi\/kauppa\/wp-json\/wp\/v2\/media?parent=740"}],"wp:term":[{"taxonomy":"product_brand","embeddable":true,"href":"https:\/\/www.lotky.fi\/kauppa\/wp-json\/wp\/v2\/product_brand?post=740"},{"taxonomy":"product_cat","embeddable":true,"href":"https:\/\/www.lotky.fi\/kauppa\/wp-json\/wp\/v2\/product_cat?post=740"},{"taxonomy":"product_tag","embeddable":true,"href":"https:\/\/www.lotky.fi\/kauppa\/wp-json\/wp\/v2\/product_tag?post=740"}],"curies":[{"name":"wp","href":"https:\/\/api.w.org\/{rel}","templated":true}]}}