{"id":739,"date":"2017-05-10T15:35:29","date_gmt":"2017-05-10T12:35:29","guid":{"rendered":"http:\/\/www.lotky.fi\/kauppa\/tuote\/gulf-supreme-duty-xle-10w-30-200-l\/"},"modified":"2024-09-02T15:16:39","modified_gmt":"2024-09-02T12:16:39","slug":"gulf-supreme-duty-xle-10w-30-200-l","status":"publish","type":"product","link":"https:\/\/www.lotky.fi\/kauppa\/tuote\/gulf-supreme-duty-xle-10w-30-200-l\/","title":{"rendered":"Gulf Superfleet Supreme+ 10W-30, 208 L"},"content":{"rendered":"<p>Gulf Superfleet Supreme+ 10W-30 on korkealaatuinen, Premium tason, raskaan kaluston dieselmoottori\u00f6ljy. Tuote on kehitetty eritt\u00e4in matalap\u00e4\u00e4st\u00f6isiin moottoreihin, jotka t\u00e4ytt\u00e4v\u00e4t viimeisimm\u00e4t Yhdysvaltain ja Euroopan p\u00e4\u00e4st\u00f6standardit. Gulf Superfleet Supreme+ on valmistettu vetyk\u00e4sitellyst\u00e4 perus\u00f6ljyst\u00e4 ja ainutlaatuista lis\u00e4aineteknologiaa hy\u00f6dynt\u00e4en, joka auttaa minimoimaan noen ja ep\u00e4puhtauksien kertymist\u00e4 ja varmistaa n\u00e4in, ett\u00e4 moottori k\u00e4y puhtaammin pidep\u00e4\u00e4n. Tuote mahdollistaa pidennetyt \u00f6ljynvaihtov\u00e4lit. Sopii ajoneuvoihin, jotka on varustettu pakokaasun j\u00e4lkik\u00e4sittelylaitteistolla kuten EGR, DPF ja suojaa n\u00e4it\u00e4 ennenaikaiselta kulumiselta\/tukkeutumiselta. <strong>Entinen tuotenimi Supreme Duty ULE 10w-30. <\/strong><\/p>\n<p>T\u00e4ytt\u00e4\u00e4 vaatimukset:<br \/>\nACEA E9, E11<br \/>\nAPI CK-4 \/ CI-4 Plus<br \/>\nCat ECF-3<br \/>\nCummins CES 20086<br \/>\nDDC 93K222<br \/>\nMack EOS-4.5,<br \/>\nRenault VI RLD-3<br \/>\nMAN M 3575, 3775<br \/>\nMB 228.31<br \/>\nMTU Oil Category 2.1<br \/>\nVolvo VDS-4.5<\/p>\n<p>Hyv\u00e4ksytty:<br \/>\nAPI CK-4 \/ CI-4 Plus<br \/>\nMack EOS-4.5<br \/>\nMAN M3775<br \/>\nRenault VI RLD-3<br \/>\nVolvo VDS-4.5<\/p>\n","protected":false},"excerpt":{"rendered":"<p>Gulf Superfleet Supreme+ 10W-30 on korkealaatuinen, Premium tason, raskaan kaluston dieselmoottori\u00f6ljy. Tuote on kehitetty eritt\u00e4in matalap\u00e4\u00e4st\u00f6isiin moottoreihin, jotka t\u00e4ytt\u00e4v\u00e4t viimeisimm\u00e4t Yhdysvaltain ja Euroopan p\u00e4\u00e4st\u00f6standardit. Gulf Superfleet Supreme+ on valmistettu vetyk\u00e4sitellyst\u00e4 perus\u00f6ljyst\u00e4 ja ainutlaatuista lis\u00e4aineteknologiaa hy\u00f6dynt\u00e4en, joka auttaa minimoimaan noen ja ep\u00e4puhtauksien kertymist\u00e4 ja varmistaa n\u00e4in, ett\u00e4 moottori k\u00e4y puhtaammin pidep\u00e4\u00e4n. Tuote mahdollistaa pidennetyt \u00f6ljynvaihtov\u00e4lit. Sopii [&hellip;]<\/p>\n","protected":false},"featured_media":708,"template":"","meta":[],"product_brand":[],"product_cat":[18],"product_tag":[76,74,73,55,54,75],"class_list":{"0":"post-739","1":"product","2":"type-product","3":"status-publish","4":"has-post-thumbnail","6":"product_cat-moottorioljyt-raskas-kalusto","7":"product_tag-caterpillar","8":"product_tag-dpf","9":"product_tag-egr","10":"product_tag-renault","11":"product_tag-volvo","12":"product_tag-xhpd","14":"first","15":"instock","16":"taxable","17":"shipping-taxable","18":"purchasable","19":"product-type-simple"},"_links":{"self":[{"href":"https:\/\/www.lotky.fi\/kauppa\/wp-json\/wp\/v2\/product\/739","targetHints":{"allow":["GET"]}}],"collection":[{"href":"https:\/\/www.lotky.fi\/kauppa\/wp-json\/wp\/v2\/product"}],"about":[{"href":"https:\/\/www.lotky.fi\/kauppa\/wp-json\/wp\/v2\/types\/product"}],"wp:featuredmedia":[{"embeddable":true,"href":"https:\/\/www.lotky.fi\/kauppa\/wp-json\/wp\/v2\/media\/708"}],"wp:attachment":[{"href":"https:\/\/www.lotky.fi\/kauppa\/wp-json\/wp\/v2\/media?parent=739"}],"wp:term":[{"taxonomy":"product_brand","embeddable":true,"href":"https:\/\/www.lotky.fi\/kauppa\/wp-json\/wp\/v2\/product_brand?post=739"},{"taxonomy":"product_cat","embeddable":true,"href":"https:\/\/www.lotky.fi\/kauppa\/wp-json\/wp\/v2\/product_cat?post=739"},{"taxonomy":"product_tag","embeddable":true,"href":"https:\/\/www.lotky.fi\/kauppa\/wp-json\/wp\/v2\/product_tag?post=739"}],"curies":[{"name":"wp","href":"https:\/\/api.w.org\/{rel}","templated":true}]}}