{"id":729,"date":"2017-05-05T12:02:48","date_gmt":"2017-05-05T09:02:48","guid":{"rendered":"http:\/\/www.lotky.fi\/kauppa\/tuote\/gulf-formula-ule-5w-40-200-l\/"},"modified":"2024-09-02T15:15:51","modified_gmt":"2024-09-02T12:15:51","slug":"gulf-formula-ule-5w-40-200-l","status":"publish","type":"product","link":"https:\/\/www.lotky.fi\/kauppa\/tuote\/gulf-formula-ule-5w-40-200-l\/","title":{"rendered":"Gulf Formula ULE 5W-40, 208 L"},"content":{"rendered":"<p>GULF FORMULA ULE 5W-40 on synteettinen, eritt\u00e4in v\u00e4h\u00e4p\u00e4\u00e4st\u00f6inen moottori\u00f6ljy joka on kehitetty t\u00e4ytt\u00e4m\u00e4\u00e4n viimeisimm\u00e4t Euro 4 SAPS vaatimukset. Sopii sek\u00e4 bensiini- ett\u00e4 Diesel mottoreihin jotka ovat varustettu pakokaasujen j\u00e4lkik\u00e4sittely laitteistolla (DPF ja TWC).\u00a0 <strong>Tehdastilaustuote, toimitusaika 2-4 viikkoa. Tehdastilaustuotteilla ei palautusoikeutta.<\/strong><\/p>\n<p>T\u00e4ytt\u00e4\u00e4 vaatimukset:<br \/>\nACEA A3\/B4\/C3<br \/>\nAPI SM\/CF<br \/>\nFord WSS-M2C917-A<\/p>\n<p>Hyv\u00e4ksytty:<br \/>\nAPI SM<br \/>\nMB-Approval 229.51<br \/>\nBMW Longlife-04<br \/>\nVW 502.00\/505.00\/505.01<br \/>\nPorsche A40<\/p>\n","protected":false},"excerpt":{"rendered":"<p>GULF FORMULA ULE 5W-40 on synteettinen, eritt\u00e4in v\u00e4h\u00e4p\u00e4\u00e4st\u00f6inen moottori\u00f6ljy joka on kehitetty t\u00e4ytt\u00e4m\u00e4\u00e4n viimeisimm\u00e4t Euro 4 SAPS vaatimukset. Sopii sek\u00e4 bensiini- ett\u00e4 Diesel mottoreihin jotka ovat varustettu pakokaasujen j\u00e4lkik\u00e4sittely laitteistolla (DPF ja TWC). Tehdastilaustuote, toimitusaika 2-4 viikkoa. Tehdastilaustuotteilla ei palautusoikeutta.<\/p>\n","protected":false},"featured_media":708,"template":"","meta":[],"product_brand":[],"product_cat":[17],"product_tag":[],"class_list":{"0":"post-729","1":"product","2":"type-product","3":"status-publish","4":"has-post-thumbnail","6":"product_cat-moottorioljyt-kevyt-kalusto","8":"first","9":"instock","10":"taxable","11":"shipping-taxable","12":"purchasable","13":"product-type-simple"},"_links":{"self":[{"href":"https:\/\/www.lotky.fi\/kauppa\/wp-json\/wp\/v2\/product\/729","targetHints":{"allow":["GET"]}}],"collection":[{"href":"https:\/\/www.lotky.fi\/kauppa\/wp-json\/wp\/v2\/product"}],"about":[{"href":"https:\/\/www.lotky.fi\/kauppa\/wp-json\/wp\/v2\/types\/product"}],"wp:featuredmedia":[{"embeddable":true,"href":"https:\/\/www.lotky.fi\/kauppa\/wp-json\/wp\/v2\/media\/708"}],"wp:attachment":[{"href":"https:\/\/www.lotky.fi\/kauppa\/wp-json\/wp\/v2\/media?parent=729"}],"wp:term":[{"taxonomy":"product_brand","embeddable":true,"href":"https:\/\/www.lotky.fi\/kauppa\/wp-json\/wp\/v2\/product_brand?post=729"},{"taxonomy":"product_cat","embeddable":true,"href":"https:\/\/www.lotky.fi\/kauppa\/wp-json\/wp\/v2\/product_cat?post=729"},{"taxonomy":"product_tag","embeddable":true,"href":"https:\/\/www.lotky.fi\/kauppa\/wp-json\/wp\/v2\/product_tag?post=729"}],"curies":[{"name":"wp","href":"https:\/\/api.w.org\/{rel}","templated":true}]}}