{"id":727,"date":"2017-05-05T11:45:32","date_gmt":"2017-05-05T08:45:32","guid":{"rendered":"http:\/\/www.lotky.fi\/kauppa\/tuote\/gulf-formula-fs-5w-30-200-l\/"},"modified":"2024-09-02T15:15:51","modified_gmt":"2024-09-02T12:15:51","slug":"gulf-formula-fs-5w-30-200-l","status":"publish","type":"product","link":"https:\/\/www.lotky.fi\/kauppa\/tuote\/gulf-formula-fs-5w-30-200-l\/","title":{"rendered":"Gulf Formula FS 5W-30, 208 L"},"content":{"rendered":"<p>GULF FORMULA FS 5W-30 on synteettinen moottori\u00f6ljy joka t\u00e4ytt\u00e4\u00e4 viimeisimm\u00e4t Euro 4 ja Euro 5 p\u00e4\u00e4st\u00f6vaatimukset. Soveltuu erityisesti Ford WSS-M2C 913-D luokituksen vaativiin moottoreihin. Ei pid\u00e4 k\u00e4ytt\u00e4\u00e4 suorasuihkutus tai pumppusuuttimilla varustetuissa diesel moottoreissa jotka vaativat VW 505.01 tai WSS-M2C917-A luokituksen.<\/p>\n<p>Ylitt\u00e4\u00e4 vaatimukset:<br \/>\nACEA: A1\/B1, A5\/B5<br \/>\nFord: WSS-M2C 913-C, WSS-M2C 913-D<\/p>\n","protected":false},"excerpt":{"rendered":"<p>GULF FORMULA FS 5W-30 on synteettinen moottori\u00f6ljy joka t\u00e4ytt\u00e4\u00e4 viimeisimm\u00e4t Euro 4 ja Euro 5 p\u00e4\u00e4st\u00f6vaatimukset. Soveltuu erityisesti Ford WSS-M2C 913-D luokituksen vaativiin moottoreihin. Ei pid\u00e4 k\u00e4ytt\u00e4\u00e4 suorasuihkutus tai pumppusuuttimilla varustetuissa diesel moottoreissa jotka vaativat VW 505.01 tai WSS-M2C917-A luokituksen.<\/p>\n","protected":false},"featured_media":708,"template":"","meta":[],"product_brand":[],"product_cat":[17],"product_tag":[78],"class_list":{"0":"post-727","1":"product","2":"type-product","3":"status-publish","4":"has-post-thumbnail","6":"product_cat-moottorioljyt-kevyt-kalusto","7":"product_tag-ford","9":"first","10":"instock","11":"taxable","12":"shipping-taxable","13":"purchasable","14":"product-type-simple"},"_links":{"self":[{"href":"https:\/\/www.lotky.fi\/kauppa\/wp-json\/wp\/v2\/product\/727","targetHints":{"allow":["GET"]}}],"collection":[{"href":"https:\/\/www.lotky.fi\/kauppa\/wp-json\/wp\/v2\/product"}],"about":[{"href":"https:\/\/www.lotky.fi\/kauppa\/wp-json\/wp\/v2\/types\/product"}],"wp:featuredmedia":[{"embeddable":true,"href":"https:\/\/www.lotky.fi\/kauppa\/wp-json\/wp\/v2\/media\/708"}],"wp:attachment":[{"href":"https:\/\/www.lotky.fi\/kauppa\/wp-json\/wp\/v2\/media?parent=727"}],"wp:term":[{"taxonomy":"product_brand","embeddable":true,"href":"https:\/\/www.lotky.fi\/kauppa\/wp-json\/wp\/v2\/product_brand?post=727"},{"taxonomy":"product_cat","embeddable":true,"href":"https:\/\/www.lotky.fi\/kauppa\/wp-json\/wp\/v2\/product_cat?post=727"},{"taxonomy":"product_tag","embeddable":true,"href":"https:\/\/www.lotky.fi\/kauppa\/wp-json\/wp\/v2\/product_tag?post=727"}],"curies":[{"name":"wp","href":"https:\/\/api.w.org\/{rel}","templated":true}]}}