{"id":726,"date":"2017-05-05T10:48:08","date_gmt":"2017-05-05T07:48:08","guid":{"rendered":"http:\/\/www.lotky.fi\/kauppa\/tuote\/gulf-formula-cfe-5w-30-200-l\/"},"modified":"2024-09-02T15:15:51","modified_gmt":"2024-09-02T12:15:51","slug":"gulf-formula-cfe-5w-30-200-l","status":"publish","type":"product","link":"https:\/\/www.lotky.fi\/kauppa\/tuote\/gulf-formula-cfe-5w-30-200-l\/","title":{"rendered":"Gulf Formula CX 5W-30, 208 L"},"content":{"rendered":"<p>Gulf Formula CX 5W-30 on synteettinen polttoainetta s\u00e4\u00e4st\u00e4v\u00e4 huippuluokan moottori\u00f6ljy korkeatehoisiin ja v\u00e4h\u00e4p\u00e4\u00e4st\u00f6isiin ajoneuvoihin. Se soveltuu useimpiin ajoneuvoihin joissa vaaditaan ACEA C2\/C3 laatuvaatimukset. <strong>Entinen tuotenimi Formula CFE 5w-30<\/strong><\/p>\n<p>T\u00e4ytt\u00e4\u00e4 vaatimukset:<br \/>\nACEA C2\/C3<br \/>\nAPI SP, SN, SN Plus<br \/>\nGM Dexos 2<br \/>\nMB 229.31, 229.51 ja 229.52<br \/>\nOpel OV0401547<br \/>\nBMW LL-04<\/p>\n","protected":false},"excerpt":{"rendered":"<p>Gulf Formula CX 5W-30 on synteettinen polttoainetta s\u00e4\u00e4st\u00e4v\u00e4 huippuluokan moottori\u00f6ljy korkeatehoisiin ja v\u00e4h\u00e4p\u00e4\u00e4st\u00f6isiin ajoneuvoihin. Se soveltuu useimpiin ajoneuvoihin joissa vaaditaan ACEA C2\/C3 laatuvaatimukset. Entinen tuotenimi Formula CFE 5w-30<\/p>\n","protected":false},"featured_media":708,"template":"","meta":[],"product_brand":[],"product_cat":[17],"product_tag":[80,79,136,56],"class_list":{"0":"post-726","1":"product","2":"type-product","3":"status-publish","4":"has-post-thumbnail","6":"product_cat-moottorioljyt-kevyt-kalusto","7":"product_tag-citroen","8":"product_tag-gm","9":"product_tag-mb229-52","10":"product_tag-peugeot","12":"first","13":"instock","14":"taxable","15":"shipping-taxable","16":"purchasable","17":"product-type-simple"},"_links":{"self":[{"href":"https:\/\/www.lotky.fi\/kauppa\/wp-json\/wp\/v2\/product\/726","targetHints":{"allow":["GET"]}}],"collection":[{"href":"https:\/\/www.lotky.fi\/kauppa\/wp-json\/wp\/v2\/product"}],"about":[{"href":"https:\/\/www.lotky.fi\/kauppa\/wp-json\/wp\/v2\/types\/product"}],"wp:featuredmedia":[{"embeddable":true,"href":"https:\/\/www.lotky.fi\/kauppa\/wp-json\/wp\/v2\/media\/708"}],"wp:attachment":[{"href":"https:\/\/www.lotky.fi\/kauppa\/wp-json\/wp\/v2\/media?parent=726"}],"wp:term":[{"taxonomy":"product_brand","embeddable":true,"href":"https:\/\/www.lotky.fi\/kauppa\/wp-json\/wp\/v2\/product_brand?post=726"},{"taxonomy":"product_cat","embeddable":true,"href":"https:\/\/www.lotky.fi\/kauppa\/wp-json\/wp\/v2\/product_cat?post=726"},{"taxonomy":"product_tag","embeddable":true,"href":"https:\/\/www.lotky.fi\/kauppa\/wp-json\/wp\/v2\/product_tag?post=726"}],"curies":[{"name":"wp","href":"https:\/\/api.w.org\/{rel}","templated":true}]}}