{"id":725,"date":"2017-05-03T15:05:47","date_gmt":"2017-05-03T12:05:47","guid":{"rendered":"http:\/\/www.lotky.fi\/kauppa\/tuote\/gulf-supreme-duty-xle-15w-40-200-l\/"},"modified":"2024-09-02T15:16:39","modified_gmt":"2024-09-02T12:16:39","slug":"gulf-supreme-duty-xle-15w-40-200-l","status":"publish","type":"product","link":"https:\/\/www.lotky.fi\/kauppa\/tuote\/gulf-supreme-duty-xle-15w-40-200-l\/","title":{"rendered":"Gulf Supreme Duty ULE 15W-40, 200 L"},"content":{"rendered":"<p>GULF SUPREME DUTY ULE 15W-40 on korkealaatuinen, premium tason raskaankaluston dieselmoottori\u00f6ljy. Sopii erityisesti nykyaikaisiin eritt\u00e4in matalap\u00e4\u00e4st\u00f6isiin ajoneuvoihin jotka ovat varustettu pakokaasun j\u00e4lkik\u00e4sittelylaitteistolla, kuten esim. hiukkassuodatin (DPF*), sek\u00e4 pident\u00e4\u00e4 n\u00e4iden k\u00e4ytt\u00f6ik\u00e4\u00e4.<\/p>\n<p>T\u00e4ytt\u00e4\u00e4 vaatimukset:<br \/>\nACEA E9<br \/>\nAPI CK-4, CJ-4 ym.<br \/>\nCAT ECF-3<br \/>\nMTU Type 2.1<br \/>\nMB 228.31<br \/>\nJASO DH-2<br \/>\nMAN M 3775, M 3575<br \/>\nCES 20081, DDC 93K218, CES 20086, DDC 93K222<br \/>\nFord WSS M2C171-F1<br \/>\nDQC III-10<br \/>\nVolvo VDS-4.5<br \/>\nMack EOS-4.5<br \/>\nRenault VI RLD-4<br \/>\nDeutz DQC III-18 LA<\/p>\n","protected":false},"excerpt":{"rendered":"<p>GULF SUPREME DUTY ULE 15W-40 on korkealaatuinen, premium tason raskaankaluston dieselmoottori\u00f6ljy. Sopii erityisesti nykyaikaisiin eritt\u00e4in matalap\u00e4\u00e4st\u00f6isiin ajoneuvoihin jotka ovat varustettu pakokaasun j\u00e4lkik\u00e4sittelylaitteistolla, kuten esim. hiukkassuodatin (DPF*), sek\u00e4 pident\u00e4\u00e4 n\u00e4iden k\u00e4ytt\u00f6ik\u00e4\u00e4.<\/p>\n","protected":false},"featured_media":708,"template":"","meta":[],"product_brand":[],"product_cat":[18],"product_tag":[74,73,54],"class_list":{"0":"post-725","1":"product","2":"type-product","3":"status-publish","4":"has-post-thumbnail","6":"product_cat-moottorioljyt-raskas-kalusto","7":"product_tag-dpf","8":"product_tag-egr","9":"product_tag-volvo","11":"first","12":"instock","13":"taxable","14":"shipping-taxable","15":"purchasable","16":"product-type-simple"},"_links":{"self":[{"href":"https:\/\/www.lotky.fi\/kauppa\/wp-json\/wp\/v2\/product\/725","targetHints":{"allow":["GET"]}}],"collection":[{"href":"https:\/\/www.lotky.fi\/kauppa\/wp-json\/wp\/v2\/product"}],"about":[{"href":"https:\/\/www.lotky.fi\/kauppa\/wp-json\/wp\/v2\/types\/product"}],"wp:featuredmedia":[{"embeddable":true,"href":"https:\/\/www.lotky.fi\/kauppa\/wp-json\/wp\/v2\/media\/708"}],"wp:attachment":[{"href":"https:\/\/www.lotky.fi\/kauppa\/wp-json\/wp\/v2\/media?parent=725"}],"wp:term":[{"taxonomy":"product_brand","embeddable":true,"href":"https:\/\/www.lotky.fi\/kauppa\/wp-json\/wp\/v2\/product_brand?post=725"},{"taxonomy":"product_cat","embeddable":true,"href":"https:\/\/www.lotky.fi\/kauppa\/wp-json\/wp\/v2\/product_cat?post=725"},{"taxonomy":"product_tag","embeddable":true,"href":"https:\/\/www.lotky.fi\/kauppa\/wp-json\/wp\/v2\/product_tag?post=725"}],"curies":[{"name":"wp","href":"https:\/\/api.w.org\/{rel}","templated":true}]}}