{"id":724,"date":"2017-05-03T14:58:58","date_gmt":"2017-05-03T11:58:58","guid":{"rendered":"http:\/\/www.lotky.fi\/kauppa\/tuote\/gulf-universal-tractor-transmission-fluid-80w-200-l\/"},"modified":"2024-09-02T15:19:37","modified_gmt":"2024-09-02T12:19:37","slug":"gulf-universal-tractor-transmission-fluid-80w-208-l","status":"publish","type":"product","link":"https:\/\/www.lotky.fi\/kauppa\/tuote\/gulf-universal-tractor-transmission-fluid-80w-208-l\/","title":{"rendered":"Gulf Universal Tractor Transmission Fluid 80W, 208 L"},"content":{"rendered":"<p>GULF UNIVERSAL TRACTOR TRANSMISSION FLUID 80W (5W-30) on\u00a0 jatkuvaa kuormitusta kest\u00e4v\u00e4, EP lis\u00e4aineistettu vaihteisto- ja per\u00e4\u00f6ljy. Sopii ns. m\u00e4rk\u00e4kytkimille ja jarruille.<\/p>\n<p>T\u00e4ytt\u00e4\u00e4 vaatimukset:<br \/>\nAPI GL-4<br \/>\nEaton Vickers 35VQ25<br \/>\nFord M2C41B, M2C48-B\/C, M2C86-B\/C, M2C134-D<br \/>\nWhite Q-1705, 1722, 1766, 1766B, 1802, 1826<br \/>\nMassey Ferguson 1127A\/B, 1129A, M1110, M1135, M1141, M1143, M1145<br \/>\nJohn Deere J14 A\/B\/C, J20C\/D, J21A<br \/>\nAllison C-3\/C-4<br \/>\nCaterpillar TO-2<br \/>\nSauer Sunstrand \/Danfoss (Hydrostatic Transfluid)<br \/>\nJ.I.Case\/Case International<br \/>\nMS-1204, 1205, 1206, 1207, 1209, 1210, JIC-143\/144\/145\/185<br \/>\nDenison HF-0, HF-1, HF-2<br \/>\nKubota (UDT Fluid)<\/p>\n","protected":false},"excerpt":{"rendered":"<p>GULF UNIVERSAL TRACTOR TRANSMISSION FLUID 80W (5W-30) on\u00a0 jatkuvaa kuormitusta kest\u00e4v\u00e4, EP lis\u00e4aineistettu vaihteisto- ja per\u00e4\u00f6ljy. Sopii ns. m\u00e4rk\u00e4kytkimille ja jarruille.<\/p>\n","protected":false},"featured_media":708,"template":"","meta":[],"product_brand":[],"product_cat":[23],"product_tag":[83,81,82,99],"class_list":{"0":"post-724","1":"product","2":"type-product","3":"status-publish","4":"has-post-thumbnail","6":"product_cat-maatalousoljyt","7":"product_tag-jarrukylpy","8":"product_tag-markajarrut","9":"product_tag-oljykylpy","10":"product_tag-utto","12":"first","13":"instock","14":"taxable","15":"shipping-taxable","16":"purchasable","17":"product-type-simple"},"_links":{"self":[{"href":"https:\/\/www.lotky.fi\/kauppa\/wp-json\/wp\/v2\/product\/724","targetHints":{"allow":["GET"]}}],"collection":[{"href":"https:\/\/www.lotky.fi\/kauppa\/wp-json\/wp\/v2\/product"}],"about":[{"href":"https:\/\/www.lotky.fi\/kauppa\/wp-json\/wp\/v2\/types\/product"}],"wp:featuredmedia":[{"embeddable":true,"href":"https:\/\/www.lotky.fi\/kauppa\/wp-json\/wp\/v2\/media\/708"}],"wp:attachment":[{"href":"https:\/\/www.lotky.fi\/kauppa\/wp-json\/wp\/v2\/media?parent=724"}],"wp:term":[{"taxonomy":"product_brand","embeddable":true,"href":"https:\/\/www.lotky.fi\/kauppa\/wp-json\/wp\/v2\/product_brand?post=724"},{"taxonomy":"product_cat","embeddable":true,"href":"https:\/\/www.lotky.fi\/kauppa\/wp-json\/wp\/v2\/product_cat?post=724"},{"taxonomy":"product_tag","embeddable":true,"href":"https:\/\/www.lotky.fi\/kauppa\/wp-json\/wp\/v2\/product_tag?post=724"}],"curies":[{"name":"wp","href":"https:\/\/api.w.org\/{rel}","templated":true}]}}