{"id":721,"date":"2017-05-03T14:41:58","date_gmt":"2017-05-03T11:41:58","guid":{"rendered":"http:\/\/www.lotky.fi\/kauppa\/tuote\/gulf-super-tractor-oil-universal-10w-30-200-l\/"},"modified":"2024-09-02T15:19:37","modified_gmt":"2024-09-02T12:19:37","slug":"gulf-super-tractor-oil-universal-10w-30-200-l","status":"publish","type":"product","link":"https:\/\/www.lotky.fi\/kauppa\/tuote\/gulf-super-tractor-oil-universal-10w-30-200-l\/","title":{"rendered":"Gulf Super Tractor Oil Universal 10W-30, 208 L"},"content":{"rendered":"<p>GULF SUPER TRACTOR OIL UNIVERSAL 10W-30 on yleis\u00f6ljy ( STOU ) traktoreihin ja maatalouden koneisiin. K\u00e4ytt\u00f6kohteina moottorit, vaihteistot, hydraulij\u00e4rjestelm\u00e4t \u00f6ljykylpyjarrulliset taka-akselit ym.<\/p>\n<p>T\u00e4ytt\u00e4\u00e4 vaatimukset:<br \/>\nAPI CF-4\/CE\/CF\/SF API GL-4<br \/>\nMassey Ferguson 1139\/1144<br \/>\nJohn Deere J27C<br \/>\nFord M2C 159B<br \/>\nAllison C-4<br \/>\nZF TE ML 06B\/07B<br \/>\nHyv\u00e4ksytty:<br \/>\nMassey Ferguson MF 1145<\/p>\n","protected":false},"excerpt":{"rendered":"<p>GULF SUPER TRACTOR OIL UNIVERSAL 10W-30 on yleis\u00f6ljy ( STOU ) traktoreihin ja maatalouden koneisiin. K\u00e4ytt\u00f6kohteina moottorit, vaihteistot, hydraulij\u00e4rjestelm\u00e4t \u00f6ljykylpyjarrulliset taka-akselit ym.<\/p>\n","protected":false},"featured_media":708,"template":"","meta":[],"product_brand":[],"product_cat":[23],"product_tag":[84,85],"class_list":{"0":"post-721","1":"product","2":"type-product","3":"status-publish","4":"has-post-thumbnail","6":"product_cat-maatalousoljyt","7":"product_tag-stou","8":"product_tag-traktorin-yleisoljy","10":"first","11":"instock","12":"taxable","13":"shipping-taxable","14":"purchasable","15":"product-type-simple"},"_links":{"self":[{"href":"https:\/\/www.lotky.fi\/kauppa\/wp-json\/wp\/v2\/product\/721","targetHints":{"allow":["GET"]}}],"collection":[{"href":"https:\/\/www.lotky.fi\/kauppa\/wp-json\/wp\/v2\/product"}],"about":[{"href":"https:\/\/www.lotky.fi\/kauppa\/wp-json\/wp\/v2\/types\/product"}],"wp:featuredmedia":[{"embeddable":true,"href":"https:\/\/www.lotky.fi\/kauppa\/wp-json\/wp\/v2\/media\/708"}],"wp:attachment":[{"href":"https:\/\/www.lotky.fi\/kauppa\/wp-json\/wp\/v2\/media?parent=721"}],"wp:term":[{"taxonomy":"product_brand","embeddable":true,"href":"https:\/\/www.lotky.fi\/kauppa\/wp-json\/wp\/v2\/product_brand?post=721"},{"taxonomy":"product_cat","embeddable":true,"href":"https:\/\/www.lotky.fi\/kauppa\/wp-json\/wp\/v2\/product_cat?post=721"},{"taxonomy":"product_tag","embeddable":true,"href":"https:\/\/www.lotky.fi\/kauppa\/wp-json\/wp\/v2\/product_tag?post=721"}],"curies":[{"name":"wp","href":"https:\/\/api.w.org\/{rel}","templated":true}]}}