{"id":716,"date":"2017-05-03T11:36:51","date_gmt":"2017-05-03T08:36:51","guid":{"rendered":"http:\/\/www.lotky.fi\/kauppa\/tuote\/gulf-harmony-aw-46-200-l\/"},"modified":"2026-04-20T11:44:26","modified_gmt":"2026-04-20T08:44:26","slug":"gulf-harmony-aw-46-200-l","status":"publish","type":"product","link":"https:\/\/www.lotky.fi\/kauppa\/tuote\/gulf-harmony-aw-46-200-l\/","title":{"rendered":"Gulf Harmony AW 46, 208 L"},"content":{"rendered":"<p>GULF HARMONY AW 46 on kulumisenestoaineilla varustettu hydrauliikka\u00f6ljy. Soveltuu k\u00e4ytett\u00e4v\u00e4ksi sek\u00e4 sis\u00e4-, ett\u00e4 ulkotiloissa. J\u00e4hmepiste -39\u00b0C.<\/p>\n<p>T\u00e4ytt\u00e4\u00e4 vaatimukset:<br \/>\nISO 11158 HM<br \/>\nDIN 51524\/2 HLP<br \/>\nAFNOR NFE 48-603 HM<br \/>\nSauer Danfoss 520L0463<br \/>\nEaton (Vickers) M-2950-S\/M-2952-S\/I-286-S<\/p>\n<p>Hyv\u00e4ksytty:<br \/>\nCincinnati Machine P-70<br \/>\nParker Denison Hydraulics France HF0, HF1, HF2<\/p>\n","protected":false},"excerpt":{"rendered":"<p>GULF HARMONY AW 46 on kulumisenestoaineilla varustettu hydrauliikka\u00f6ljy. Soveltuu k\u00e4ytett\u00e4v\u00e4ksi sek\u00e4 sis\u00e4-, ett\u00e4 ulkotiloissa. J\u00e4hmepiste -33\u00b0C.<\/p>\n","protected":false},"featured_media":708,"template":"","meta":[],"product_brand":[],"product_cat":[6],"product_tag":[],"class_list":{"0":"post-716","1":"product","2":"type-product","3":"status-publish","4":"has-post-thumbnail","6":"product_cat-hydrauliikkaoljyt","8":"first","9":"instock","10":"taxable","11":"shipping-taxable","12":"purchasable","13":"product-type-simple"},"_links":{"self":[{"href":"https:\/\/www.lotky.fi\/kauppa\/wp-json\/wp\/v2\/product\/716","targetHints":{"allow":["GET"]}}],"collection":[{"href":"https:\/\/www.lotky.fi\/kauppa\/wp-json\/wp\/v2\/product"}],"about":[{"href":"https:\/\/www.lotky.fi\/kauppa\/wp-json\/wp\/v2\/types\/product"}],"wp:featuredmedia":[{"embeddable":true,"href":"https:\/\/www.lotky.fi\/kauppa\/wp-json\/wp\/v2\/media\/708"}],"wp:attachment":[{"href":"https:\/\/www.lotky.fi\/kauppa\/wp-json\/wp\/v2\/media?parent=716"}],"wp:term":[{"taxonomy":"product_brand","embeddable":true,"href":"https:\/\/www.lotky.fi\/kauppa\/wp-json\/wp\/v2\/product_brand?post=716"},{"taxonomy":"product_cat","embeddable":true,"href":"https:\/\/www.lotky.fi\/kauppa\/wp-json\/wp\/v2\/product_cat?post=716"},{"taxonomy":"product_tag","embeddable":true,"href":"https:\/\/www.lotky.fi\/kauppa\/wp-json\/wp\/v2\/product_tag?post=716"}],"curies":[{"name":"wp","href":"https:\/\/api.w.org\/{rel}","templated":true}]}}