{"id":710,"date":"2017-05-02T16:02:24","date_gmt":"2017-05-02T13:02:24","guid":{"rendered":"http:\/\/www.lotky.fi\/kauppa\/tuote\/gulf-superfleet-supreme-10w-40-200-l\/"},"modified":"2024-09-02T15:16:39","modified_gmt":"2024-09-02T12:16:39","slug":"gulf-superfleet-supreme-10w-40-200-l","status":"publish","type":"product","link":"https:\/\/www.lotky.fi\/kauppa\/tuote\/gulf-superfleet-supreme-10w-40-200-l\/","title":{"rendered":"Gulf Superfleet Supreme 10W-40, 208 L"},"content":{"rendered":"<p>GULF SUPERFLEET SUPREME 10W-40 on osasynteettinen raskaankaluston moottori\u00f6ljy. Ei sovellu diesel hiukkassuodattimilla (DPF) varustettuihin ajoneuvoihin.<\/p>\n<p>T\u00e4ytt\u00e4\u00e4 vaatimukset:<br \/>\nACEA E7<br \/>\nGlobal DHD-1<br \/>\nMack EO-M Plus<br \/>\nCaterpillar ECF-1a<br \/>\nHyv\u00e4ksytty:<br \/>\nAPI CI-4<br \/>\nMB-Approval 228.3<br \/>\nMAN M 3275<br \/>\nVolvo VDS-3<br \/>\nRenault Trucks RLD-2<br \/>\nCummins CES: 20077\/20078<br \/>\nMTU Oil Category 2<\/p>\n","protected":false},"excerpt":{"rendered":"<p>GULF SUPERFLEET SUPREME 10W-40 on osasynteettinen raskaankaluston moottori\u00f6ljy. Ei sovellu diesel hiukkassuodattimilla varustettuihin ajoneuvoihin.<\/p>\n","protected":false},"featured_media":708,"template":"","meta":[],"product_brand":[],"product_cat":[18],"product_tag":[101,108,113,88],"class_list":{"0":"post-710","1":"product","2":"type-product","3":"status-publish","4":"has-post-thumbnail","6":"product_cat-moottorioljyt-raskas-kalusto","7":"product_tag-edullinen","8":"product_tag-halpa","9":"product_tag-osasynteettinen","10":"product_tag-synteettinen","12":"first","13":"instock","14":"taxable","15":"shipping-taxable","16":"purchasable","17":"product-type-simple"},"_links":{"self":[{"href":"https:\/\/www.lotky.fi\/kauppa\/wp-json\/wp\/v2\/product\/710","targetHints":{"allow":["GET"]}}],"collection":[{"href":"https:\/\/www.lotky.fi\/kauppa\/wp-json\/wp\/v2\/product"}],"about":[{"href":"https:\/\/www.lotky.fi\/kauppa\/wp-json\/wp\/v2\/types\/product"}],"wp:featuredmedia":[{"embeddable":true,"href":"https:\/\/www.lotky.fi\/kauppa\/wp-json\/wp\/v2\/media\/708"}],"wp:attachment":[{"href":"https:\/\/www.lotky.fi\/kauppa\/wp-json\/wp\/v2\/media?parent=710"}],"wp:term":[{"taxonomy":"product_brand","embeddable":true,"href":"https:\/\/www.lotky.fi\/kauppa\/wp-json\/wp\/v2\/product_brand?post=710"},{"taxonomy":"product_cat","embeddable":true,"href":"https:\/\/www.lotky.fi\/kauppa\/wp-json\/wp\/v2\/product_cat?post=710"},{"taxonomy":"product_tag","embeddable":true,"href":"https:\/\/www.lotky.fi\/kauppa\/wp-json\/wp\/v2\/product_tag?post=710"}],"curies":[{"name":"wp","href":"https:\/\/api.w.org\/{rel}","templated":true}]}}