{"id":701,"date":"2017-04-25T11:36:24","date_gmt":"2017-04-25T08:36:24","guid":{"rendered":"http:\/\/www.lotky.fi\/kauppa\/?post_type=product&#038;p=701"},"modified":"2025-07-23T09:44:20","modified_gmt":"2025-07-23T06:44:20","slug":"castrol-agri-trans-plus-80w-208-l","status":"publish","type":"product","link":"https:\/\/www.lotky.fi\/kauppa\/tuote\/castrol-agri-trans-plus-80w-208-l\/","title":{"rendered":"Castrol Transmax Agri Trans Plus 80W, 208 L"},"content":{"rendered":"<p>Castrol Transmax Agri Trans Plus 80W on traktoreiden voimansiirron (UTTO) erikois\u00f6ljy, my\u00f6s m\u00e4rk\u00e4jarruille. Sit\u00e4 voidaan k\u00e4ytt\u00e4\u00e4 hydrauliikassa, vaihteistossa ja voimanulosotossa traktoreissa sek\u00e4 off-road koneissa. Se antaa korkeimman tason kulumissuojan k\u00e4ynnistyksest\u00e4 l\u00e4htien koko k\u00e4ytt\u00f6ajan ja lis\u00e4ksi suojaa korroosiolta. <strong>Entinen tuotenimi:<\/strong> <strong>Castrol Agri Trans Plus 80w.<\/strong><\/p>\n<p>Luokitukset:<br \/>\nAPI GL-4<br \/>\nMF CMS M1145<br \/>\nJDM J20C<br \/>\nFord M2C 134D<br \/>\nVolvo Transmission Oil 97303:23 (WB 101)<br \/>\nCat TO-2<br \/>\nCase MS 1207, MS 1209<br \/>\nZF TE-ML 03E, 05F, 17E<br \/>\nMAT 3505 &amp; MAT 3525<\/p>\n","protected":false},"excerpt":{"rendered":"<p>Castrol Agri Trans Plus 80W on traktoreiden voimansiirron (UTTO) erikois\u00f6ljy, my\u00f6s m\u00e4rk\u00e4jarruille. Sit\u00e4 voidaan k\u00e4ytt\u00e4\u00e4 hydrauliikassa, vaihteistossa ja voimanulosotossa traktoreissa sek\u00e4 off-road koneissa. Se antaa korkeimman tason kulumissuojan k\u00e4ynnistyksest\u00e4 l\u00e4htien koko k\u00e4ytt\u00f6ajan ja lis\u00e4ksi suojaa korroosiolta. Entinen tuotenimi: Castrol Agri Trans Plus 80w.<\/p>\n","protected":false},"featured_media":699,"template":"","meta":[],"product_brand":[],"product_cat":[23],"product_tag":[],"class_list":{"0":"post-701","1":"product","2":"type-product","3":"status-publish","4":"has-post-thumbnail","6":"product_cat-maatalousoljyt","8":"first","9":"instock","10":"taxable","11":"shipping-taxable","12":"purchasable","13":"product-type-simple"},"_links":{"self":[{"href":"https:\/\/www.lotky.fi\/kauppa\/wp-json\/wp\/v2\/product\/701","targetHints":{"allow":["GET"]}}],"collection":[{"href":"https:\/\/www.lotky.fi\/kauppa\/wp-json\/wp\/v2\/product"}],"about":[{"href":"https:\/\/www.lotky.fi\/kauppa\/wp-json\/wp\/v2\/types\/product"}],"wp:featuredmedia":[{"embeddable":true,"href":"https:\/\/www.lotky.fi\/kauppa\/wp-json\/wp\/v2\/media\/699"}],"wp:attachment":[{"href":"https:\/\/www.lotky.fi\/kauppa\/wp-json\/wp\/v2\/media?parent=701"}],"wp:term":[{"taxonomy":"product_brand","embeddable":true,"href":"https:\/\/www.lotky.fi\/kauppa\/wp-json\/wp\/v2\/product_brand?post=701"},{"taxonomy":"product_cat","embeddable":true,"href":"https:\/\/www.lotky.fi\/kauppa\/wp-json\/wp\/v2\/product_cat?post=701"},{"taxonomy":"product_tag","embeddable":true,"href":"https:\/\/www.lotky.fi\/kauppa\/wp-json\/wp\/v2\/product_tag?post=701"}],"curies":[{"name":"wp","href":"https:\/\/api.w.org\/{rel}","templated":true}]}}