{"id":700,"date":"2017-04-25T11:10:46","date_gmt":"2017-04-25T08:10:46","guid":{"rendered":"http:\/\/www.lotky.fi\/kauppa\/?post_type=product&#038;p=700"},"modified":"2026-03-11T13:25:57","modified_gmt":"2026-03-11T11:25:57","slug":"kesalasinpesuneste-108-x-5-l-lava","status":"publish","type":"product","link":"https:\/\/www.lotky.fi\/kauppa\/tuote\/kesalasinpesuneste-108-x-5-l-lava\/","title":{"rendered":"Kes\u00e4lasinpesuneste 108 x 5 L lava"},"content":{"rendered":"<p>K\u00e4ytt\u00f6valmis lasinpesuneste on tehokas pesuaine, joka poistaa tuulilasista hy\u00f6nteisj\u00e4\u00e4nteet ja pit\u00e4\u00e4 lasin puhtaana ja kirkkaana. Ei j\u00e4t\u00e4 h\u00e4iritsev\u00e4\u00e4 kalvoa.<\/p>\n<p>K\u00e4ytet\u00e4\u00e4n laimentamattomana.<\/p>\n","protected":false},"excerpt":{"rendered":"<p>K\u00e4ytt\u00f6valmis lasinpesuneste on tehokas pesuaine, joka poistaa tuulilasista hy\u00f6nteisj\u00e4\u00e4nteet ja pit\u00e4\u00e4 lasin puhtaana ja kirkkaana. Ei j\u00e4t\u00e4 h\u00e4iritsev\u00e4\u00e4 kalvoa. K\u00e4ytet\u00e4\u00e4n laimentamattomana.<\/p>\n","protected":false},"featured_media":484,"template":"","meta":[],"product_brand":[],"product_cat":[34],"product_tag":[],"class_list":{"0":"post-700","1":"product","2":"type-product","3":"status-publish","4":"has-post-thumbnail","6":"product_cat-nesteet-ja-kemikaalit","8":"first","9":"instock","10":"taxable","11":"shipping-taxable","12":"purchasable","13":"product-type-simple"},"_links":{"self":[{"href":"https:\/\/www.lotky.fi\/kauppa\/wp-json\/wp\/v2\/product\/700","targetHints":{"allow":["GET"]}}],"collection":[{"href":"https:\/\/www.lotky.fi\/kauppa\/wp-json\/wp\/v2\/product"}],"about":[{"href":"https:\/\/www.lotky.fi\/kauppa\/wp-json\/wp\/v2\/types\/product"}],"wp:featuredmedia":[{"embeddable":true,"href":"https:\/\/www.lotky.fi\/kauppa\/wp-json\/wp\/v2\/media\/484"}],"wp:attachment":[{"href":"https:\/\/www.lotky.fi\/kauppa\/wp-json\/wp\/v2\/media?parent=700"}],"wp:term":[{"taxonomy":"product_brand","embeddable":true,"href":"https:\/\/www.lotky.fi\/kauppa\/wp-json\/wp\/v2\/product_brand?post=700"},{"taxonomy":"product_cat","embeddable":true,"href":"https:\/\/www.lotky.fi\/kauppa\/wp-json\/wp\/v2\/product_cat?post=700"},{"taxonomy":"product_tag","embeddable":true,"href":"https:\/\/www.lotky.fi\/kauppa\/wp-json\/wp\/v2\/product_tag?post=700"}],"curies":[{"name":"wp","href":"https:\/\/api.w.org\/{rel}","templated":true}]}}