{"id":670,"date":"2017-02-09T12:27:44","date_gmt":"2017-02-09T10:27:44","guid":{"rendered":"http:\/\/www.lotky.fi\/kauppa\/?post_type=product&#038;p=670"},"modified":"2026-04-02T14:26:30","modified_gmt":"2026-04-02T11:26:30","slug":"valvoline-all-fleet-extra-le-15w-40-1000-l","status":"publish","type":"product","link":"https:\/\/www.lotky.fi\/kauppa\/tuote\/valvoline-all-fleet-extra-le-15w-40-1000-l\/","title":{"rendered":"Valvoline All Fleet Superior LE 15W-40, 1000 L"},"content":{"rendered":"<p>Valvoline All Fleet Superior LE 15w-40 on OEM- hyv\u00e4ksytty moottori\u00f6ljy. Se soveltuu k\u00e4ytett\u00e4v\u00e4ksi moottoreissa, kun suosituksena on ACEA E7, E9 tai API CK-4, CI-4, CI-4+, CH-4, CJ-4 SAE 15W-40. Raskaan kaluston moottori\u00f6ljy moderneihin dieselmoottoreihin, jotka on varustettu EGR- ja SCR- pakokaasujen j\u00e4lkik\u00e4sittelyj\u00e4rjestelmill\u00e4 ja\/tai dieselhiukkassuodattimella (DPF) varustetuille moottoreille. Sopii Euro-6 moottoreihin* (*Euro 6 suositukset vaihtelevat ajoneuvoittain, tarkista ajoneuvovalmistajan ohjekirja). Erinomainen suoritusky stop-go- k\u00e4yt\u00f6ss\u00e4, kuten ty\u00f6koneissa, maataloudessa, rakennust\u00f6iss\u00e4 ja kaivoksissa. Kuorma- ja linja-autoihin sek\u00e4 ty\u00f6koneisiin. <strong>Entinen tuotenimi: All Fleet Extra LE 15w40<\/strong><\/p>\n<p>Luokitukset:<br \/>\nSAE 15w-40<br \/>\nAPI: CK-4, CI-4, CI-4+, CH-4, CJ-4<br \/>\nACEA: E7, E9<br \/>\nCaterpillar ECF-3<br \/>\nCES 20086, 20081<br \/>\nDetroit Diesel DFS93 K222, K218,<br \/>\nFord WSS-M2C171-F1<br \/>\nDeutz DQC III-10 LA, II-10 LA<br \/>\nJASO DH-1, DH-2<br \/>\nMack OE-N Premium Plus, OE-S-4.5<br \/>\nMAN 3575<br \/>\nRenault RLD-3<br \/>\nVolvo VDS-4, VDS-3<\/p>\n","protected":false},"excerpt":{"rendered":"<p>Valvoline All Fleet Superior LE 15w-40 on OEM- hyv\u00e4ksytty moottori\u00f6ljy. Se soveltuu k\u00e4ytett\u00e4v\u00e4ksi moottoreissa, kun suosituksena on ACEA E7, E9 tai API CK-4, CI-4, CI-4+, CH-4, CJ-4 SAE 15W-40. Raskaan kaluston moottori\u00f6ljy moderneihin dieselmoottoreihin, jotka on varustettu EGR- ja SCR- pakokaasujen j\u00e4lkik\u00e4sittelyj\u00e4rjestelmill\u00e4 ja\/tai dieselhiukkassuodattimella (DPF) varustetuille moottoreille. Sopii Euro-6 moottoreihin* (*Euro 6 suositukset vaihtelevat ajoneuvoittain, [&hellip;]<\/p>\n","protected":false},"featured_media":432,"template":"","meta":[],"product_brand":[],"product_cat":[18],"product_tag":[],"class_list":{"0":"post-670","1":"product","2":"type-product","3":"status-publish","4":"has-post-thumbnail","6":"product_cat-moottorioljyt-raskas-kalusto","8":"first","9":"instock","10":"taxable","11":"shipping-taxable","12":"purchasable","13":"product-type-simple"},"_links":{"self":[{"href":"https:\/\/www.lotky.fi\/kauppa\/wp-json\/wp\/v2\/product\/670","targetHints":{"allow":["GET"]}}],"collection":[{"href":"https:\/\/www.lotky.fi\/kauppa\/wp-json\/wp\/v2\/product"}],"about":[{"href":"https:\/\/www.lotky.fi\/kauppa\/wp-json\/wp\/v2\/types\/product"}],"wp:featuredmedia":[{"embeddable":true,"href":"https:\/\/www.lotky.fi\/kauppa\/wp-json\/wp\/v2\/media\/432"}],"wp:attachment":[{"href":"https:\/\/www.lotky.fi\/kauppa\/wp-json\/wp\/v2\/media?parent=670"}],"wp:term":[{"taxonomy":"product_brand","embeddable":true,"href":"https:\/\/www.lotky.fi\/kauppa\/wp-json\/wp\/v2\/product_brand?post=670"},{"taxonomy":"product_cat","embeddable":true,"href":"https:\/\/www.lotky.fi\/kauppa\/wp-json\/wp\/v2\/product_cat?post=670"},{"taxonomy":"product_tag","embeddable":true,"href":"https:\/\/www.lotky.fi\/kauppa\/wp-json\/wp\/v2\/product_tag?post=670"}],"curies":[{"name":"wp","href":"https:\/\/api.w.org\/{rel}","templated":true}]}}