{"id":648,"date":"2017-01-30T15:20:06","date_gmt":"2017-01-30T13:20:06","guid":{"rendered":"http:\/\/www.lotky.fi\/kauppa\/?post_type=product&#038;p=648"},"modified":"2026-04-02T14:22:37","modified_gmt":"2026-04-02T11:22:37","slug":"valvoline-heavy-duty-atf-pro-208l","status":"publish","type":"product","link":"https:\/\/www.lotky.fi\/kauppa\/tuote\/valvoline-heavy-duty-atf-pro-208l\/","title":{"rendered":"Valvoline Heavy Duty ATF Pro, 208L"},"content":{"rendered":"<p>Valvoline Heavy Duty ATF Pro on t\u00e4yssynteetinen automaattivaihteisto\u00f6ljy raskaalle kalustolle, kuorma-autoihin, busseihin ja muuhun liikkuvaan kalustoon. Tarjoaa lis\u00e4\u00e4ntyneen suojan ja voitelun kaikissa olosuhteissa ja toimii hyvin todella alhaisissa l\u00e4mp\u00f6tiloissa. Valvoline Heavy Duty ATF Pro on suunniteltu t\u00e4ytt\u00e4m\u00e4\u00e4n sek\u00e4 modernien ett\u00e4 perinteisten automaattivaihteisten kuorma- ja linja-autojen tarpeet.<\/p>\n<p>Luokitukset:<br \/>\nMB 236.1<br \/>\nVoith H55.633533<br \/>\nZF TE-ML 14A,<br \/>\nGM Dexron IID<br \/>\nFord Mercon<br \/>\nMAN 339 Type Z1, MAN 339 Type V1<br \/>\nAllison C-4<br \/>\nZF TE-ML 03D, 04D, 05L, 09, 11A, 17C, 21<\/p>\n","protected":false},"excerpt":{"rendered":"<p>Valvoline Heavy Duty ATF Pro on t\u00e4yssynteetinen automaattivaihteisto\u00f6ljy raskaalle kalustolle, kuorma-autoihin, busseihin ja muuhun liikkuvaan kalustoon. Tarjoaa lis\u00e4\u00e4ntyneen suojan ja voitelun kaikissa olosuhteissa ja toimii hyvin todella alhaisissa l\u00e4mp\u00f6tiloissa. Valvoline Heavy Duty ATF Pro on suunniteltu t\u00e4ytt\u00e4m\u00e4\u00e4n sek\u00e4 modernien ett\u00e4 perinteisten automaattivaihteisten kuorma- ja linja-autojen tarpeet.<\/p>\n","protected":false},"featured_media":472,"template":"","meta":[],"product_brand":[],"product_cat":[25],"product_tag":[],"class_list":{"0":"post-648","1":"product","2":"type-product","3":"status-publish","4":"has-post-thumbnail","6":"product_cat-automaattivaihteistooljyt","8":"first","9":"instock","10":"taxable","11":"shipping-taxable","12":"purchasable","13":"product-type-simple"},"_links":{"self":[{"href":"https:\/\/www.lotky.fi\/kauppa\/wp-json\/wp\/v2\/product\/648","targetHints":{"allow":["GET"]}}],"collection":[{"href":"https:\/\/www.lotky.fi\/kauppa\/wp-json\/wp\/v2\/product"}],"about":[{"href":"https:\/\/www.lotky.fi\/kauppa\/wp-json\/wp\/v2\/types\/product"}],"wp:featuredmedia":[{"embeddable":true,"href":"https:\/\/www.lotky.fi\/kauppa\/wp-json\/wp\/v2\/media\/472"}],"wp:attachment":[{"href":"https:\/\/www.lotky.fi\/kauppa\/wp-json\/wp\/v2\/media?parent=648"}],"wp:term":[{"taxonomy":"product_brand","embeddable":true,"href":"https:\/\/www.lotky.fi\/kauppa\/wp-json\/wp\/v2\/product_brand?post=648"},{"taxonomy":"product_cat","embeddable":true,"href":"https:\/\/www.lotky.fi\/kauppa\/wp-json\/wp\/v2\/product_cat?post=648"},{"taxonomy":"product_tag","embeddable":true,"href":"https:\/\/www.lotky.fi\/kauppa\/wp-json\/wp\/v2\/product_tag?post=648"}],"curies":[{"name":"wp","href":"https:\/\/api.w.org\/{rel}","templated":true}]}}