{"id":646,"date":"2017-01-30T12:04:48","date_gmt":"2017-01-30T10:04:48","guid":{"rendered":"http:\/\/www.lotky.fi\/kauppa\/?post_type=product&#038;p=646"},"modified":"2026-04-02T14:21:57","modified_gmt":"2026-04-02T11:21:57","slug":"valvoline-heavy-duty-atf-208l","status":"publish","type":"product","link":"https:\/\/www.lotky.fi\/kauppa\/tuote\/valvoline-heavy-duty-atf-208l\/","title":{"rendered":"Valvoline Light &amp; Heavy Duty ATF \/ CVT, 208 L"},"content":{"rendered":"<p>Valvoline Light &amp; Heavy Duty ATF \/ CVT on t\u00e4yssynteettinen korkealuokkainen ja eritt\u00e4in monik\u00e4ytt\u00f6inen automaattivaihteisto\u00f6ljy, joka sopii my\u00f6s portaattomille automaattivaihteistoille. Soveltuu k\u00e4ytett\u00e4v\u00e4ksi henkil\u00f6- ja pakettiautoissa sek\u00e4 raskaan kaluston ajoneuvoissa. Laajat luokitukset omaava tuote on suunniteltu t\u00e4ytt\u00e4m\u00e4\u00e4n useimpien nykyisten automaattivaihteistojen tarpeet: yksi tuote usealle ajoneuvolle. Tuote on valmistettu tarkkaan valikoiduista lis\u00e4aineista ja perus\u00f6ljyist\u00e4, jotta sit\u00e4 voidaan k\u00e4ytt\u00e4\u00e4 my\u00f6s ankarissa olosuhteissa ja laajalla l\u00e4mp\u00f6tila-alueella. Kehittynyt koostumus auttaa pit\u00e4m\u00e4\u00e4n vaihteiston toimintakunnossa ja parantaa sen suorituskyky\u00e4. Valvoline ATF Light &amp; Heavy-Duty ATF \/ CVT -vaihteisto\u00f6ljy suojaa tiivisteet, ehk\u00e4isee vuodot ja maksimoi pehme\u00e4n vaihtamisen. Soveltuu my\u00f6s pitkille vaihtov\u00e4leille vakaan viskositetiin ansiosta.<\/p>\n<p><strong>Luokitukset:<\/strong><br \/>\nAcura: ATF-Z1<br \/>\nAisin Warner: AW-1, JWS 3309, JWS 3324<br \/>\nAllison: C-3, C-4, ES-295, TES-389<br \/>\nAmerican Motors: ATF +3, +4<br \/>\nApplo\/IKC: ATF RED 1, RED 1K<br \/>\nAudi: LT71141, Multitronic<br \/>\nAudi\/VW: G 052 025-A2, G 052 162-A1\/A2, G 052 990, G 053 025-A2, G 055 005-A\/A1\/A2, G 055 025A2, G 055 162-A2\/A6, G 055 540-A2, G 060 162, G 055 190, TL 521 16 (G 052 516), TL 521 80 (G 052 180), TL 521 90 (G 052 190)<\/p>\n<p>Bentley: PY112995PA<br \/>\nBMW: 7045E (83.220.026.922), 81.229.400.272\/275, 81.229.407.858\/859, 83.220.243.59, 83.220.403.248, 83.220.403.249, 83.229.407.765, 83.220.142.516, 83.220.397.114, 83.220.402.413, 83.222.152.426, 83.222.289.720, 83.227.542.290, 83.229.407.807, ATF 3.0, JWS 3309, LA2634, LT71141, M-1375.4, ZF Lifeguardfluid 6\/8<br \/>\nBosch: TE-ML 09<\/p>\n<p>Caterpillar: CAT TO-2<br \/>\nChery: CVT<br \/>\nChrysler: ATF+3, +4, +2, +, MOPAR AS 68 RT (T-IV), JWS 3309, NAG 2<br \/>\nChrysler\/Dodge\/Jeep: 05127382AA, 68043742AA, 68157995AA, CVT+4, NS-2<\/p>\n<p>Daewoo: LT 71141<br \/>\nDaihatsu: AMMIX ATF D-II, ATF D-III SP, CVTF DFE, CVT Fluid DC\/DFC, Fluid TC<br \/>\nFiat: T-IV type, JWS 3309<br \/>\nFord: ESP-M2C166H, XL-12, FNR5, M2C138CJ, M2C166H, Mercon LV\/SR\/V, Mercon, Type F\/G, WSS-M2C-138CJ\/166H, WSS-M2C-922A1\/924A, XT-2-QDX(M)\/QSM(Syn), XT-5-QM(V), XT-6-QSP(SP), XT-9-QMMF5, CFT, CVT 30, Mercon CFujijyuuko: i-CVTF FG<br \/>\nFuso: ATF-A4\/II\/SPIII<\/p>\n<p>GM: 1940700, 1940767, 12378515, 21005966, 22717466, 88900925, 93160393, Autotrak II, Dexron-II\/IIE\/IIIG\/IIIH\/VI\/TASA\/MD<br \/>\nGM\/GMC\/Opel\/Saturn: 88863400, 88863401, AW-1, DEX-CVT<br \/>\nHino: Blue Ribbon ATF<br \/>\nHonda: ATF-Z1 (except in CVTs), DW-1, Type 3.0\/3.1, Multimatic HMMF (without starting clutch), HCF2, Z-1 (CVT model, without starting clutch), Honda CVT<br \/>\nHyundai\/Kia: 040000C90SG, DEX-II\/SP-II, NWS 9638, SP-III\/IV\/IV-H, IV-M, IV-RR, WS3314, CVT-J1, SP III (CVT model)<\/p>\n<p>Idemitsu: K17 3100 PL085, CVT-EX1<br \/>\nIsuzu: 08200-9001, SCS Fluid<br \/>\nIsuzu Besco: ATF-II\/III\/SP<br \/>\nJaguar: AFT LT 71141, ZF 5HP24, ATF 3403, JLM20238, ATF 3403-M115, Jaguar Fluid 8432, JLM 20292\/210044<br \/>\nJASO: M315-2013 1A\/1A-LV\/2A<br \/>\nJeep: ATF +3\/+4<\/p>\n<p>Kia: ATF Red 1\/SP-II\/SP-III\/SP-IV\/SP-IV M<br \/>\nLand Rover: LR0022460, LR023288, TYK500050<br \/>\nLexus: JWS 3309, Fluid TC\/FE<\/p>\n<p>MAN: 339 Type D\/Type F\/V1\/V2\/Z1\/Z2\/Z3<br \/>\nMaserati: 231603<br \/>\nMazda: ATF 3317\/F-1\/FZ\/M-III\/M-V\/N-1\/S-1, D-II, JWS 3320<br \/>\nMercedes Benz: 236.1, 236.11, 236.12, 236.14, 236.15, 236.16, 236.2, 236.3, 236.41, 236.6, 236.7, 236.8, 236.9, 239.91, ZF 4HP20, 236.20\/CVT28<br \/>\nMini Cooper: T-IV, EZL 799\/88 22 0 136 376\/ 83 22 0 429 154, EZL\/EZL 799A.ZF CVT V1<\/p>\n<p>Micellaneous: M1375.6<br \/>\nMitsubishi: Diaqueen ATF PA\/AW\/J2\/J3\/SK\/SP-II\/SP-III\/SP-IV, CVTF-J1\/J4\/J4+, Diaqueen SP-III (CVT model only)<br \/>\nNissan: Matic Fluid C\/D\/J\/K\/S\/W, KTF-1, NS-1\/2\/3<br \/>\nOpel\/GM: 9986195, 88900925, 1940700, 1940767, 21005966 Transaxle, 2.217.466<\/p>\n<p>Peugeot\/Citroen: Z000169756<br \/>\nPeugeot: ZF 4HP20<br \/>\nPorsche: 000 043 205 09, 000 043 205 28, 00 043 304 00, 999 917 547 00 (A2), ATF 3403-M115, T-IV (JWS 3309), Z000169756, ZF 5HP19FL, ZF 5HP20, LT 71141<br \/>\nPunch: CVT<\/p>\n<p>Renault: DPO\/AL4, Matic D2, Samsung SATF-D, ElfMaticCVT<br \/>\nRover: Unipart Superflow CVT (without starting clutch)<br \/>\nSaab: 93.160.393, 93.165.147, T-IV (JWS 3309)<br \/>\nScion: All Vehicles<\/p>\n<p>Subaru: DSIH 5M-66, ATF, ATF 5AT\/HP, Dexron-II, K0140Y0700, ECVT, ICVT, ICVT FG, Lineartronic chain CVT and CVT II fluid, Lineartronic High Torque CVT Fluid, CV-30, K0425Y0710, NS-2<br \/>\nSuzuki: AT Oil 5D06, ATF 2326\/2384K\/3314\/3317\/AW-1, JWS 3309, CVT TC\/3320\/Green 1&amp;2\/Green 1V, NS-2<br \/>\nToyota: ATF D-II\/D-III\/T-III\/T-IV\/Type T\/WS, CVTF FE\/TC, Prius (power split CVT, Toyota WS hybrid planetary gear set with a belt driven CVT)<\/p>\n<p>Vickers: M2950-S, I-286-S<br \/>\nVoith: 55.6335.XX (G607), 55.6336.XX (G13636), Service Bulletin #013\/#118<br \/>\nVolvo: 97325, 97335, CE 97340\/97341\/97342, PN 1161521\/1161540\/1161640, STD 1273 41<\/p>\n<p>VW: 5 HP (ZF 5 HP 30, 18FL 30, 19FL 24A), G US 000 162, G 052 025-A2\/055\/162-A1 A2\/990, G 053 025-A2, G 055 005-A\/A1\/A2, G 055 025-A2, G 055 162-A2\/A6, G 055 540-A2, G 060 162, G 053 162-A1, LT 71141, TL 521 62, JCVT 4959<\/p>\n<p>ZF: 3\/4\/6 speed transmission, TE-ML 02F\/03D\/04D\/05L\/09\/11A\/11B\/14A\/14B\/14C\/16L\/17C\/21L, ZF 8 speed transmissions<\/p>\n","protected":false},"excerpt":{"rendered":"<p>Valvoline Light &amp; Heavy Duty ATF \/ CVT on t\u00e4yssynteettinen korkealuokkainen ja eritt\u00e4in monik\u00e4ytt\u00f6inen automaattivaihteisto\u00f6ljy, joka sopii my\u00f6s portaattomille automaattivaihteistoille. Soveltuu k\u00e4ytett\u00e4v\u00e4ksi henkil\u00f6- ja pakettiautoissa sek\u00e4 raskaan kaluston ajoneuvoissa. Laajat luokitukset omaava tuote on suunniteltu t\u00e4ytt\u00e4m\u00e4\u00e4n useimpien nykyisten automaattivaihteistojen tarpeet: yksi tuote usealle ajoneuvolle. Tuote on valmistettu tarkkaan valikoiduista lis\u00e4aineista ja perus\u00f6ljyist\u00e4, jotta sit\u00e4 voidaan [&hellip;]<\/p>\n","protected":false},"featured_media":472,"template":"","meta":[],"product_brand":[],"product_cat":[25],"product_tag":[],"class_list":{"0":"post-646","1":"product","2":"type-product","3":"status-publish","4":"has-post-thumbnail","6":"product_cat-automaattivaihteistooljyt","8":"first","9":"instock","10":"taxable","11":"shipping-taxable","12":"purchasable","13":"product-type-simple"},"_links":{"self":[{"href":"https:\/\/www.lotky.fi\/kauppa\/wp-json\/wp\/v2\/product\/646","targetHints":{"allow":["GET"]}}],"collection":[{"href":"https:\/\/www.lotky.fi\/kauppa\/wp-json\/wp\/v2\/product"}],"about":[{"href":"https:\/\/www.lotky.fi\/kauppa\/wp-json\/wp\/v2\/types\/product"}],"wp:featuredmedia":[{"embeddable":true,"href":"https:\/\/www.lotky.fi\/kauppa\/wp-json\/wp\/v2\/media\/472"}],"wp:attachment":[{"href":"https:\/\/www.lotky.fi\/kauppa\/wp-json\/wp\/v2\/media?parent=646"}],"wp:term":[{"taxonomy":"product_brand","embeddable":true,"href":"https:\/\/www.lotky.fi\/kauppa\/wp-json\/wp\/v2\/product_brand?post=646"},{"taxonomy":"product_cat","embeddable":true,"href":"https:\/\/www.lotky.fi\/kauppa\/wp-json\/wp\/v2\/product_cat?post=646"},{"taxonomy":"product_tag","embeddable":true,"href":"https:\/\/www.lotky.fi\/kauppa\/wp-json\/wp\/v2\/product_tag?post=646"}],"curies":[{"name":"wp","href":"https:\/\/api.w.org\/{rel}","templated":true}]}}