{"id":627,"date":"2016-12-22T15:14:14","date_gmt":"2016-12-22T13:14:14","guid":{"rendered":"http:\/\/www.lotky.fi\/kauppa\/?post_type=product&#038;p=627"},"modified":"2026-04-02T14:20:34","modified_gmt":"2026-04-02T11:20:34","slug":"valvoline-all-climate-5w-40-208l","status":"publish","type":"product","link":"https:\/\/www.lotky.fi\/kauppa\/tuote\/valvoline-all-climate-5w-40-208l\/","title":{"rendered":"Valvoline All Climate 5W-40, 208L"},"content":{"rendered":"<p>Valvoline All-Climate 5W-40 moottori\u00f6ljy pit\u00e4\u00e4 moottorin puhtaana vaihtelevissa ajo-olosuhteissa. Korkealaatuinen, t\u00e4yssynteettinen moottori\u00f6ljy. Kehitetty ymp\u00e4rivuotiseen k\u00e4ytt\u00f6\u00f6n. Testattu ja luotettu teknologia henkil\u00f6- ja pakettiautojen ahdetuille sek\u00e4 ahtamattomattomille bensiini-, diesel- ja nestekaasu-moottoreille.<\/p>\n<p>Luokitukset:<\/p>\n<p>SAE 5W-40 t\u00e4yssynteettinen<br \/>\nAPI: SN\/CF<br \/>\nACEA: A3\/B3, A3\/B4<br \/>\nMB-229.3<br \/>\nRN0700\/0710,<br \/>\nVW 50200\/50500.<br \/>\nAPI: SN\/CF<br \/>\nACEA: A3\/B3, A3\/B4<\/p>\n","protected":false},"excerpt":{"rendered":"<p>Valvoline All-Climate 5W-40 moottori\u00f6ljy pit\u00e4\u00e4 moottorin puhtaana vaihtelevissa ajo-olosuhteissa. Korkealaatuinen, t\u00e4yssynteettinen moottori\u00f6ljy. Kehitetty ymp\u00e4rivuotiseen k\u00e4ytt\u00f6\u00f6n. Testattu ja luotettu teknologia henkil\u00f6- ja pakettiautojen ahdetuille sek\u00e4 ahtamattomattomille bensiini-, diesel- ja nestekaasu-moottoreille.<\/p>\n","protected":false},"featured_media":472,"template":"","meta":[],"product_brand":[],"product_cat":[17],"product_tag":[101,108],"class_list":{"0":"post-627","1":"product","2":"type-product","3":"status-publish","4":"has-post-thumbnail","6":"product_cat-moottorioljyt-kevyt-kalusto","7":"product_tag-edullinen","8":"product_tag-halpa","10":"first","11":"instock","12":"taxable","13":"shipping-taxable","14":"purchasable","15":"product-type-simple"},"_links":{"self":[{"href":"https:\/\/www.lotky.fi\/kauppa\/wp-json\/wp\/v2\/product\/627","targetHints":{"allow":["GET"]}}],"collection":[{"href":"https:\/\/www.lotky.fi\/kauppa\/wp-json\/wp\/v2\/product"}],"about":[{"href":"https:\/\/www.lotky.fi\/kauppa\/wp-json\/wp\/v2\/types\/product"}],"wp:featuredmedia":[{"embeddable":true,"href":"https:\/\/www.lotky.fi\/kauppa\/wp-json\/wp\/v2\/media\/472"}],"wp:attachment":[{"href":"https:\/\/www.lotky.fi\/kauppa\/wp-json\/wp\/v2\/media?parent=627"}],"wp:term":[{"taxonomy":"product_brand","embeddable":true,"href":"https:\/\/www.lotky.fi\/kauppa\/wp-json\/wp\/v2\/product_brand?post=627"},{"taxonomy":"product_cat","embeddable":true,"href":"https:\/\/www.lotky.fi\/kauppa\/wp-json\/wp\/v2\/product_cat?post=627"},{"taxonomy":"product_tag","embeddable":true,"href":"https:\/\/www.lotky.fi\/kauppa\/wp-json\/wp\/v2\/product_tag?post=627"}],"curies":[{"name":"wp","href":"https:\/\/api.w.org\/{rel}","templated":true}]}}