{"id":595,"date":"2016-11-11T13:07:48","date_gmt":"2016-11-11T11:07:48","guid":{"rendered":"http:\/\/www.lotky.fi\/kauppa\/?post_type=product&#038;p=595"},"modified":"2026-04-02T14:18:19","modified_gmt":"2026-04-02T11:18:19","slug":"595","status":"publish","type":"product","link":"https:\/\/www.lotky.fi\/kauppa\/tuote\/595\/","title":{"rendered":"Valvoline Synpower FE 0W-30, 208L"},"content":{"rendered":"<p>Valvoline Synpower FE 0W-30 on t\u00e4yssynteettinen, matalakitkainen moottori\u00f6ljy. Sit\u00e4 suositellaan erityisesti uusiin Volvoihin. Sopii my\u00f6s henkil\u00f6autoille, joissa suosituksena on ACEA A1\/B1 SAE 0W-30, kuten er\u00e4\u00e4t Honda, Subaru ja Suzuki mallit. (Tarkista huolellisesti k\u00e4ytt\u00f6ohjekirjasta ennen k\u00e4ytt\u00f6\u00e4). V\u00e4hent\u00e4\u00e4 lietteen muodostusta. Tehokas kulumissuoja, parempi \u00f6ljykalvon kest\u00e4vyys. Erinomaiset kylm\u00e4k\u00e4ynnistysominaisuudet.<\/p>\n<p>Luokitukset:<br \/>\nVolvo recommended<br \/>\nAPI SJ\/SL\/CF<br \/>\nACEA A1\/B1, A5\/B5<\/p>\n","protected":false},"excerpt":{"rendered":"<p>Valvoline Synpower FE 0W-30 on t\u00e4yssynteettinen moottori\u00f6ljy, erityisesti uusiin Volvoihin. Sopii my\u00f6s henkil\u00f6autoille, joissa suosituksena on ACEA A1\/B1 SAE 0W-20, kuten er\u00e4\u00e4t Honda, Subaru ja Suzuki mallit. (Tarkista huolellisesti k\u00e4ytt\u00f6ohjekirjasta ennen k\u00e4ytt\u00f6\u00e4). V\u00e4hent\u00e4\u00e4 lietteen muodostusta. Tehokas kulumissuoja, parempi \u00f6ljykalvon kest\u00e4vyys. Erinomaiset kylm\u00e4k\u00e4ynnistysominaisuudet. \u00a0<\/p>\n","protected":false},"featured_media":472,"template":"","meta":[],"product_brand":[],"product_cat":[17],"product_tag":[],"class_list":{"0":"post-595","1":"product","2":"type-product","3":"status-publish","4":"has-post-thumbnail","6":"product_cat-moottorioljyt-kevyt-kalusto","8":"first","9":"instock","10":"taxable","11":"shipping-taxable","12":"purchasable","13":"product-type-simple"},"_links":{"self":[{"href":"https:\/\/www.lotky.fi\/kauppa\/wp-json\/wp\/v2\/product\/595","targetHints":{"allow":["GET"]}}],"collection":[{"href":"https:\/\/www.lotky.fi\/kauppa\/wp-json\/wp\/v2\/product"}],"about":[{"href":"https:\/\/www.lotky.fi\/kauppa\/wp-json\/wp\/v2\/types\/product"}],"wp:featuredmedia":[{"embeddable":true,"href":"https:\/\/www.lotky.fi\/kauppa\/wp-json\/wp\/v2\/media\/472"}],"wp:attachment":[{"href":"https:\/\/www.lotky.fi\/kauppa\/wp-json\/wp\/v2\/media?parent=595"}],"wp:term":[{"taxonomy":"product_brand","embeddable":true,"href":"https:\/\/www.lotky.fi\/kauppa\/wp-json\/wp\/v2\/product_brand?post=595"},{"taxonomy":"product_cat","embeddable":true,"href":"https:\/\/www.lotky.fi\/kauppa\/wp-json\/wp\/v2\/product_cat?post=595"},{"taxonomy":"product_tag","embeddable":true,"href":"https:\/\/www.lotky.fi\/kauppa\/wp-json\/wp\/v2\/product_tag?post=595"}],"curies":[{"name":"wp","href":"https:\/\/api.w.org\/{rel}","templated":true}]}}