{"id":588,"date":"2016-11-08T12:10:29","date_gmt":"2016-11-08T10:10:29","guid":{"rendered":"http:\/\/www.lotky.fi\/kauppa\/?post_type=product&#038;p=588"},"modified":"2026-04-15T17:42:07","modified_gmt":"2026-04-15T14:42:07","slug":"valvoline-synpower-xl-iii-c3-5w-30-208-l","status":"publish","type":"product","link":"https:\/\/www.lotky.fi\/kauppa\/tuote\/valvoline-synpower-xl-iii-c3-5w-30-208-l\/","title":{"rendered":"Valvoline Synpower XL-III C3 5W-30, 208L"},"content":{"rendered":"<p>Valvoline Synpower XL-III C3 5W-30 on t\u00e4yssynteettinen moottori\u00f6ljy pidennetyille \u00f6ljynvaihtov\u00e4leille. Uusimpiin Volkswagen-, Audi-, Skoda-, Seat- sek\u00e4 BMW- ja MB- moottoreihin. Kehitetty moottoreihin, joissa on dieselhiukkassuodatin. Pident\u00e4\u00e4 hiukkassuodattimen ja moottorin k\u00e4ytt\u00f6ik\u00e4\u00e4. Erinomainen kulumissuoja ja happettumiskest\u00e4vyys.<\/p>\n<p>Luokitukset:<br \/>\nACEA: A3\/B4, C3<br \/>\nVW 504.00\/507.00, 503.00, 503.01, 505.00, 506.00, 506.01<br \/>\nMB 229.51, 229.31<br \/>\nBMW LL-04.<\/p>\n","protected":false},"excerpt":{"rendered":"<p>Valvoline Synpower XL-III C3 5W-30 on t\u00e4yssynteettinen moottori\u00f6ljy pidennetyille \u00f6ljynvaihtov\u00e4leille. Uusimpiin Volkswagen-, Audi-, Skoda-, Seat- sek\u00e4 BMW- ja MB- moottoreihin. Kehitetty moottoreihin, joissa on dieselhiukkassuodatin. Pident\u00e4\u00e4 hiukkassuodattimen ja moottorin k\u00e4ytt\u00f6ik\u00e4\u00e4. Erinomainen kulumissuoja ja happettumiskest\u00e4vyys.<\/p>\n","protected":false},"featured_media":472,"template":"","meta":[],"product_brand":[],"product_cat":[17],"product_tag":[],"class_list":{"0":"post-588","1":"product","2":"type-product","3":"status-publish","4":"has-post-thumbnail","6":"product_cat-moottorioljyt-kevyt-kalusto","8":"first","9":"instock","10":"taxable","11":"shipping-taxable","12":"purchasable","13":"product-type-simple"},"_links":{"self":[{"href":"https:\/\/www.lotky.fi\/kauppa\/wp-json\/wp\/v2\/product\/588","targetHints":{"allow":["GET"]}}],"collection":[{"href":"https:\/\/www.lotky.fi\/kauppa\/wp-json\/wp\/v2\/product"}],"about":[{"href":"https:\/\/www.lotky.fi\/kauppa\/wp-json\/wp\/v2\/types\/product"}],"wp:featuredmedia":[{"embeddable":true,"href":"https:\/\/www.lotky.fi\/kauppa\/wp-json\/wp\/v2\/media\/472"}],"wp:attachment":[{"href":"https:\/\/www.lotky.fi\/kauppa\/wp-json\/wp\/v2\/media?parent=588"}],"wp:term":[{"taxonomy":"product_brand","embeddable":true,"href":"https:\/\/www.lotky.fi\/kauppa\/wp-json\/wp\/v2\/product_brand?post=588"},{"taxonomy":"product_cat","embeddable":true,"href":"https:\/\/www.lotky.fi\/kauppa\/wp-json\/wp\/v2\/product_cat?post=588"},{"taxonomy":"product_tag","embeddable":true,"href":"https:\/\/www.lotky.fi\/kauppa\/wp-json\/wp\/v2\/product_tag?post=588"}],"curies":[{"name":"wp","href":"https:\/\/api.w.org\/{rel}","templated":true}]}}