{"id":574,"date":"2016-09-21T16:10:02","date_gmt":"2016-09-21T13:10:02","guid":{"rendered":"http:\/\/www.lotky.fi\/kauppa\/?post_type=product&#038;p=574"},"modified":"2026-04-02T14:13:50","modified_gmt":"2026-04-02T11:13:50","slug":"valvoline-maxlife-10w-40-208-l","status":"publish","type":"product","link":"https:\/\/www.lotky.fi\/kauppa\/tuote\/valvoline-maxlife-10w-40-208-l\/","title":{"rendered":"Valvoline MaxLife 10W-40, 208 L"},"content":{"rendered":"<p>Valvoline MaxLife 10W-40 on synteettinen moottori\u00f6ljy paljon ajetuille autoille. Lis\u00e4aineistus elvytt\u00e4\u00e4 moottorin tiivisteet ja s\u00e4ilytt\u00e4\u00e4 niiden elastisuuden. V\u00e4hent\u00e4\u00e4 \u00f6ljynkulutusta ja pident\u00e4\u00e4 moottorin k\u00e4ytt\u00f6ik\u00e4\u00e4. T\u00fcV Nord hyv\u00e4ksytty.<\/p>\n<p>Luokitukset:<\/p>\n<p>ACEA: A3\/B4<br \/>\nAPI: SM\/SN\/CF<\/p>\n<p>Suorituskyky:<\/p>\n<p>MB-229.3<br \/>\nPSA B71 2300<br \/>\nRenault RN 0700, RN 0710<br \/>\nVW 50200\/50500<br \/>\nFiat 9.55535.G2 tai D2<\/p>\n","protected":false},"excerpt":{"rendered":"<p>Valvoline MaxLife 10W-40 on synteettinen moottori\u00f6ljy, joka on kehitetty erityisesti paljon ajetuille autoille. Pident\u00e4\u00e4 moottorin k\u00e4ytt\u00f6ik\u00e4\u00e4. V\u00e4hent\u00e4\u00e4 \u00f6ljynkulutusta ja pident\u00e4\u00e4 moottorin k\u00e4ytt\u00f6ik\u00e4\u00e4. Luokitukset: ACEA: A3\/B4 API: SM\/SN\/CF<\/p>\n","protected":false},"featured_media":472,"template":"","meta":[],"product_brand":[],"product_cat":[17],"product_tag":[],"class_list":{"0":"post-574","1":"product","2":"type-product","3":"status-publish","4":"has-post-thumbnail","6":"product_cat-moottorioljyt-kevyt-kalusto","8":"first","9":"instock","10":"taxable","11":"shipping-taxable","12":"purchasable","13":"product-type-simple"},"_links":{"self":[{"href":"https:\/\/www.lotky.fi\/kauppa\/wp-json\/wp\/v2\/product\/574","targetHints":{"allow":["GET"]}}],"collection":[{"href":"https:\/\/www.lotky.fi\/kauppa\/wp-json\/wp\/v2\/product"}],"about":[{"href":"https:\/\/www.lotky.fi\/kauppa\/wp-json\/wp\/v2\/types\/product"}],"wp:featuredmedia":[{"embeddable":true,"href":"https:\/\/www.lotky.fi\/kauppa\/wp-json\/wp\/v2\/media\/472"}],"wp:attachment":[{"href":"https:\/\/www.lotky.fi\/kauppa\/wp-json\/wp\/v2\/media?parent=574"}],"wp:term":[{"taxonomy":"product_brand","embeddable":true,"href":"https:\/\/www.lotky.fi\/kauppa\/wp-json\/wp\/v2\/product_brand?post=574"},{"taxonomy":"product_cat","embeddable":true,"href":"https:\/\/www.lotky.fi\/kauppa\/wp-json\/wp\/v2\/product_cat?post=574"},{"taxonomy":"product_tag","embeddable":true,"href":"https:\/\/www.lotky.fi\/kauppa\/wp-json\/wp\/v2\/product_tag?post=574"}],"curies":[{"name":"wp","href":"https:\/\/api.w.org\/{rel}","templated":true}]}}