{"id":558,"date":"2016-07-28T11:40:50","date_gmt":"2016-07-28T08:40:50","guid":{"rendered":"http:\/\/www.lotky.fi\/kauppa\/?post_type=product&#038;p=558"},"modified":"2026-04-02T14:13:07","modified_gmt":"2026-04-02T11:13:07","slug":"valvoline-heavy-duty-gear-oil-pro-75w-80-ld-gl-4-208l","status":"publish","type":"product","link":"https:\/\/www.lotky.fi\/kauppa\/tuote\/valvoline-heavy-duty-gear-oil-pro-75w-80-ld-gl-4-208l\/","title":{"rendered":"Valvoline Heavy Duty Gear Oil Pro 75W-80 LD, 208L"},"content":{"rendered":"<p>Valvoline Heavy Duty Gear Oil Pro 75W-80 LD on t\u00e4yssynteettinen manuaalivaihteisto\u00f6ljy raskaan kaluston k\u00e4ytt\u00f6kohteisiin. Lis\u00e4aineistus suojaa korroosiolta, hapettumiselta, vaahtoamiselta ja ep\u00e4puhtauksilta, EP-lis\u00e4aineistettu. Sopii useisiin vaihteistoihin sekakalustolle. Sopii pidennetyille \u00f6ljynvaihtov\u00e4leille. Viskositeettiominaisuudet mahdollistavat polttoaines\u00e4\u00e4st\u00f6n.<\/p>\n<p>Luokitukset:<br \/>\nSAE 75W-80 (t\u00e4yssynt.)<br \/>\nAPI GL-4<br \/>\nZF TE-ML 08, 13, 16K<br \/>\nVolvo 97305<br \/>\nMAN 341 E-3, MAN 341 Z-4<br \/>\nZF TE-ML 01L, 02L<\/p>\n","protected":false},"excerpt":{"rendered":"<p>Valvoline Heavy Duty Gear Oil Pro 75W-80 LD on t\u00e4yssynteettinen manuaalivaihteisto\u00f6ljy raskaan kaluston k\u00e4ytt\u00f6kohteisiin. Lis\u00e4aineistus suojaa korroosiolta, hapettumiselta, vaahtoamiselta ja ep\u00e4puhtauksilta, EP-lis\u00e4aineistettu. Sopii useisiin vaihteistoihin sekakalustolle. Sopii pidennetyille \u00f6ljynvaihtov\u00e4leille. Viskositeettiominaisuudet mahdollistavat polttoaines\u00e4\u00e4st\u00f6n. \u00a0<\/p>\n","protected":false},"featured_media":472,"template":"","meta":[],"product_brand":[],"product_cat":[24],"product_tag":[],"class_list":{"0":"post-558","1":"product","2":"type-product","3":"status-publish","4":"has-post-thumbnail","6":"product_cat-vaihteistooljyt","8":"first","9":"instock","10":"taxable","11":"shipping-taxable","12":"purchasable","13":"product-type-simple"},"_links":{"self":[{"href":"https:\/\/www.lotky.fi\/kauppa\/wp-json\/wp\/v2\/product\/558","targetHints":{"allow":["GET"]}}],"collection":[{"href":"https:\/\/www.lotky.fi\/kauppa\/wp-json\/wp\/v2\/product"}],"about":[{"href":"https:\/\/www.lotky.fi\/kauppa\/wp-json\/wp\/v2\/types\/product"}],"wp:featuredmedia":[{"embeddable":true,"href":"https:\/\/www.lotky.fi\/kauppa\/wp-json\/wp\/v2\/media\/472"}],"wp:attachment":[{"href":"https:\/\/www.lotky.fi\/kauppa\/wp-json\/wp\/v2\/media?parent=558"}],"wp:term":[{"taxonomy":"product_brand","embeddable":true,"href":"https:\/\/www.lotky.fi\/kauppa\/wp-json\/wp\/v2\/product_brand?post=558"},{"taxonomy":"product_cat","embeddable":true,"href":"https:\/\/www.lotky.fi\/kauppa\/wp-json\/wp\/v2\/product_cat?post=558"},{"taxonomy":"product_tag","embeddable":true,"href":"https:\/\/www.lotky.fi\/kauppa\/wp-json\/wp\/v2\/product_tag?post=558"}],"curies":[{"name":"wp","href":"https:\/\/api.w.org\/{rel}","templated":true}]}}