{"id":557,"date":"2016-07-28T11:02:46","date_gmt":"2016-07-28T08:02:46","guid":{"rendered":"http:\/\/www.lotky.fi\/kauppa\/?post_type=product&#038;p=557"},"modified":"2026-04-02T14:12:12","modified_gmt":"2026-04-02T11:12:12","slug":"valvoline-heavy-duty-axle-oil-pro-80w-90-ls-208l","status":"publish","type":"product","link":"https:\/\/www.lotky.fi\/kauppa\/tuote\/valvoline-heavy-duty-axle-oil-pro-80w-90-ls-208l\/","title":{"rendered":"Valvoline Heavy Duty Axle Oil Pro 80W-90 LS, 208L"},"content":{"rendered":"<p>Valvoline Heavy Duty Axle Oil Pro 80W-90 LS on mineraalipohjainen \u00f6ljy vetopy\u00f6r\u00e4st\u00f6ihin, joissa on k\u00e4yt\u00f6ss\u00e4 tasauspy\u00f6r\u00e4st\u00f6n lukko. Kehittynyt lis\u00e4aineistus v\u00e4hent\u00e4\u00e4 vaihteistomelua. Erinomaiset paineenkesto-ominaisuudet. LS-lis\u00e4aineistettu (Limited Slip). Parempi kulumissuoja laajalla l\u00e4mp\u00f6tila-alueella, korkea EP-lis\u00e4ainetaso.<\/p>\n<p>Luokitukset:<br \/>\nSAE 80W-90<br \/>\nLS (Limited Slip)<br \/>\nAPI GL-5<br \/>\nArvin Meritor Axles<br \/>\nZF TE-ML 05C, 12C, 16E, 21C<\/p>\n","protected":false},"excerpt":{"rendered":"<p>Valvoline Heavy Duty Axle Oil Pro 80W-90 LS on mineraalipohjainen \u00f6ljy vetopy\u00f6r\u00e4st\u00f6ihin, joissa on k\u00e4yt\u00f6ss\u00e4 tasauspy\u00f6r\u00e4st\u00f6n lukko. Kehittynyt lis\u00e4aineistus v\u00e4hent\u00e4\u00e4 vaihteistomelua. Erinomaiset paineenkesto-ominaisuudet. LS-lis\u00e4aineistettu (Limited Slip). Parempi kulumissuoja laajalla l\u00e4mp\u00f6tila-alueella, korkea EP-lis\u00e4ainetaso.<\/p>\n","protected":false},"featured_media":472,"template":"","meta":[],"product_brand":[],"product_cat":[24],"product_tag":[],"class_list":{"0":"post-557","1":"product","2":"type-product","3":"status-publish","4":"has-post-thumbnail","6":"product_cat-vaihteistooljyt","8":"first","9":"instock","10":"taxable","11":"shipping-taxable","12":"purchasable","13":"product-type-simple"},"_links":{"self":[{"href":"https:\/\/www.lotky.fi\/kauppa\/wp-json\/wp\/v2\/product\/557","targetHints":{"allow":["GET"]}}],"collection":[{"href":"https:\/\/www.lotky.fi\/kauppa\/wp-json\/wp\/v2\/product"}],"about":[{"href":"https:\/\/www.lotky.fi\/kauppa\/wp-json\/wp\/v2\/types\/product"}],"wp:featuredmedia":[{"embeddable":true,"href":"https:\/\/www.lotky.fi\/kauppa\/wp-json\/wp\/v2\/media\/472"}],"wp:attachment":[{"href":"https:\/\/www.lotky.fi\/kauppa\/wp-json\/wp\/v2\/media?parent=557"}],"wp:term":[{"taxonomy":"product_brand","embeddable":true,"href":"https:\/\/www.lotky.fi\/kauppa\/wp-json\/wp\/v2\/product_brand?post=557"},{"taxonomy":"product_cat","embeddable":true,"href":"https:\/\/www.lotky.fi\/kauppa\/wp-json\/wp\/v2\/product_cat?post=557"},{"taxonomy":"product_tag","embeddable":true,"href":"https:\/\/www.lotky.fi\/kauppa\/wp-json\/wp\/v2\/product_tag?post=557"}],"curies":[{"name":"wp","href":"https:\/\/api.w.org\/{rel}","templated":true}]}}