{"id":556,"date":"2016-07-28T10:17:52","date_gmt":"2016-07-28T07:17:52","guid":{"rendered":"http:\/\/www.lotky.fi\/kauppa\/?post_type=product&#038;p=556"},"modified":"2026-04-02T14:11:41","modified_gmt":"2026-04-02T11:11:41","slug":"valvoline-gear-oil-75w-90-gl-4-208l","status":"publish","type":"product","link":"https:\/\/www.lotky.fi\/kauppa\/tuote\/valvoline-gear-oil-75w-90-gl-4-208l\/","title":{"rendered":"Valvoline Gear Oil 75W-90, 208L"},"content":{"rendered":"<p>Valvoline Gear Oil 75W-90 t\u00e4yssynteettinen vaihteisto\u00f6ljy maksimoi laadukkaan vaihtamisen. Eritt\u00e4in hyv\u00e4 juoksevuus kylmiss\u00e4 olosuhteissa ja antaa tekee vaihtamisen pehme\u00e4mm\u00e4ksi jopa kylmiss\u00e4 olosuhteissa. Erinomainen synkronointi toimivuus antaen vaihtoitolle pidemm\u00e4n toimivuuden ja vaihtamisen mukavuuden.<\/p>\n<p><strong>Tilaustuote! Toimitusaika 1-3 viikkoa.<\/strong><\/p>\n<p>Luokitukset:<br \/>\nSAE 75W-90 (t\u00e4yssynt.)<br \/>\nAPI GL-4<br \/>\nKia<br \/>\nMazda<br \/>\nMitsubishi<br \/>\nNissan<br \/>\nSuzuki<br \/>\nLand Rover<br \/>\nLancia<br \/>\nFord<br \/>\nChevrolet<br \/>\nOpel<br \/>\nSaab<br \/>\nHyundai<\/p>\n","protected":false},"excerpt":{"rendered":"<p>Valvoline Gear Oil 75W-90 t\u00e4yssynteettinen vaihteisto\u00f6ljy maksimoi laadukkaan vaihtamisen. Eritt\u00e4in hyv\u00e4 juoksevuus kylmiss\u00e4 olosuhteissa ja antaa tekee vaihtamisen pehme\u00e4mm\u00e4ksi jopa kylmiss\u00e4 olosuhteissa. Erinomainen synkronointi toimivuus antaen vaihtoitolle pidemm\u00e4n toimivuuden ja vaihtamisen mukavuuden. Tilaustuote! Toimitusaika 1-3 viikkoa.<\/p>\n","protected":false},"featured_media":472,"template":"","meta":[],"product_brand":[],"product_cat":[24],"product_tag":[],"class_list":{"0":"post-556","1":"product","2":"type-product","3":"status-publish","4":"has-post-thumbnail","6":"product_cat-vaihteistooljyt","8":"first","9":"instock","10":"taxable","11":"shipping-taxable","12":"purchasable","13":"product-type-simple"},"_links":{"self":[{"href":"https:\/\/www.lotky.fi\/kauppa\/wp-json\/wp\/v2\/product\/556","targetHints":{"allow":["GET"]}}],"collection":[{"href":"https:\/\/www.lotky.fi\/kauppa\/wp-json\/wp\/v2\/product"}],"about":[{"href":"https:\/\/www.lotky.fi\/kauppa\/wp-json\/wp\/v2\/types\/product"}],"wp:featuredmedia":[{"embeddable":true,"href":"https:\/\/www.lotky.fi\/kauppa\/wp-json\/wp\/v2\/media\/472"}],"wp:attachment":[{"href":"https:\/\/www.lotky.fi\/kauppa\/wp-json\/wp\/v2\/media?parent=556"}],"wp:term":[{"taxonomy":"product_brand","embeddable":true,"href":"https:\/\/www.lotky.fi\/kauppa\/wp-json\/wp\/v2\/product_brand?post=556"},{"taxonomy":"product_cat","embeddable":true,"href":"https:\/\/www.lotky.fi\/kauppa\/wp-json\/wp\/v2\/product_cat?post=556"},{"taxonomy":"product_tag","embeddable":true,"href":"https:\/\/www.lotky.fi\/kauppa\/wp-json\/wp\/v2\/product_tag?post=556"}],"curies":[{"name":"wp","href":"https:\/\/api.w.org\/{rel}","templated":true}]}}