{"id":552,"date":"2016-07-26T11:29:02","date_gmt":"2016-07-26T08:29:02","guid":{"rendered":"http:\/\/www.lotky.fi\/kauppa\/?post_type=product&#038;p=552"},"modified":"2026-01-30T12:39:22","modified_gmt":"2026-01-30T10:39:22","slug":"valvoline-synpower-5w-40-1000-l","status":"publish","type":"product","link":"https:\/\/www.lotky.fi\/kauppa\/tuote\/valvoline-synpower-5w-40-1000-l\/","title":{"rendered":"Valvoline Synpower 5W-40, 1000L"},"content":{"rendered":"<p>Valvoline Synpower 5W-40 on t\u00e4yssynteettinen moottori\u00f6ljy, joka voitelee tehokkaasti laajalla l\u00e4mp\u00f6tila-alueella. Ylitt\u00e4\u00e4 johtavien autonvalmistajien laatuvaatimukset. Erinomainen puhtaanapitokyky, ehk\u00e4isee lietteenmuodostusta. Erinomainen hapettumisenkest\u00e4vyys. Erinomaiset kulumisenesto-ominaisuudet.<\/p>\n<p>Luokitukset:<br \/>\nAPI: SM\/CF<br \/>\nACEA: A3\/B4<br \/>\nMB 229.5, 229.3<br \/>\nVW 502.00\/505.00<br \/>\nRenault RN0700\/RN0710<br \/>\nGM LL-B-025<br \/>\nPorsche A-40.<\/p>\n","protected":false},"excerpt":{"rendered":"<p>Valvoline Synpower 5W-40 on t\u00e4yssynteettinen moottori\u00f6ljy, joka voitelee tehokkaasti laajalla l\u00e4mp\u00f6tila-alueella. Ylitt\u00e4\u00e4 johtavien autonvalmistajien laatuvaatimukset. Erinomainen puhtaanapitokyky, ehk\u00e4isee lietteenmuodostusta. Erinomainen hapettumisenkest\u00e4vyys. Erinomaiset kulumisenesto-omin<\/p>\n","protected":false},"featured_media":432,"template":"","meta":[],"product_brand":[],"product_cat":[17],"product_tag":[],"class_list":{"0":"post-552","1":"product","2":"type-product","3":"status-publish","4":"has-post-thumbnail","6":"product_cat-moottorioljyt-kevyt-kalusto","8":"first","9":"instock","10":"taxable","11":"shipping-taxable","12":"purchasable","13":"product-type-simple"},"_links":{"self":[{"href":"https:\/\/www.lotky.fi\/kauppa\/wp-json\/wp\/v2\/product\/552","targetHints":{"allow":["GET"]}}],"collection":[{"href":"https:\/\/www.lotky.fi\/kauppa\/wp-json\/wp\/v2\/product"}],"about":[{"href":"https:\/\/www.lotky.fi\/kauppa\/wp-json\/wp\/v2\/types\/product"}],"wp:featuredmedia":[{"embeddable":true,"href":"https:\/\/www.lotky.fi\/kauppa\/wp-json\/wp\/v2\/media\/432"}],"wp:attachment":[{"href":"https:\/\/www.lotky.fi\/kauppa\/wp-json\/wp\/v2\/media?parent=552"}],"wp:term":[{"taxonomy":"product_brand","embeddable":true,"href":"https:\/\/www.lotky.fi\/kauppa\/wp-json\/wp\/v2\/product_brand?post=552"},{"taxonomy":"product_cat","embeddable":true,"href":"https:\/\/www.lotky.fi\/kauppa\/wp-json\/wp\/v2\/product_cat?post=552"},{"taxonomy":"product_tag","embeddable":true,"href":"https:\/\/www.lotky.fi\/kauppa\/wp-json\/wp\/v2\/product_tag?post=552"}],"curies":[{"name":"wp","href":"https:\/\/api.w.org\/{rel}","templated":true}]}}