{"id":544,"date":"2016-07-14T16:02:50","date_gmt":"2016-07-14T13:02:50","guid":{"rendered":"http:\/\/www.lotky.fi\/kauppa\/?post_type=product&#038;p=544"},"modified":"2026-03-31T10:26:46","modified_gmt":"2026-03-31T07:26:46","slug":"neste-molygrease-50-kg-toimitettuna","status":"publish","type":"product","link":"https:\/\/www.lotky.fi\/kauppa\/tuote\/neste-molygrease-50-kg-toimitettuna\/","title":{"rendered":"Neste Molygrease, 50 kg toimitettuna"},"content":{"rendered":"<p>Neste Molygrease on litiumpohjainen erikoisrasva, joka sis\u00e4lt\u00e4\u00e4 kitkaa pienent\u00e4v\u00e4\u00e4 ja voitelua parantavaa molybdenidisulfidia sek\u00e4 grafiittia. Sen \u00f6ljyosa on korkealuokkaista minerali\u00f6ljy\u00e4 ja rakenne kest\u00e4v\u00e4 mekaanisissa rasitustilanteissa. Neste Molygreasea suositellaan autojen, kaivinkoneiden, mets\u00e4- ja maansiirtokaluston nippa- ja alustavoiteluun sek\u00e4 kohteisiin, joissa esiintyy iskumaisia kuormituksia. Sit\u00e4 k\u00e4ytet\u00e4\u00e4n my\u00f6s esim. palloniveliss\u00e4 ja liukupinnoilla. Neste Molygrease t\u00e4ytt\u00e4\u00e4 vaatimukset rasvalle, jolta vaaditaan eritt\u00e4in pitk\u00e4\u00e4 tai m\u00e4\u00e4rittelem\u00e4tt\u00f6m\u00e4ksi jatkunutta voiteluv\u00e4li\u00e4.<\/p>\n<p>NLGI 2<br \/>\nDIN 51502 KPF2K-30<br \/>\nISO 6743-9:1987 : ISO-L-XCCIB2<\/p>\n","protected":false},"excerpt":{"rendered":"<p>Neste Molygrease on litiumpohjainen erikoisrasva, joka sis\u00e4lt\u00e4\u00e4 kitkaa pienent\u00e4v\u00e4\u00e4 ja voitelua parantavaa molybdenidisulfidia sek\u00e4 grafiittia. Sen \u00f6ljyosa on korkealuokkaista minerali\u00f6ljy\u00e4 ja rakenne kest\u00e4v\u00e4 mekaanisissa rasitustilanteissa. Neste Molygreasea suositellaan autojen, kaivinkoneiden, mets\u00e4- ja maansiirtokaluston nippa- ja alustavoiteluun sek\u00e4 kohteisiin, joissa esiintyy iskumaisia kuormituksia. Sit\u00e4 k\u00e4ytet\u00e4\u00e4n my\u00f6s esim. palloniveliss\u00e4 ja liukupinnoilla. Neste Molygrease t\u00e4ytt\u00e4\u00e4 vaatimukset rasvalle, jolta [&hellip;]<\/p>\n","protected":false},"featured_media":1598,"template":"","meta":[],"product_brand":[],"product_cat":[19],"product_tag":[],"class_list":{"0":"post-544","1":"product","2":"type-product","3":"status-publish","4":"has-post-thumbnail","6":"product_cat-rasvat","8":"first","9":"instock","10":"taxable","11":"shipping-taxable","12":"purchasable","13":"product-type-simple"},"_links":{"self":[{"href":"https:\/\/www.lotky.fi\/kauppa\/wp-json\/wp\/v2\/product\/544","targetHints":{"allow":["GET"]}}],"collection":[{"href":"https:\/\/www.lotky.fi\/kauppa\/wp-json\/wp\/v2\/product"}],"about":[{"href":"https:\/\/www.lotky.fi\/kauppa\/wp-json\/wp\/v2\/types\/product"}],"wp:featuredmedia":[{"embeddable":true,"href":"https:\/\/www.lotky.fi\/kauppa\/wp-json\/wp\/v2\/media\/1598"}],"wp:attachment":[{"href":"https:\/\/www.lotky.fi\/kauppa\/wp-json\/wp\/v2\/media?parent=544"}],"wp:term":[{"taxonomy":"product_brand","embeddable":true,"href":"https:\/\/www.lotky.fi\/kauppa\/wp-json\/wp\/v2\/product_brand?post=544"},{"taxonomy":"product_cat","embeddable":true,"href":"https:\/\/www.lotky.fi\/kauppa\/wp-json\/wp\/v2\/product_cat?post=544"},{"taxonomy":"product_tag","embeddable":true,"href":"https:\/\/www.lotky.fi\/kauppa\/wp-json\/wp\/v2\/product_tag?post=544"}],"curies":[{"name":"wp","href":"https:\/\/api.w.org\/{rel}","templated":true}]}}