{"id":542,"date":"2016-07-14T15:56:49","date_gmt":"2016-07-14T12:56:49","guid":{"rendered":"http:\/\/www.lotky.fi\/kauppa\/?post_type=product&#038;p=542"},"modified":"2026-03-31T10:26:53","modified_gmt":"2026-03-31T07:26:53","slug":"neste-oh-grease-50-kg-toimitettuna","status":"publish","type":"product","link":"https:\/\/www.lotky.fi\/kauppa\/tuote\/neste-oh-grease-50-kg-toimitettuna\/","title":{"rendered":"Neste OH Grease 2, 50 kg toimitettuna"},"content":{"rendered":"<p>Neste OH Grease 2 on paksusta mineraali\u00f6ljyst\u00e4 ja vedett\u00f6m\u00e4st\u00e4 kalsiumsaentimesta valmistettu punainen rasva, jonka erikoisominaisuuksina ovat erinomainen kiinnitarttuvuus ja veden kesto. Rasva pysyy kest\u00e4v\u00e4n ja sitke\u00e4n rakenteensa vuoksi voitelukohteessa normaaleja yleisrasvoja paremmin, jolloin p\u00e4\u00e4st\u00e4\u00e4n pidempiin voiteluv\u00e4leihin. Neste OH Grease 2 sis\u00e4lt\u00e4\u00e4 tehokkaan EP-lis\u00e4aineistuksen, joka ehk\u00e4isee voideltavien kohteiden kulumista raskaissa ja iskumaisissa kuormituksissa. Neste OH Grease 2 rasvaa suositellaan maansiirto-, maatalous- ja mets\u00e4koneiden niveltappien voiteluun sek\u00e4 ajoneuvokaluston alustan voitelukohteisiin. Soveltuu my\u00f6s hitaasti py\u00f6rivien liuku- ja vierint\u00e4laakereiden voiteluun. Ei suositella ajoneuvokaluston py\u00f6r\u00e4nlaakerien voiteluun.<\/p>\n<p><strong>Entinen nimi: <\/strong>Neste OH Grease<\/p>\n<p>NLGI 2<br \/>\nDIN KP 2K-30<br \/>\nISO-L-XCCIB 2<\/p>\n","protected":false},"excerpt":{"rendered":"<p>Neste OH Grease 2 rasvaa suositellaan maansiirto-, maatalous- ja mets\u00e4koneiden niveltappien voiteluun sek\u00e4 ajoneuvokaluston alustan voitelukohteisiin. Soveltuu my\u00f6s hitaasti py\u00f6rivien liuku- ja vierint\u00e4laakereiden voiteluun. Ei suositella ajoneuvokaluston py\u00f6r\u00e4nlaakerien voiteluun.<\/p>\n","protected":false},"featured_media":1598,"template":"","meta":[],"product_brand":[],"product_cat":[19],"product_tag":[],"class_list":{"0":"post-542","1":"product","2":"type-product","3":"status-publish","4":"has-post-thumbnail","6":"product_cat-rasvat","8":"first","9":"instock","10":"taxable","11":"shipping-taxable","12":"purchasable","13":"product-type-simple"},"_links":{"self":[{"href":"https:\/\/www.lotky.fi\/kauppa\/wp-json\/wp\/v2\/product\/542","targetHints":{"allow":["GET"]}}],"collection":[{"href":"https:\/\/www.lotky.fi\/kauppa\/wp-json\/wp\/v2\/product"}],"about":[{"href":"https:\/\/www.lotky.fi\/kauppa\/wp-json\/wp\/v2\/types\/product"}],"wp:featuredmedia":[{"embeddable":true,"href":"https:\/\/www.lotky.fi\/kauppa\/wp-json\/wp\/v2\/media\/1598"}],"wp:attachment":[{"href":"https:\/\/www.lotky.fi\/kauppa\/wp-json\/wp\/v2\/media?parent=542"}],"wp:term":[{"taxonomy":"product_brand","embeddable":true,"href":"https:\/\/www.lotky.fi\/kauppa\/wp-json\/wp\/v2\/product_brand?post=542"},{"taxonomy":"product_cat","embeddable":true,"href":"https:\/\/www.lotky.fi\/kauppa\/wp-json\/wp\/v2\/product_cat?post=542"},{"taxonomy":"product_tag","embeddable":true,"href":"https:\/\/www.lotky.fi\/kauppa\/wp-json\/wp\/v2\/product_tag?post=542"}],"curies":[{"name":"wp","href":"https:\/\/api.w.org\/{rel}","templated":true}]}}