{"id":541,"date":"2016-07-14T15:53:33","date_gmt":"2016-07-14T12:53:33","guid":{"rendered":"http:\/\/www.lotky.fi\/kauppa\/?post_type=product&#038;p=541"},"modified":"2026-03-31T10:27:04","modified_gmt":"2026-03-31T07:27:04","slug":"neste-mp-grease-50-kg-toimitettuna","status":"publish","type":"product","link":"https:\/\/www.lotky.fi\/kauppa\/tuote\/neste-mp-grease-50-kg-toimitettuna\/","title":{"rendered":"Neste MP Grease, 50 kg toimitettuna"},"content":{"rendered":"<p>Neste MP Grease on litiumpohjainen monik\u00e4ytt\u00f6inen yleisrasva ja sit\u00e4 suositellaan ajoneuvojen alustan voiteluun, py\u00f6r\u00e4nlaakereihin, vetoakselin murrosniveliin, virranjakajiin ja vesipumppuihin ymp\u00e4ri vuoden. Antaa pitk\u00e4n k\u00e4ytt\u00f6i\u00e4n pienell\u00e4 rasvankulutuksella.<\/p>\n<p>NLGI 2<br \/>\nDIN 51502: K2K-30<br \/>\nISO 6743-9:1987 : ISO-L-XCCIA2<\/p>\n","protected":false},"excerpt":{"rendered":"<p>Neste MP Grease on litiumpohjainen monik\u00e4ytt\u00f6inen yleisrasva ja sit\u00e4 suositellaan ajoneuvojen alustan voiteluun, py\u00f6r\u00e4nlaakereihin, vetoakselin murrosniveliin, virranjakajiin ja vesipumppuihin ymp\u00e4ri vuoden. Antaa pitk\u00e4n k\u00e4ytt\u00f6i\u00e4n pienell\u00e4 rasvankulutuksella.<\/p>\n","protected":false},"featured_media":1598,"template":"","meta":[],"product_brand":[],"product_cat":[19],"product_tag":[],"class_list":{"0":"post-541","1":"product","2":"type-product","3":"status-publish","4":"has-post-thumbnail","6":"product_cat-rasvat","8":"first","9":"instock","10":"taxable","11":"shipping-taxable","12":"purchasable","13":"product-type-simple"},"_links":{"self":[{"href":"https:\/\/www.lotky.fi\/kauppa\/wp-json\/wp\/v2\/product\/541","targetHints":{"allow":["GET"]}}],"collection":[{"href":"https:\/\/www.lotky.fi\/kauppa\/wp-json\/wp\/v2\/product"}],"about":[{"href":"https:\/\/www.lotky.fi\/kauppa\/wp-json\/wp\/v2\/types\/product"}],"wp:featuredmedia":[{"embeddable":true,"href":"https:\/\/www.lotky.fi\/kauppa\/wp-json\/wp\/v2\/media\/1598"}],"wp:attachment":[{"href":"https:\/\/www.lotky.fi\/kauppa\/wp-json\/wp\/v2\/media?parent=541"}],"wp:term":[{"taxonomy":"product_brand","embeddable":true,"href":"https:\/\/www.lotky.fi\/kauppa\/wp-json\/wp\/v2\/product_brand?post=541"},{"taxonomy":"product_cat","embeddable":true,"href":"https:\/\/www.lotky.fi\/kauppa\/wp-json\/wp\/v2\/product_cat?post=541"},{"taxonomy":"product_tag","embeddable":true,"href":"https:\/\/www.lotky.fi\/kauppa\/wp-json\/wp\/v2\/product_tag?post=541"}],"curies":[{"name":"wp","href":"https:\/\/api.w.org\/{rel}","templated":true}]}}