{"id":537,"date":"2016-07-14T12:23:50","date_gmt":"2016-07-14T09:23:50","guid":{"rendered":"http:\/\/www.lotky.fi\/kauppa\/?post_type=product&#038;p=537"},"modified":"2026-04-01T11:48:47","modified_gmt":"2026-04-01T08:48:47","slug":"mobilux-ep-2-180-kg","status":"publish","type":"product","link":"https:\/\/www.lotky.fi\/kauppa\/tuote\/mobilux-ep-2-180-kg\/","title":{"rendered":"Mobilux EP 2, 180 kg"},"content":{"rendered":"<p>Mobilux EP 2 -rasvaa suositellaan useimpiin teollisuuden k\u00e4ytt\u00f6kohteisiin, mukaan lukien vaativat sovellukset, joissa esiintyy suuria paineita tai iskukuormituksia.\u00a0Mobilux EP 2 -rasvaa suositellaan liuku- ja vierint\u00e4laakereiden, v\u00e4lilevyjen ja tappien yleisrasvaksi normaaleissa k\u00e4ytt\u00f6olosuhteissa. Rasva suojaa erinomaisesti ruostumiselta ja korroosiolta, mink\u00e4 lis\u00e4ksi se vastustaa tehokkaasti vesihuuhtelua. Siksi se sopii erityisen hyvin olosuhteisiin, joissa laitteet altistuvat vedelle tai kosteudelle. Mobilux EP 2 on yleisrasva. Suositeltava k\u00e4ytt\u00f6l\u00e4mp\u00f6tila-alue on -20\u2026+130 \u00b0C, mutta sit\u00e4 voidaan k\u00e4ytt\u00e4\u00e4 korkeammissakin l\u00e4mp\u00f6tiloissa, jos voiteluv\u00e4li\u00e4 lyhennet\u00e4\u00e4n vastaavasti.<\/p>\n<p>NLGI 2<br \/>\nDIN 51825<br \/>\nKP2K-20<\/p>\n","protected":false},"excerpt":{"rendered":"<p>Mobilux EP 2 -rasvaa suositellaan liuku- ja vierint\u00e4laakereiden, v\u00e4lilevyjen ja tappien yleisrasvaksi normaaleissa k\u00e4ytt\u00f6olosuhteissa. Mobilux EP 2 -rasvaa suositellaan useimpiin teollisuuden k\u00e4ytt\u00f6kohteisiin, mukaan lukien vaativat sovellukset, joissa esiintyy suuria paineita tai iskukuormituksia. Rasva suojaa erinomaisesti ruostumiselta ja korroosiolta, mink\u00e4 lis\u00e4ksi se vastustaa tehokkaasti vesihuuhtelua. Siksi se sopii erityisen hyvin olosuhteisiin, joissa laitteet altistuvat vedelle tai [&hellip;]<\/p>\n","protected":false},"featured_media":185,"template":"","meta":[],"product_brand":[],"product_cat":[19],"product_tag":[],"class_list":{"0":"post-537","1":"product","2":"type-product","3":"status-publish","4":"has-post-thumbnail","6":"product_cat-rasvat","8":"first","9":"instock","10":"taxable","11":"shipping-taxable","12":"purchasable","13":"product-type-simple"},"_links":{"self":[{"href":"https:\/\/www.lotky.fi\/kauppa\/wp-json\/wp\/v2\/product\/537","targetHints":{"allow":["GET"]}}],"collection":[{"href":"https:\/\/www.lotky.fi\/kauppa\/wp-json\/wp\/v2\/product"}],"about":[{"href":"https:\/\/www.lotky.fi\/kauppa\/wp-json\/wp\/v2\/types\/product"}],"wp:featuredmedia":[{"embeddable":true,"href":"https:\/\/www.lotky.fi\/kauppa\/wp-json\/wp\/v2\/media\/185"}],"wp:attachment":[{"href":"https:\/\/www.lotky.fi\/kauppa\/wp-json\/wp\/v2\/media?parent=537"}],"wp:term":[{"taxonomy":"product_brand","embeddable":true,"href":"https:\/\/www.lotky.fi\/kauppa\/wp-json\/wp\/v2\/product_brand?post=537"},{"taxonomy":"product_cat","embeddable":true,"href":"https:\/\/www.lotky.fi\/kauppa\/wp-json\/wp\/v2\/product_cat?post=537"},{"taxonomy":"product_tag","embeddable":true,"href":"https:\/\/www.lotky.fi\/kauppa\/wp-json\/wp\/v2\/product_tag?post=537"}],"curies":[{"name":"wp","href":"https:\/\/api.w.org\/{rel}","templated":true}]}}