{"id":520,"date":"2016-06-21T15:08:59","date_gmt":"2016-06-21T12:08:59","guid":{"rendered":"http:\/\/www.lotky.fi\/kauppa\/?post_type=product&#038;p=520"},"modified":"2026-01-30T12:39:42","modified_gmt":"2026-01-30T10:39:42","slug":"valvolina-atf-automaattivaihteistooljy-208l","status":"publish","type":"product","link":"https:\/\/www.lotky.fi\/kauppa\/tuote\/valvolina-atf-automaattivaihteistooljy-208l\/","title":{"rendered":"Valvoline Semi Fluid 00, 208L"},"content":{"rendered":"<p>Laadukas litiumrasva pehme\u00e4ll\u00e4 koostumuksella. Tuotteen valmistuksessa on k\u00e4ytetty erityisi\u00e4 lis\u00e4aineita, jotka tarjoavat erinomaista suorituskyky\u00e4 \u00e4\u00e4rimm\u00e4isiss\u00e4 paineolosuhteissa, turvaavat laitteiden mekaanisen kest\u00e4vyyden ja suojaavat korroosiolta. Tuote voitelee ja suojaa komponentteja haastavimmissakin paineolosuhteissa. Ominaisuudet. Kest\u00e4\u00e4 eritt\u00e4in suurta painetta, vedenkest\u00e4v\u00e4, kest\u00e4\u00e4 iskumaista kuormitusta, suojaa korroosiolta, K\u00e4yttokohteet: Maatalouden, teollisuuden ja merenkulkualan k\u00e4ytt\u00e4mien laitteiden avoimien ja suljettujen vaihteistojen voitelu, rekkojen ja teollisuuskoneiden automaattiset voiteluj\u00e4rjestelm\u00e4t, laivojen kansilla sijaitsevat laitteet ja vinssit. V\u00e4ri: Meripihka\/Kullanruskea.<\/p>\n<p>Suorituskyky<br \/>\nDIN 51502<br \/>\nGP 00K-20, KP00K-20<br \/>\nISO 6743<br \/>\nL-CKG 00<br \/>\nL-XBCHB<\/p>\n","protected":false},"excerpt":{"rendered":"<p>Laadukas litiumrasva pehme\u00e4ll\u00e4 koostumuksella. Tuotteen valmistuksessa on k\u00e4ytetty erityisi\u00e4 lis\u00e4aineita, jotka tarjoavat erinomaista suorituskyky\u00e4 \u00e4\u00e4rimm\u00e4isiss\u00e4 paineolosuhteissa, turvaavat laitteiden mekaanisen kest\u00e4vyyden ja suojaavat korroosiolta. Tuote voitelee ja suojaa komponentteja haastavimmissakin paineolosuhteissa. Ominaisuudet. Kest\u00e4\u00e4 eritt\u00e4in suurta painetta, vedenkest\u00e4v\u00e4, kest\u00e4\u00e4 iskumaista kuormitusta, suojaa korroosiolta, K\u00e4yttokohteet: Maatalouden, teollisuuden ja merenkulkualan k\u00e4ytt\u00e4mien laitteiden avoimien ja suljettujen vaihteistojen voitelu, rekkojen ja [&hellip;]<\/p>\n","protected":false},"featured_media":472,"template":"","meta":[],"product_brand":[],"product_cat":[19],"product_tag":[],"class_list":{"0":"post-520","1":"product","2":"type-product","3":"status-publish","4":"has-post-thumbnail","6":"product_cat-rasvat","8":"first","9":"instock","10":"taxable","11":"shipping-taxable","12":"purchasable","13":"product-type-simple"},"_links":{"self":[{"href":"https:\/\/www.lotky.fi\/kauppa\/wp-json\/wp\/v2\/product\/520","targetHints":{"allow":["GET"]}}],"collection":[{"href":"https:\/\/www.lotky.fi\/kauppa\/wp-json\/wp\/v2\/product"}],"about":[{"href":"https:\/\/www.lotky.fi\/kauppa\/wp-json\/wp\/v2\/types\/product"}],"wp:featuredmedia":[{"embeddable":true,"href":"https:\/\/www.lotky.fi\/kauppa\/wp-json\/wp\/v2\/media\/472"}],"wp:attachment":[{"href":"https:\/\/www.lotky.fi\/kauppa\/wp-json\/wp\/v2\/media?parent=520"}],"wp:term":[{"taxonomy":"product_brand","embeddable":true,"href":"https:\/\/www.lotky.fi\/kauppa\/wp-json\/wp\/v2\/product_brand?post=520"},{"taxonomy":"product_cat","embeddable":true,"href":"https:\/\/www.lotky.fi\/kauppa\/wp-json\/wp\/v2\/product_cat?post=520"},{"taxonomy":"product_tag","embeddable":true,"href":"https:\/\/www.lotky.fi\/kauppa\/wp-json\/wp\/v2\/product_tag?post=520"}],"curies":[{"name":"wp","href":"https:\/\/api.w.org\/{rel}","templated":true}]}}