{"id":519,"date":"2016-06-21T14:49:21","date_gmt":"2016-06-21T11:49:21","guid":{"rendered":"http:\/\/www.lotky.fi\/kauppa\/?post_type=product&#038;p=519"},"modified":"2026-04-02T14:09:35","modified_gmt":"2026-04-02T11:09:35","slug":"valvoline-heavy-duty-axle-oil-80w-90-gl-5-208l","status":"publish","type":"product","link":"https:\/\/www.lotky.fi\/kauppa\/tuote\/valvoline-heavy-duty-axle-oil-80w-90-gl-5-208l\/","title":{"rendered":"Valvoline Light &amp; Heavy Duty Axle Oil 80W-90, 208L"},"content":{"rendered":"<p>Valvoline Light &amp; Heavy Duty Axle Oil 80W-90 on mineraali\u00f6ljypohjainen ja soveltuu kuorma- ja linja-autojen tasauspy\u00f6r\u00e4st\u00f6ihin ja vaihteisto-\/vetopy\u00f6r\u00e4st\u00f6ihin, kun suosituksena on API GL-5 SAE 80W-90. Ei sovellu kitkalukolla varustettuihin vetopy\u00f6r\u00e4st\u00f6ihin (Limited Slip differentials). Voimakkaasti EP-lis\u00e4aineistettu akselisto\u00f6ljy, joka soveltuu vetopy\u00f6r\u00e4st\u00f6ihin ja -vaihteistoihin, joissa on suuret nopeudet, kuormat ja l\u00e4mp\u00f6tilat. Korkealaatuisista perus\u00f6ljyist\u00e4 ja lis\u00e4aineista valmistetut Valvolinen akselisto\u00f6ljyt tarjoavat erinomaista voimansiirtoa ja suojaa. Useille ajoneuvoille suunnatut akselisto\u00f6ljyt varmistavat akseliston sujuvan toiminnan erilaisissa l\u00e4mp\u00f6tilaolosuhteissa. Modernit lis\u00e4aineet toimivat suojana akseliston kulumista, korroosiota ja vaahtoamista vastaan.<\/p>\n<p>Luokitukset:<\/p>\n<p>API GL-5<br \/>\nZF TE-ML 07A, 08<\/p>\n","protected":false},"excerpt":{"rendered":"<p>Valvoline Light &amp; Heavy Duty Axle Oil 80W-90 on mineraali\u00f6ljypohjainen ja soveltuu kuorma- ja linja-autojen tasauspy\u00f6r\u00e4st\u00f6ihin ja vaihteisto-\/vetopy\u00f6r\u00e4st\u00f6ihin, kun suosituksena on API GL-5 SAE 80W-90. Ei sovellu kitkalukolla varustettuihin vetopy\u00f6r\u00e4st\u00f6ihin (Limited Slip differentials). Voimakkaasti EP-lis\u00e4aineistettu akselisto\u00f6ljy, joka soveltuu vetopy\u00f6r\u00e4st\u00f6ihin ja -vaihteistoihin, joissa on suuret nopeudet, kuormat ja l\u00e4mp\u00f6tilat. Korkealaatuisista perus\u00f6ljyist\u00e4 ja lis\u00e4aineista valmistetut Valvolinen akselisto\u00f6ljyt [&hellip;]<\/p>\n","protected":false},"featured_media":472,"template":"","meta":[],"product_brand":[],"product_cat":[24],"product_tag":[],"class_list":{"0":"post-519","1":"product","2":"type-product","3":"status-publish","4":"has-post-thumbnail","6":"product_cat-vaihteistooljyt","8":"first","9":"instock","10":"taxable","11":"shipping-taxable","12":"purchasable","13":"product-type-simple"},"_links":{"self":[{"href":"https:\/\/www.lotky.fi\/kauppa\/wp-json\/wp\/v2\/product\/519","targetHints":{"allow":["GET"]}}],"collection":[{"href":"https:\/\/www.lotky.fi\/kauppa\/wp-json\/wp\/v2\/product"}],"about":[{"href":"https:\/\/www.lotky.fi\/kauppa\/wp-json\/wp\/v2\/types\/product"}],"wp:featuredmedia":[{"embeddable":true,"href":"https:\/\/www.lotky.fi\/kauppa\/wp-json\/wp\/v2\/media\/472"}],"wp:attachment":[{"href":"https:\/\/www.lotky.fi\/kauppa\/wp-json\/wp\/v2\/media?parent=519"}],"wp:term":[{"taxonomy":"product_brand","embeddable":true,"href":"https:\/\/www.lotky.fi\/kauppa\/wp-json\/wp\/v2\/product_brand?post=519"},{"taxonomy":"product_cat","embeddable":true,"href":"https:\/\/www.lotky.fi\/kauppa\/wp-json\/wp\/v2\/product_cat?post=519"},{"taxonomy":"product_tag","embeddable":true,"href":"https:\/\/www.lotky.fi\/kauppa\/wp-json\/wp\/v2\/product_tag?post=519"}],"curies":[{"name":"wp","href":"https:\/\/api.w.org\/{rel}","templated":true}]}}