{"id":515,"date":"2016-06-17T12:46:42","date_gmt":"2016-06-17T09:46:42","guid":{"rendered":"http:\/\/www.lotky.fi\/kauppa\/?post_type=product&#038;p=515"},"modified":"2026-04-02T14:08:33","modified_gmt":"2026-04-02T11:08:33","slug":"valvoline-ultramax-hvlp-32-1000l","status":"publish","type":"product","link":"https:\/\/www.lotky.fi\/kauppa\/tuote\/valvoline-ultramax-hvlp-32-1000l\/","title":{"rendered":"Valvoline Hydraulic HVLP 68, 1000L"},"content":{"rendered":"<p>Valvoline Hydraulic HVLP 68 hydrauliikka\u00f6ljy\u00e4 k\u00e4ytet\u00e4\u00e4n sis\u00e4- ja ulkotiloissa vaativissa ja vaihtelevissa olosuhteissa. Korkea viskositeetti-indeksi, s\u00e4ilytt\u00e4\u00e4 ominaisuutensa eritt\u00e4in vaihtelevissa l\u00e4mp\u00f6tiloissa. Erinomainen kylm\u00e4juoksevuus. Lis\u00e4aineistus ehk\u00e4isee korroosiota, kulumista, \u00f6ljyn hapettumista ja vaahtoamista. <strong>Tehdastoimitus, 3-4 viikkoa, ei palautusoikeutta.<\/strong><\/p>\n<p>Luokitukset:<\/p>\n<p>ISO VG 68<br \/>\nDIN 51524 part 3<br \/>\nHVLP<\/p>\n","protected":false},"excerpt":{"rendered":"<p>Valvoline Hydraulic HVLP 68 hydrauliikka\u00f6ljy\u00e4 k\u00e4ytet\u00e4\u00e4n sis\u00e4- ja ulkotiloissa vaativissa ja vaihtelevissa olosuhteissa. Korkea viskositeetti-indeksi, s\u00e4ilytt\u00e4\u00e4 ominaisuutensa eritt\u00e4in vaihtelevissa l\u00e4mp\u00f6tiloissa. Erinomainen kylm\u00e4juoksevuus. Lis\u00e4aineistus ehk\u00e4isee korroosiota, kulumista, \u00f6ljyn hapettumista ja vaahtoamista. Tehdastoimitus, 3-4 viikkoa, ei palautusoikeutta.<\/p>\n","protected":false},"featured_media":432,"template":"","meta":[],"product_brand":[],"product_cat":[6],"product_tag":[],"class_list":{"0":"post-515","1":"product","2":"type-product","3":"status-publish","4":"has-post-thumbnail","6":"product_cat-hydrauliikkaoljyt","8":"first","9":"instock","10":"taxable","11":"shipping-taxable","12":"purchasable","13":"product-type-simple"},"_links":{"self":[{"href":"https:\/\/www.lotky.fi\/kauppa\/wp-json\/wp\/v2\/product\/515","targetHints":{"allow":["GET"]}}],"collection":[{"href":"https:\/\/www.lotky.fi\/kauppa\/wp-json\/wp\/v2\/product"}],"about":[{"href":"https:\/\/www.lotky.fi\/kauppa\/wp-json\/wp\/v2\/types\/product"}],"wp:featuredmedia":[{"embeddable":true,"href":"https:\/\/www.lotky.fi\/kauppa\/wp-json\/wp\/v2\/media\/432"}],"wp:attachment":[{"href":"https:\/\/www.lotky.fi\/kauppa\/wp-json\/wp\/v2\/media?parent=515"}],"wp:term":[{"taxonomy":"product_brand","embeddable":true,"href":"https:\/\/www.lotky.fi\/kauppa\/wp-json\/wp\/v2\/product_brand?post=515"},{"taxonomy":"product_cat","embeddable":true,"href":"https:\/\/www.lotky.fi\/kauppa\/wp-json\/wp\/v2\/product_cat?post=515"},{"taxonomy":"product_tag","embeddable":true,"href":"https:\/\/www.lotky.fi\/kauppa\/wp-json\/wp\/v2\/product_tag?post=515"}],"curies":[{"name":"wp","href":"https:\/\/api.w.org\/{rel}","templated":true}]}}